{"id":6029,"date":"2024-01-17T15:57:19","date_gmt":"2024-01-17T14:57:19","guid":{"rendered":"https:\/\/weprecious.com\/?post_type=product&#038;p=6029"},"modified":"2025-11-27T15:07:59","modified_gmt":"2025-11-27T14:07:59","slug":"double-heart-plate-ring-return-to-tiffany-t48","status":"publish","type":"product","link":"https:\/\/weprecious.com\/en\/boutique\/marques\/tiffany-co\/return-to-tiffany\/bague-double-plaque-coeur-return-to-tiffany-t48\/","title":{"rendered":"Bague Double Plaque Coeur Return To Tiffany Tiffany &amp; Co, T48"},"content":{"rendered":"<h4>Description : Bague Double Plaque Coeur Return To Tiffany Tiffany &amp; Co d&rsquo;occasion, T48 <\/h4>\n<p>Bague Return to Tiffany Double Coeur Tiffany &amp; Co d&rsquo;occasion en argent 925. Un anneau semi-bomb\u00e9 retenant deux charms motif coeur mobiles.<br \/>\nUn c\u0153ur porte sur une face l\u2019inscription \u00abPlease Return To TIFFANY &amp; Co. NEW YORK 925 \u00bb. Le second c\u0153ur a une face \u00e9maill\u00e9e de couleur turquoise (couleur de Tiffany). \u00c0 l\u2019int\u00e9rieur de l\u2019anneau on peut lire \u00a9TIFFANY &amp; Co.925.<\/p>\n<h4>Status<\/h4>\n<p><a href=\"https:\/\/weprecious.com\/en\/buying-guide\/\" target=\"_blank\" rel=\"noopener\">Category B Second Hand: Fairly good condition with some visible signs of use.<\/a>.<br \/>Bon \u00c9tat pour cette bague d&rsquo;occasion pour femme de la maison Tiffany &amp; Co. Le poli est excellent et brillant, seules quelques t\u00e2ches pr\u00e9sentes sur la couleur bleue du 2 \u00e9me coeur. <\/p>\n<h4>Details<\/h4>\n<p>. Silver 925\/1000<br \/>. Ring width: 2.8 mm <br \/>. Hearts: 9.6 x 9.6 mm <br \/>. Finger size: 48<br \/>. Weight : 4,54 gr<\/p>\n<h4>Packaging and certificates<\/h4>\n<p>. Original jewellery case.<br \/>\n. Original jewellery case.<br \/>. Certificate drawn up by our expert partner.<br \/>\n. All our jewellery is delivered to you with a weprecious Certificate of Expertise. This certificate bears a unique number corresponding to the unique certificate issued by our expert partner, Patrimoine Joaillerie. This certificate is digitised and made available to you after purchase.<\/p>\n<p>. Find out more about <a href=\"https:\/\/weprecious.com\/en\/buy-a-jewel\/\" target=\"_blank\" rel=\"noopener\">expertise <strong>weprecious<\/strong><\/a>.<\/p>\n<h4>Jewellery History<\/h4>\n<p>La collection Return to Tiffany est une des collections historiques et embl\u00e9matiques de la maison. Elle vient rappeler la puissance de l&rsquo;h\u00e9ritage New Yorkais de la maison Tiffany&amp;Co. Inspir\u00e9e du porte-clefs lanc\u00e9 en 1969, elle se d\u00e9cline en de multiples bijoux dont le coeur bleu aux couleurs uniques de Tiffany.<br \/>Find out more about the Jewellery House <a href=\"https:\/\/weprecious.com\/en\/bijoux-tiffany-co-occasion\/\" target=\"_blank\" rel=\"noopener\">Tiffany &amp; Co<\/a>.<\/p>\n<h4>More information<\/h4>\n<p>More inspiration on our accounts\u00a0<a href=\"https:\/\/www.pinterest.fr\/weprecious_bijoux\/\" target=\"_blank\" rel=\"noopener nofollow\">Pinterest<\/a>\u00a0and\u00a0<a href=\"https:\/\/www.instagram.com\/weprecious_fr\/\" target=\"_blank\" rel=\"noopener nofollow\">Instagram<\/a><\/p>","protected":false},"excerpt":{"rendered":"<p>Return to Tiffany ring, by Tiffany &amp; Co, signed second hand in 925\/1000 silver, with two mobile charms in a heart motif.<\/p>\n<p>Two hearts: one engraved with the famous Return to Tiffany and the second in blue enamel, the signature colour of Tiffany and Co.<\/p>\n<p>A double-hearted ring to remind you of the one in your heart...<\/p>","protected":false},"featured_media":6012,"template":"","meta":{"_acf_changed":false,"_angie_page":false,"_joinchat":[]},"product_brand":[],"product_cat":[23,301,126],"product_tag":[186],"class_list":{"0":"post-6029","1":"product","2":"type-product","3":"status-publish","4":"has-post-thumbnail","6":"product_cat-bagues","7":"product_cat-return-to-tiffany","8":"product_cat-tiffany-co","9":"product_tag-bague","10":"pa_etat-categorie-b-bon-etat","11":"pa_marque-tiffanyco","12":"pa_metal-argent","13":"pa_pierre-aucune","14":"pa_taille-29","16":"first","17":"outofstock","18":"sold-individually","19":"purchasable","20":"product-type-simple"},"acf":[],"_links":{"self":[{"href":"https:\/\/weprecious.com\/en\/wp-json\/wp\/v2\/product\/6029","targetHints":{"allow":["GET"]}}],"collection":[{"href":"https:\/\/weprecious.com\/en\/wp-json\/wp\/v2\/product"}],"about":[{"href":"https:\/\/weprecious.com\/en\/wp-json\/wp\/v2\/types\/product"}],"version-history":[{"count":0,"href":"https:\/\/weprecious.com\/en\/wp-json\/wp\/v2\/product\/6029\/revisions"}],"wp:featuredmedia":[{"embeddable":true,"href":"https:\/\/weprecious.com\/en\/wp-json\/wp\/v2\/media\/6012"}],"wp:attachment":[{"href":"https:\/\/weprecious.com\/en\/wp-json\/wp\/v2\/media?parent=6029"}],"wp:term":[{"taxonomy":"product_brand","embeddable":true,"href":"https:\/\/weprecious.com\/en\/wp-json\/wp\/v2\/product_brand?post=6029"},{"taxonomy":"product_cat","embeddable":true,"href":"https:\/\/weprecious.com\/en\/wp-json\/wp\/v2\/product_cat?post=6029"},{"taxonomy":"product_tag","embeddable":true,"href":"https:\/\/weprecious.com\/en\/wp-json\/wp\/v2\/product_tag?post=6029"}],"curies":[{"name":"wp","href":"https:\/\/api.w.org\/{rel}","templated":true}]}}