{"id":5104,"date":"2023-09-05T19:27:43","date_gmt":"2023-09-05T17:27:43","guid":{"rendered":"https:\/\/weprecious.com\/?post_type=product&#038;p=5104"},"modified":"2026-03-28T12:34:18","modified_gmt":"2026-03-28T11:34:18","slug":"collier-menottes-r15-et-perles-dinh-van","status":"publish","type":"product","link":"https:\/\/weprecious.com\/en\/boutique\/marques\/dinh-van\/menottes\/collier-menottes-r15-et-perles-dinh-van\/","title":{"rendered":"Dinh Van Menottes R15 pearls necklace"},"content":{"rendered":"<h4>Description : Collier Menottes R15 et perles Dinh Van d&rsquo;occasion <\/h4>\n<p>Collier Menottes R15 Dinh Van de seconde main en or jaune 750\/1000 (18k) et perles. Collier de perles avec motif de menottes R15. 88 perles de diam\u00e8tre 9,5 mm termin\u00e9e par un fermoir moderne et iconique : les menottes R15 de Dinh Van.<\/p>\n<h4>Status<\/h4>\n<p><a href=\"https:\/\/weprecious.com\/en\/buying-guide\/\" target=\"_blank\" rel=\"noopener\">Second Hand Grade A: Excellent condition with few visible signs of use<\/a>.<br \/>Very good condition: this jewel has been carefully cleaned by a professional jeweller and repackaged. <\/p>\n<h4>Details<\/h4>\n<p>. 750\/1000 (18K) yellow gold<br \/>. 88 Perles de 9,5 mm<br \/>. Longueur 87 cm<br \/>. Poids : 104 gr<\/p>\n<h4>Packaging and certificates<\/h4>\n<p>. Discreetly signed weprecious box or pouch.<br \/>. Certificate drawn up by our expert partner.<br \/>\n. All our jewellery is delivered to you with a weprecious Certificate of Expertise. This certificate bears a unique number corresponding to the unique certificate issued by our expert partner, Patrimoine Joaillerie. This certificate is digitised and made available to you after purchase.<\/p>\n<p>. Find out more about <a href=\"https:\/\/weprecious.com\/en\/buy-a-jewel\/\" target=\"_blank\" rel=\"noopener\">expertise <strong>weprecious<\/strong><\/a>.<\/p>\n<h4>Jewellery History<\/h4>\n<p>Dinh Van fait d&rsquo;un simple fermoir le motif principal de ses bijoux : les collections Menottes ou Serrure en sont les meilleurs illustrations. Menottes s&rsquo;inspire du quotidien, un porte-cl\u00e9s et en fait le centre d\u2019une collection devenue embl\u00e9matique de Dinh Van, d\u00e9clin\u00e9e en de nombreuses formes et mod\u00e8les.<br \/>Find out more about the Jewellery House <a href=\"https:\/\/weprecious.com\/en\/used-dinh-van-jewellery\/\" target=\"_blank\" rel=\"noopener\">Dinh Van<\/a>.<\/p>\n<h4>More information<\/h4>\n<p>More inspiration on our accounts\u00a0<a href=\"https:\/\/www.pinterest.fr\/weprecious_bijoux\/\" target=\"_blank\" rel=\"noopener nofollow\">Pinterest<\/a>\u00a0and\u00a0<a href=\"https:\/\/www.instagram.com\/weprecious_fr\/\" target=\"_blank\" rel=\"noopener nofollow\">Instagram<\/a><\/p>","protected":false},"excerpt":{"rendered":"<p>Collier Menottes R15 et perles Dinh Van de seconde main : 88 perles de diam\u00e8tre 9,5 mm termin\u00e9e par un fermoir moderne et iconique : les menottes R15 de Dinh Van.<\/p>\n<p>La modernit\u00e9 de Dinh Van sur un sautoir en perles \u00e9clatantes.<\/p>\n<p>Sortez du rang ! Portez ce sautoir avec un jean ou une robe du soir.<\/p>","protected":false},"featured_media":5121,"template":"","meta":{"_acf_changed":false,"_angie_page":false,"_joinchat":[]},"product_brand":[],"product_cat":[24,123,170],"product_tag":[468,140,499],"class_list":{"0":"post-5104","1":"product","2":"type-product","3":"status-publish","4":"has-post-thumbnail","6":"product_cat-colliers-pendentifs","7":"product_cat-dinh-van","8":"product_cat-menottes","9":"product_tag-catalogue","10":"product_tag-collier","11":"product_tag-pepite","12":"pa_etat-categorie-a-excellent-etat","13":"pa_marque-dinh-van","14":"pa_metal-or-jaune","15":"pa_pierre-perle","16":"pa_taille-15-mm","18":"first","19":"instock","20":"sold-individually","21":"purchasable","22":"product-type-simple"},"acf":[],"_links":{"self":[{"href":"https:\/\/weprecious.com\/en\/wp-json\/wp\/v2\/product\/5104","targetHints":{"allow":["GET"]}}],"collection":[{"href":"https:\/\/weprecious.com\/en\/wp-json\/wp\/v2\/product"}],"about":[{"href":"https:\/\/weprecious.com\/en\/wp-json\/wp\/v2\/types\/product"}],"version-history":[{"count":0,"href":"https:\/\/weprecious.com\/en\/wp-json\/wp\/v2\/product\/5104\/revisions"}],"wp:featuredmedia":[{"embeddable":true,"href":"https:\/\/weprecious.com\/en\/wp-json\/wp\/v2\/media\/5121"}],"wp:attachment":[{"href":"https:\/\/weprecious.com\/en\/wp-json\/wp\/v2\/media?parent=5104"}],"wp:term":[{"taxonomy":"product_brand","embeddable":true,"href":"https:\/\/weprecious.com\/en\/wp-json\/wp\/v2\/product_brand?post=5104"},{"taxonomy":"product_cat","embeddable":true,"href":"https:\/\/weprecious.com\/en\/wp-json\/wp\/v2\/product_cat?post=5104"},{"taxonomy":"product_tag","embeddable":true,"href":"https:\/\/weprecious.com\/en\/wp-json\/wp\/v2\/product_tag?post=5104"}],"curies":[{"name":"wp","href":"https:\/\/api.w.org\/{rel}","templated":true}]}}