{"id":4409,"date":"2023-07-26T09:56:04","date_gmt":"2023-07-26T07:56:04","guid":{"rendered":"https:\/\/weprecious.com\/?post_type=product&#038;p=4409"},"modified":"2026-04-13T10:50:35","modified_gmt":"2026-04-13T08:50:35","slug":"bean-pendant-by-elsa-peretti-tiffany-and-co","status":"publish","type":"product","link":"https:\/\/weprecious.com\/en\/boutique\/marques\/tiffany-co\/bean\/pendentif-bean-par-elsa-peretti-tiffany-and-co\/","title":{"rendered":"Pendentif Bean par Elsa Peretti Tiffany &amp; Co"},"content":{"rendered":"<h4>Description : Pendentif Bean par Elsa Peretti Tiffany &amp; Co d&rsquo;occasion<\/h4>\n<p>Pendentif Bean Tiffany &amp; Co d&rsquo;occasion en argent 925 reprenant la forme d\u2019un haricot bomb\u00e9 coulissant sur une chaine maille jaseron fine, en argent. Le haricot seul mesure environ 1,8 cm et la cha\u00eene mesure environ 40 cm.<br \/>\nLe haricot a un polissage brillant et est sign\u00e9 Tiffany &amp; Co et Elsa Peretti.<\/p>\n<h4>Status<\/h4>\n<p><a href=\"https:\/\/weprecious.com\/en\/buying-guide\/\" target=\"_blank\" rel=\"noopener\">Second Hand Renovated: Excellent condition with little or no visible signs of use<\/a>.<br \/>\nExcellent condition: this pendant has been polished to a perfect finish<\/p>\n<h4>Details<\/h4>\n<p>. Silver 925\/1000<br \/>\n. Pattern size: 18 mm<br \/>\n. Chain length: 45 mm<br \/>\n. Weight : 6,2 gr<\/p>\n<h4>Packaging and certificates<\/h4>\n<p>. Original jewellery case.<br \/>\n. Original jewellery case.<br \/>\n. Certificate drawn up by our expert partner.<br \/>\n. All our jewellery is delivered to you with a weprecious Certificate of Expertise. This certificate bears a unique number corresponding to the unique certificate issued by our expert partner, Patrimoine Joaillerie. This certificate is digitised and made available to you after purchase.<\/p>\n<p>. Find out more about <a href=\"https:\/\/weprecious.com\/en\/buy-a-jewel\/\" target=\"_blank\" rel=\"noopener\">expertise <strong>weprecious<\/strong><\/a>.<\/p>\n<h4>Jewellery History<\/h4>\n<p>Le motif \u00ab\u00a0Bean\u00a0\u00bb dessin\u00e9 par Elsa Peretti pour Tiffany &amp; Co symbolise la beaut\u00e9 naturelle de la graine de haricot, si simple mais qui symbolise la vie et la beaut\u00e9 de la nature. Le talent d\u2019Elsa Peretti s\u2019exprime \u00e0 travers des objets irr\u00e9sistiblement sculpturaux. Un hommage \u00e0 la beaut\u00e9 intrins\u00e8que de la nature. Cr\u00e9ation Bean design originale, tous droits r\u00e9serv\u00e9s \u00e0 Elsa Peretti<br \/>\nFind out more about the Jewellery House <a href=\"https:\/\/weprecious.com\/en\/bijoux-tiffany-co-occasion\/\" target=\"_blank\" rel=\"noopener\">Tiffany &amp; Co<\/a>.<\/p>\n<h4>More information<\/h4>\n<p>More inspiration on our accounts\u00a0<a href=\"https:\/\/www.pinterest.fr\/weprecious_bijoux\/\" target=\"_blank\" rel=\"noopener nofollow\">Pinterest<\/a>\u00a0and\u00a0<a href=\"https:\/\/www.instagram.com\/weprecious_fr\/\" target=\"_blank\" rel=\"noopener nofollow\">Instagram<\/a><\/p>","protected":false},"excerpt":{"rendered":"<p>Pendentif Bean Tiffany &amp; Co de seconde main en argent 925\/1000 dessin\u00e9 par Elsa Peretti. Le motif en forme de p\u00e9pite ou haricot est gliss\u00e9 sur une cha\u00eene argent maille for\u00e7at.<\/p>\n<p>Le motif \u00ab\u00a0Bean\u00a0\u00bb est \u00e0 la fois une ode au design le plus pur et un hommage \u00e0 la nature : simplicit\u00e9 de la forme, \u00e9l\u00e9gance naturelle, beaut\u00e9 de la nature. Sign\u00e9 Tiffany &amp; Co et Elsa Peretti.<\/p>\n<p>So simple yet so chic, once it's around your neck you'll never want to take it off.<\/p>","protected":false},"featured_media":4605,"template":"","meta":{"_acf_changed":false,"_angie_page":false,"_joinchat":[]},"product_brand":[],"product_cat":[216,24,126],"product_tag":[468,441,137,499],"class_list":{"0":"post-4409","1":"product","2":"type-product","3":"status-publish","4":"has-post-thumbnail","6":"product_cat-bean","7":"product_cat-colliers-pendentifs","8":"product_cat-tiffany-co","9":"product_tag-catalogue","10":"product_tag-selection-2025","11":"product_tag-pendentif","12":"product_tag-pepite","13":"pa_etat-categorie-a-renove-excellent-etat","14":"pa_marque-tiffanyco","15":"pa_metal-argent","16":"pa_pierre-aucune","17":"pa_taille-45-cm","19":"first","20":"outofstock","21":"sold-individually","22":"purchasable","23":"product-type-simple"},"acf":[],"_links":{"self":[{"href":"https:\/\/weprecious.com\/en\/wp-json\/wp\/v2\/product\/4409","targetHints":{"allow":["GET"]}}],"collection":[{"href":"https:\/\/weprecious.com\/en\/wp-json\/wp\/v2\/product"}],"about":[{"href":"https:\/\/weprecious.com\/en\/wp-json\/wp\/v2\/types\/product"}],"version-history":[{"count":0,"href":"https:\/\/weprecious.com\/en\/wp-json\/wp\/v2\/product\/4409\/revisions"}],"wp:featuredmedia":[{"embeddable":true,"href":"https:\/\/weprecious.com\/en\/wp-json\/wp\/v2\/media\/4605"}],"wp:attachment":[{"href":"https:\/\/weprecious.com\/en\/wp-json\/wp\/v2\/media?parent=4409"}],"wp:term":[{"taxonomy":"product_brand","embeddable":true,"href":"https:\/\/weprecious.com\/en\/wp-json\/wp\/v2\/product_brand?post=4409"},{"taxonomy":"product_cat","embeddable":true,"href":"https:\/\/weprecious.com\/en\/wp-json\/wp\/v2\/product_cat?post=4409"},{"taxonomy":"product_tag","embeddable":true,"href":"https:\/\/weprecious.com\/en\/wp-json\/wp\/v2\/product_tag?post=4409"}],"curies":[{"name":"wp","href":"https:\/\/api.w.org\/{rel}","templated":true}]}}