{"id":4408,"date":"2023-07-14T22:56:04","date_gmt":"2023-07-14T20:56:04","guid":{"rendered":"https:\/\/weprecious.com\/?post_type=product&#038;p=4408"},"modified":"2025-11-27T15:08:25","modified_gmt":"2025-11-27T14:08:25","slug":"pendentif-icon-gucci","status":"publish","type":"product","link":"https:\/\/weprecious.com\/en\/boutique\/marques\/gucci\/icon\/pendentif-icon-gucci\/","title":{"rendered":"Icon Gucci pendant"},"content":{"rendered":"<h4>Description : Pendentif Icon Gucci d&rsquo;occasion <\/h4>\n<p>Collier Gucci en or blanc 750\/1000 \/ 18 K de la collection Icon compos\u00e9 d&rsquo;une cha\u00eene en or blanc maille for\u00e7at que retient un anneau cylindrique large grav\u00e9 du GG entrelac\u00e9 de Gucci et parsem\u00e9 de diamants.<br \/>\n\u00c0 savoir: Ce pendentif n&rsquo;\u00e9tant plus au catalogue, vous ne la trouverez plus en magasin. Ici nous vous proposons un bijou pour femme d&rsquo;occasion en excellent \u00e9tat disponible imm\u00e9diatement, certifi\u00e9 authentique par notre expert partenaire.<\/p>\n<h4>Status<\/h4>\n<p><a href=\"https:\/\/weprecious.com\/en\/buying-guide\/\" target=\"_blank\" rel=\"noopener\">Category A: Excellent condition.<\/a>.<br \/>Second-hand jewellery in excellent condition with no particular defects Each piece of jewellery is carefully checked, cleaned by our workshop and repackaged before dispatch. <\/p>\n<h4>Details<\/h4>\n<p>. 750\/1000 (18K) white gold<br \/>. 6 diamants taille brillant<br \/>. Taille motif 8 mm x 10 mm<br \/>. Poids : 9,0 gr<\/p>\n<h4>Packaging and certificates<\/h4>\n<p>. Discreetly signed weprecious box or pouch.<\/p>\n<p>. All our jewellery is delivered to you with a weprecious Certificate of Expertise. This certificate bears a unique number corresponding to the unique certificate issued by our expert partner, Patrimoine Joaillerie. This certificate is digitised and made available to you after purchase.<\/p>\n<p>. Find out more about <a href=\"https:\/\/weprecious.com\/en\/buy-a-jewel\/\" target=\"_blank\" rel=\"noopener\">expertise <strong>weprecious<\/strong><\/a>.<\/p>\n<h4>Jewellery History<\/h4>\n<p>Originaire de Florence, la maison Gucci cr\u00e9\u00e9e en 1921 s\u2019est fait conna\u00eetre gr\u00e2ce \u00e0 un foulard cr\u00e9\u00e9 pour Grace Kelly. Initialement sp\u00e9cialis\u00e9e dans le bagage de luxe, Gucci a inaugur\u00e9 sa branche joaillerie en 2019 en s\u2019installant place Vend\u00f4me. \u201cStyle d\u00e9cal\u00e9 \u00e0 l\u2019esprit maximaliste\u201d est la signature de cette maison qui marque les esprits pour ses couleurs nationales : vert et rouge.<br \/>Find out more about the Jewellery House <a href=\"https:\/\/weprecious.com\/en\/pre-owned-gucci-jewellery\/\" target=\"_blank\" rel=\"noopener\">Gucci<\/a>.<\/p>\n<h4>More information<\/h4>\n<p>More inspiration on our accounts\u00a0<a href=\"https:\/\/www.pinterest.fr\/weprecious_bijoux\/\" target=\"_blank\" rel=\"noopener nofollow\">Pinterest<\/a>\u00a0and\u00a0<a href=\"https:\/\/www.instagram.com\/weprecious_fr\/\" target=\"_blank\" rel=\"noopener nofollow\">Instagram<\/a><\/p>","protected":false},"excerpt":{"rendered":"<p>Collier en or blanc 18 carats (750\/1000), de seconde main, de la collection Icon. La cha\u00eene retient un anneau cylindrique grav\u00e9 des motifs GG espac\u00e9s et parsem\u00e9 de 6 diamants ronds de taille brillants.<\/p>\n<p>Un design simple, contemporain, avec le cylindre sign\u00e9 gliss\u00e9 dans la chaine.<\/p>\n<p>Divine ic\u00f4ne, sign\u00e9e Gucci.<\/p>","protected":false},"featured_media":4621,"template":"","meta":{"_acf_changed":false,"_angie_page":false,"_joinchat":[]},"product_brand":[],"product_cat":[24,214,215,348],"product_tag":[468,412,477,137],"class_list":{"0":"post-4408","1":"product","2":"type-product","3":"status-publish","4":"has-post-thumbnail","6":"product_cat-colliers-pendentifs","7":"product_cat-gucci","8":"product_cat-icon","9":"product_cat-nouveaute","10":"product_tag-catalogue","11":"product_tag-exclusivite","12":"product_tag-nouveaute","13":"product_tag-pendentif","14":"pa_etat-categorie-a-excellent-etat","15":"pa_marque-gucci","16":"pa_metal-or-blanc","17":"pa_pierre-diamant","18":"pa_taille-42-cm","20":"first","21":"outofstock","22":"sold-individually","23":"purchasable","24":"product-type-simple"},"acf":[],"_links":{"self":[{"href":"https:\/\/weprecious.com\/en\/wp-json\/wp\/v2\/product\/4408","targetHints":{"allow":["GET"]}}],"collection":[{"href":"https:\/\/weprecious.com\/en\/wp-json\/wp\/v2\/product"}],"about":[{"href":"https:\/\/weprecious.com\/en\/wp-json\/wp\/v2\/types\/product"}],"version-history":[{"count":0,"href":"https:\/\/weprecious.com\/en\/wp-json\/wp\/v2\/product\/4408\/revisions"}],"wp:featuredmedia":[{"embeddable":true,"href":"https:\/\/weprecious.com\/en\/wp-json\/wp\/v2\/media\/4621"}],"wp:attachment":[{"href":"https:\/\/weprecious.com\/en\/wp-json\/wp\/v2\/media?parent=4408"}],"wp:term":[{"taxonomy":"product_brand","embeddable":true,"href":"https:\/\/weprecious.com\/en\/wp-json\/wp\/v2\/product_brand?post=4408"},{"taxonomy":"product_cat","embeddable":true,"href":"https:\/\/weprecious.com\/en\/wp-json\/wp\/v2\/product_cat?post=4408"},{"taxonomy":"product_tag","embeddable":true,"href":"https:\/\/weprecious.com\/en\/wp-json\/wp\/v2\/product_tag?post=4408"}],"curies":[{"name":"wp","href":"https:\/\/api.w.org\/{rel}","templated":true}]}}