{"id":4317,"date":"2023-07-24T10:41:42","date_gmt":"2023-07-24T08:41:42","guid":{"rendered":"https:\/\/weprecious.com\/?post_type=product&#038;p=4317"},"modified":"2025-11-27T15:08:41","modified_gmt":"2025-11-27T14:08:41","slug":"meli-melo-ring-t50-cartier","status":"publish","type":"product","link":"https:\/\/weprecious.com\/en\/boutique\/marques\/cartier\/meli-melo\/bague-meli-melo-t50-cartier\/","title":{"rendered":"M\u00e9li M\u00e9lo Cartier ring, T50"},"content":{"rendered":"<h4>Description: Used M\u00e9li M\u00e9lo Cartier ring, T50 <\/h4>\n<p>Cartier ring in platinum, \"M\u00e9li M\u00e9lo\" model The ring features alternating pink and transparent stones. There are 3 pink stones and 3 transparent stones.<br \/>\nPlease note As this ring is no longer in our catalogue, you will no longer find it in our shops. Here we offer you a second-hand women's jewellery item in excellent condition, available immediately and certified authentic by our expert partner.<\/p>\n<h4>Status<\/h4>\n<p><a href=\"https:\/\/weprecious.com\/en\/buying-guide\/\" target=\"_blank\" rel=\"noopener\">Category A Renovated: Excellent condition.<\/a>.<br \/>Jewellery polished or renovated by our workshop for a perfect finish and sparkle. Each piece of jewellery is carefully checked, cleaned by our workshop and repackaged before shipping. <\/p>\n<h4>Details<\/h4>\n<p>. Platinum 950\/1000<br \/>. 3 Oval and pear-shaped pink sapphires<br \/>\n. 3 round brilliant-cut diamonds<br \/>. Pattern length: 18.3 mm<br \/>. Width 8.7mm<br \/>\n<br \/>. Finger size: 50<br \/>. Weight : 5,6 gr<\/p>\n<h4>Packaging and certificates<\/h4>\n<p>. Original jewellery box.<\/p>\n<p>. All our jewellery is delivered to you with a weprecious Certificate of Expertise. This certificate bears a unique number corresponding to the unique certificate issued by our expert partner, Patrimoine Joaillerie. This certificate is digitised and made available to you after purchase.<\/p>\n<p>. Find out more about <a href=\"https:\/\/weprecious.com\/en\/buy-a-jewel\/\" target=\"_blank\" rel=\"noopener\">expertise <strong>weprecious<\/strong><\/a>.<\/p>\n<h4>Jewellery History<\/h4>\n<p>\"A piece of jewellery must be as beautiful upside down as it is right side up\". Echoing the Tutti Frutti style launched by Cartier in the 1930s, M\u00e9li M\u00e9lo mixes sapphires and diamonds in plant-like compositions. With a variety of stone sizes and controlled asymmetries, the stones clinging to imperceptible platinum branches appear to be suspended on the skin.<br \/>Find out more about the Jewellery House <a href=\"https:\/\/weprecious.com\/en\/used-cartier-jewellery\/\" target=\"_blank\" rel=\"noopener\">Cartier<\/a>.<\/p>\n<h4>More information<\/h4>\n<p>More inspiration on our accounts\u00a0<a href=\"https:\/\/www.pinterest.fr\/weprecious_bijoux\/\" target=\"_blank\" rel=\"noopener nofollow\">Pinterest<\/a>\u00a0and\u00a0<a href=\"https:\/\/www.instagram.com\/weprecious_fr\/\" target=\"_blank\" rel=\"noopener nofollow\">Instagram<\/a><\/p>","protected":false},"excerpt":{"rendered":"<p>Cartier M\u00e9li M\u00e9lo ring in platinum PT950, set with three pink sapphires and diamonds.<\/p>\n<p>A ring like a bouquet of flowers, combining precious stones and metals. Signed and numbered.<\/p>\n<p>An explosion of flowers on your finger, modern and playful, the M\u00e9li M\u00e9lo rings by Cartier can be worn alone or in a group, interlocked.<\/p>","protected":false},"featured_media":4528,"template":"","meta":{"_acf_changed":false,"_angie_page":false,"_joinchat":[]},"product_brand":[],"product_cat":[23,76,207,348],"product_tag":[468,412,477,499],"class_list":{"0":"post-4317","1":"product","2":"type-product","3":"status-publish","4":"has-post-thumbnail","6":"product_cat-bagues","7":"product_cat-cartier","8":"product_cat-meli-melo","9":"product_cat-nouveaute","10":"product_tag-catalogue","11":"product_tag-exclusivite","12":"product_tag-nouveaute","13":"product_tag-pepite","14":"pa_etat-categorie-a-renove-excellent-etat","15":"pa_marque-cartier","16":"pa_metal-platine","17":"pa_pierre-diamant","18":"pa_pierre-saphir-rose","19":"pa_taille-31","21":"first","22":"outofstock","23":"sold-individually","24":"purchasable","25":"product-type-simple"},"acf":[],"_links":{"self":[{"href":"https:\/\/weprecious.com\/en\/wp-json\/wp\/v2\/product\/4317","targetHints":{"allow":["GET"]}}],"collection":[{"href":"https:\/\/weprecious.com\/en\/wp-json\/wp\/v2\/product"}],"about":[{"href":"https:\/\/weprecious.com\/en\/wp-json\/wp\/v2\/types\/product"}],"version-history":[{"count":0,"href":"https:\/\/weprecious.com\/en\/wp-json\/wp\/v2\/product\/4317\/revisions"}],"wp:featuredmedia":[{"embeddable":true,"href":"https:\/\/weprecious.com\/en\/wp-json\/wp\/v2\/media\/4528"}],"wp:attachment":[{"href":"https:\/\/weprecious.com\/en\/wp-json\/wp\/v2\/media?parent=4317"}],"wp:term":[{"taxonomy":"product_brand","embeddable":true,"href":"https:\/\/weprecious.com\/en\/wp-json\/wp\/v2\/product_brand?post=4317"},{"taxonomy":"product_cat","embeddable":true,"href":"https:\/\/weprecious.com\/en\/wp-json\/wp\/v2\/product_cat?post=4317"},{"taxonomy":"product_tag","embeddable":true,"href":"https:\/\/weprecious.com\/en\/wp-json\/wp\/v2\/product_tag?post=4317"}],"curies":[{"name":"wp","href":"https:\/\/api.w.org\/{rel}","templated":true}]}}