{"id":2630,"date":"2023-02-15T09:55:30","date_gmt":"2023-02-15T08:55:30","guid":{"rendered":"https:\/\/www.veryprecieuse.com\/?post_type=product&#038;p=2630"},"modified":"2025-07-02T12:32:57","modified_gmt":"2025-07-02T10:32:57","slug":"move-uno-messika-bracelet","status":"publish","type":"product","link":"https:\/\/weprecious.com\/en\/boutique\/marques\/messika\/move\/bracelet-move-uno-messika\/","title":{"rendered":"Move Uno Messika bracelet"},"content":{"rendered":"<h4>Description of the jewel<\/h4>\n<p>Bracelet en or blanc un motif rectangle arrondi, et en son centre un diamant mobile, et mont\u00e9 sur une cha\u00eene avec 2 oeillets de part et d&rsquo;autres du motif.<\/p>\n<h4>Status<\/h4>\n<p>Condition of the jewel: <a href=\"https:\/\/weprecious.com\/en\/buying-guide\/\" target=\"_blank\" rel=\"noopener\">Category AB Second Hand<\/a>. Second hand category B. Good condition, will be polished before shipping. <\/p>\n<h4>Details<\/h4>\n<p>. 750\/1000 (18K) white gold<br \/>. Diamants: 3 pierres<br \/>. Longueur cha\u00eene 18 cm (5 anneaux de fermeture), taille motif: 13,5 mm x 5mm<br \/>. Weight : 5 gr<\/p>\n<h4>Packaging and certificates<\/h4>\n<p>. New unmarked case<br \/>\n. Certificate of expertise issued by our expert partner.<\/p>\n<h4>Jewellery Creation<\/h4>","protected":false},"excerpt":{"rendered":"<p>Bracelet Move Uno de Messika en or blanc 18 carats avec au sein du motif, un diamant qui bouge au gr\u00e9 de vos mouvements.<\/p>\n<p> Un design modern et signature de la maison Messika, enti\u00e8rement r\u00e9alis\u00e9 \u00e0 la main. Peut se porter seul ou en accumulation. <\/p>\n<p>Un nouveau classique de la joaillerie par Messika.<\/p>","protected":false},"featured_media":2620,"template":"","meta":{"_acf_changed":false,"_angie_page":false,"_joinchat":[]},"product_brand":[],"product_cat":[25,119,120],"product_tag":[],"class_list":{"0":"post-2630","1":"product","2":"type-product","3":"status-publish","4":"has-post-thumbnail","6":"product_cat-bracelets","7":"product_cat-messika","8":"product_cat-move","9":"pa_boite-boite-sans-marquage","10":"pa_certificat-certificat-dauthenticite-weprecious","11":"pa_marque-messika","12":"pa_metal-or-blanc","13":"pa_pierre-diamant","15":"first","16":"outofstock","17":"sold-individually","18":"purchasable","19":"product-type-simple"},"acf":[],"_links":{"self":[{"href":"https:\/\/weprecious.com\/en\/wp-json\/wp\/v2\/product\/2630","targetHints":{"allow":["GET"]}}],"collection":[{"href":"https:\/\/weprecious.com\/en\/wp-json\/wp\/v2\/product"}],"about":[{"href":"https:\/\/weprecious.com\/en\/wp-json\/wp\/v2\/types\/product"}],"version-history":[{"count":0,"href":"https:\/\/weprecious.com\/en\/wp-json\/wp\/v2\/product\/2630\/revisions"}],"wp:featuredmedia":[{"embeddable":true,"href":"https:\/\/weprecious.com\/en\/wp-json\/wp\/v2\/media\/2620"}],"wp:attachment":[{"href":"https:\/\/weprecious.com\/en\/wp-json\/wp\/v2\/media?parent=2630"}],"wp:term":[{"taxonomy":"product_brand","embeddable":true,"href":"https:\/\/weprecious.com\/en\/wp-json\/wp\/v2\/product_brand?post=2630"},{"taxonomy":"product_cat","embeddable":true,"href":"https:\/\/weprecious.com\/en\/wp-json\/wp\/v2\/product_cat?post=2630"},{"taxonomy":"product_tag","embeddable":true,"href":"https:\/\/weprecious.com\/en\/wp-json\/wp\/v2\/product_tag?post=2630"}],"curies":[{"name":"wp","href":"https:\/\/api.w.org\/{rel}","templated":true}]}}