{"id":22758,"date":"2026-03-25T18:30:23","date_gmt":"2026-03-25T17:30:23","guid":{"rendered":"https:\/\/weprecious.com\/?post_type=product&#038;p=22758"},"modified":"2026-04-15T11:00:23","modified_gmt":"2026-04-15T09:00:23","slug":"bague-lucea-bulgari-t52","status":"publish","type":"product","link":"https:\/\/weprecious.com\/en\/boutique\/marques\/bulgari\/lucea\/bague-lucea-bulgari-t52\/","title":{"rendered":"Bague Lucea Bulgari, T52"},"content":{"rendered":"<h4>Description : Bague Lucea Bulgari d&rsquo;occasion, T52<\/h4>\n<p>Bague Lucea Bulgari GM d&rsquo;occasion en or blanc 750\/1000 (18K) et diamants. Ce bijou alterne cinq motifs carr\u00e9s pav\u00e9s de diamants taille brillant et des motifs ronds bomb\u00e9s en or blanc sur trois rang\u00e9es. L\u2019ensemble repose sur une monture ajour\u00e9e. Tour de doigt : 52. Bijou sign\u00e9 Bulgari.<\/p>\n<h4>Status<\/h4>\n<p><a href=\"https:\/\/weprecious.com\/en\/buying-guide\/\" target=\"_blank\" rel=\"noopener\">Category AB: Very Good Condition.<\/a>.<br \/>\nSecond-hand jewellery in very good condition: with a patina, but no particular defects Each piece of jewellery is carefully checked, cleaned by our workshop and repackaged before dispatch.<\/p>\n<h4>Details<\/h4>\n<p>. 750\/1000 (18K) white gold<br \/>\n. 5 motifs pav\u00e9s de 4 diamants taille brillant plac\u00e9s en damier.<br \/>\n. Tour de doigt : 51\/52<br \/>\n. Largeur : 16 mm<br \/>\n. Weight : nc<\/p>\n<h4>Packaging and certificates<\/h4>\n<p>. All our jewellery is delivered to you with a weprecious Certificate of Expertise. This certificate bears a unique number corresponding to the unique certificate issued by our expert partner, Patrimoine Joaillerie. This certificate is digitised and made available to you after purchase.<\/p>\n<p>. Find out more about <a href=\"https:\/\/weprecious.com\/en\/buy-a-jewel\/\" target=\"_blank\" rel=\"noopener\">expertise <strong>weprecious<\/strong><\/a>.<\/p>\n<h4>Jewellery History<\/h4>\n<p>Fond\u00e9e \u00e0 Rome en 1884, la Maison Bulgari est c\u00e9l\u00e8bre pour ses cr\u00e9ations joailli\u00e8res audacieuses et raffin\u00e9es. Reconnue pour son style italien unique, elle allie design architectural, pierres pr\u00e9cieuses color\u00e9es et savoir-faire exceptionnel, faisant de chaque bijou un v\u00e9ritable embl\u00e8me de luxe.<br \/>\nFind out more about the Jewellery House <a href=\"https:\/\/weprecious.com\/en\/second-hand-bulgari-jewellery\/\" target=\"_blank\" rel=\"noopener\">Bulgari<\/a>.<\/p>\n<h4>More information<\/h4>\n<p>More inspiration on our accounts\u00a0<a href=\"https:\/\/www.pinterest.fr\/weprecious_bijoux\/\" target=\"_blank\" rel=\"noopener nofollow\">Pinterest<\/a>\u00a0and\u00a0<a href=\"https:\/\/www.instagram.com\/weprecious_fr\/\" target=\"_blank\" rel=\"noopener nofollow\">Instagram<\/a><\/p>","protected":false},"excerpt":{"rendered":"<p>Bague Lucea Bulgari GM de seconde main en or blanc 18 carats (750\/1000) et diamants. Ce bijou \u00e0 la monture ajour\u00e9e se compose de cinq motifs carr\u00e9s pav\u00e9s de diamants taille brillant et de motifs ronds bomb\u00e9s en or blanc plac\u00e9s en damier sur trois rang\u00e9es.<\/p>\n<p>Issue d&rsquo;une collection embl\u00e9matique des ann\u00e9es 2000, la ligne Lucea rend hommage \u00e0 la lumi\u00e8re \u00e0 travers un jeu g\u00e9om\u00e9trique sophistiqu\u00e9, typique de l&rsquo;h\u00e9ritage architectural de la Maison Bulgari.<\/p>\n<p>Laissez-vous s\u00e9duire par l&rsquo;\u00e9clat de ce bijou, une pi\u00e8ce d&rsquo;exception de la joaillerie italienne.<\/p>","protected":false},"featured_media":22766,"template":"","meta":{"_acf_changed":false,"_angie_page":false,"_joinchat":[]},"product_brand":[],"product_cat":[23,79,673,348],"product_tag":[468,412,477],"class_list":{"0":"post-22758","1":"product","2":"type-product","3":"status-publish","4":"has-post-thumbnail","6":"product_cat-bagues","7":"product_cat-bulgari","8":"product_cat-lucea","9":"product_cat-nouveaute","10":"product_tag-catalogue","11":"product_tag-exclusivite","12":"product_tag-nouveaute","13":"pa_boite-sans-boite","14":"pa_certificat-sans-certificat","15":"pa_etat-categorie-ab-tres-bon-etat","16":"pa_marque-bulgari","17":"pa_metal-or-blanc","18":"pa_pierre-diamant","19":"pa_taille-33","21":"first","22":"instock","23":"sold-individually","24":"purchasable","25":"product-type-simple"},"acf":[],"_links":{"self":[{"href":"https:\/\/weprecious.com\/en\/wp-json\/wp\/v2\/product\/22758","targetHints":{"allow":["GET"]}}],"collection":[{"href":"https:\/\/weprecious.com\/en\/wp-json\/wp\/v2\/product"}],"about":[{"href":"https:\/\/weprecious.com\/en\/wp-json\/wp\/v2\/types\/product"}],"version-history":[{"count":2,"href":"https:\/\/weprecious.com\/en\/wp-json\/wp\/v2\/product\/22758\/revisions"}],"predecessor-version":[{"id":23261,"href":"https:\/\/weprecious.com\/en\/wp-json\/wp\/v2\/product\/22758\/revisions\/23261"}],"wp:featuredmedia":[{"embeddable":true,"href":"https:\/\/weprecious.com\/en\/wp-json\/wp\/v2\/media\/22766"}],"wp:attachment":[{"href":"https:\/\/weprecious.com\/en\/wp-json\/wp\/v2\/media?parent=22758"}],"wp:term":[{"taxonomy":"product_brand","embeddable":true,"href":"https:\/\/weprecious.com\/en\/wp-json\/wp\/v2\/product_brand?post=22758"},{"taxonomy":"product_cat","embeddable":true,"href":"https:\/\/weprecious.com\/en\/wp-json\/wp\/v2\/product_cat?post=22758"},{"taxonomy":"product_tag","embeddable":true,"href":"https:\/\/weprecious.com\/en\/wp-json\/wp\/v2\/product_tag?post=22758"}],"curies":[{"name":"wp","href":"https:\/\/api.w.org\/{rel}","templated":true}]}}