{"id":22757,"date":"2026-03-25T18:30:23","date_gmt":"2026-03-25T17:30:23","guid":{"rendered":"https:\/\/weprecious.com\/?post_type=product&#038;p=22757"},"modified":"2026-03-28T12:38:22","modified_gmt":"2026-03-28T11:38:22","slug":"alliance-eternity-cartier-t54","status":"publish","type":"product","link":"https:\/\/weprecious.com\/en\/boutique\/marques\/cartier\/eternity\/alliance-eternity-cartier-t54\/","title":{"rendered":"Alliance Eternity Cartier, T54"},"content":{"rendered":"<h4>Description : Alliance Eternity Cartier d&rsquo;occasion, T54<\/h4>\n<p>Bague Eternity Cartier d&rsquo;occasion en en or jaune 750\/1000 (18K) et diamants. Ce bijou est pav\u00e9 de diamants taille brillant sur trois rang\u00e9es, couvrant l&rsquo;int\u00e9gralit\u00e9 de l&rsquo;alliance. Tour de doigt : 54.<\/p>\n<h4>Status<\/h4>\n<p><a href=\"https:\/\/weprecious.com\/en\/buying-guide\/\" target=\"_blank\" rel=\"noopener\">Category AB: Very Good Condition.<\/a>.<br \/>\nSecond-hand jewellery in very good condition: with a patina, but no particular defects Each piece of jewellery is carefully checked, cleaned by our workshop and repackaged before dispatch.<\/p>\n<h4>Details<\/h4>\n<p>. 750\/1000 (18K) yellow gold<br \/>\n. pavage de diamants taille brillant sur trois rangs (tour de doigt complet)<br \/>\n. Finger size: 54<br \/>\n. Largeur de l&rsquo;anneau : 0.5 cm<br \/>\n\u2022 \u00c9paisseur : 0.27 cm<br \/>\n. Weight : nc<\/p>\n<h4>Packaging and certificates<\/h4>\n<p>. All our jewellery is delivered to you with a weprecious Certificate of Expertise. This certificate bears a unique number corresponding to the unique certificate issued by our expert partner, Patrimoine Joaillerie. This certificate is digitised and made available to you after purchase.<\/p>\n<p>. Find out more about <a href=\"https:\/\/weprecious.com\/en\/buy-a-jewel\/\" target=\"_blank\" rel=\"noopener\">expertise <strong>weprecious<\/strong><\/a>.<\/p>\n<h4>Jewellery History<\/h4>\n<p>Fond\u00e9e en 1847, Cartier est l&rsquo;une des plus anciennes maisons de joaillerie de renomm\u00e9e mondiale. C\u00e9l\u00e8bres pour leur \u00e9l\u00e9gance intemporelle et t\u00e9moignant d&rsquo;un savoir-faire de renom, chaque pi\u00e8ce Cartier est fabriqu\u00e9e avec une attention m\u00e9ticuleuse port\u00e9e aux d\u00e9tails. La Collection Cartier d&rsquo;Amour perp\u00e9tue l&rsquo;h\u00e9ritage de la marque en offrant des bijoux de qualit\u00e9 exceptionnelle et un design raffin\u00e9. La Collection Cartier d&rsquo;Amour incarne l&rsquo;esprit de l&rsquo;amour et c\u00e9l\u00e8bre les liens affectifs au travers de ses bijoux intemporels.<br \/>\nFind out more about the Jewellery House <a href=\"https:\/\/weprecious.com\/en\/used-cartier-jewellery\/\" target=\"_blank\" rel=\"noopener\">Cartier<\/a>.<\/p>\n<h4>More information<\/h4>\n<p>More inspiration on our accounts\u00a0<a href=\"https:\/\/www.pinterest.fr\/weprecious_bijoux\/\" target=\"_blank\" rel=\"noopener nofollow\">Pinterest<\/a>\u00a0and\u00a0<a href=\"https:\/\/www.instagram.com\/weprecious_fr\/\" target=\"_blank\" rel=\"noopener nofollow\">Instagram<\/a><\/p>","protected":false},"excerpt":{"rendered":"<p>Alliance Eternity Cartier de seconde main en or jaune 18 carats (750\/1000) et diamants. Cette bague pr\u00e9sente un \u00e9l\u00e9gant pavage de trois rang\u00e9es de diamants taille brillant, sur l\u2019ensemble de l\u2019anneau.<\/p>\n<p>Une collection de la Maison Cartier qui se d\u00e9finit par un design sobre, con\u00e7u pour laisser place \u00e0 l&rsquo;\u00e9clat brut des diamants. Ce pavage sur trois rang\u00e9es transforme l&rsquo;anneau en un v\u00e9ritable ruban de lumi\u00e8re, offrant une brillance continue et magn\u00e9tique \u00e0 chaque mouvement de la main.<\/p>\n<p>D\u00e9couvrez une pi\u00e8ce d&rsquo;exception o\u00f9 la Maison Cartier laisse place \u00e0 la puret\u00e9 des diamants.<\/p>","protected":false},"featured_media":22760,"template":"","meta":{"_acf_changed":false,"_angie_page":false,"_joinchat":[]},"product_brand":[],"product_cat":[23,76,672,348],"product_tag":[468,551,412,260,477],"class_list":{"0":"post-22757","1":"product","2":"type-product","3":"status-publish","4":"has-post-thumbnail","6":"product_cat-bagues","7":"product_cat-cartier","8":"product_cat-eternity","9":"product_cat-nouveaute","10":"product_tag-catalogue","11":"product_tag-engagement","12":"product_tag-exclusivite","13":"product_tag-fiancailles","14":"product_tag-nouveaute","15":"pa_boite-sans-boite","16":"pa_certificat-sans-certificat","17":"pa_etat-categorie-ab-tres-bon-etat","18":"pa_marque-cartier","19":"pa_metal-or-jaune","20":"pa_pierre-diamant","21":"pa_taille-35","23":"first","24":"instock","25":"sold-individually","26":"purchasable","27":"product-type-simple"},"acf":[],"_links":{"self":[{"href":"https:\/\/weprecious.com\/en\/wp-json\/wp\/v2\/product\/22757","targetHints":{"allow":["GET"]}}],"collection":[{"href":"https:\/\/weprecious.com\/en\/wp-json\/wp\/v2\/product"}],"about":[{"href":"https:\/\/weprecious.com\/en\/wp-json\/wp\/v2\/types\/product"}],"version-history":[{"count":0,"href":"https:\/\/weprecious.com\/en\/wp-json\/wp\/v2\/product\/22757\/revisions"}],"wp:featuredmedia":[{"embeddable":true,"href":"https:\/\/weprecious.com\/en\/wp-json\/wp\/v2\/media\/22760"}],"wp:attachment":[{"href":"https:\/\/weprecious.com\/en\/wp-json\/wp\/v2\/media?parent=22757"}],"wp:term":[{"taxonomy":"product_brand","embeddable":true,"href":"https:\/\/weprecious.com\/en\/wp-json\/wp\/v2\/product_brand?post=22757"},{"taxonomy":"product_cat","embeddable":true,"href":"https:\/\/weprecious.com\/en\/wp-json\/wp\/v2\/product_cat?post=22757"},{"taxonomy":"product_tag","embeddable":true,"href":"https:\/\/weprecious.com\/en\/wp-json\/wp\/v2\/product_tag?post=22757"}],"curies":[{"name":"wp","href":"https:\/\/api.w.org\/{rel}","templated":true}]}}