{"id":22755,"date":"2026-03-25T18:30:22","date_gmt":"2026-03-25T17:30:22","guid":{"rendered":"https:\/\/weprecious.com\/?post_type=product&#038;p=22755"},"modified":"2026-03-26T10:41:48","modified_gmt":"2026-03-26T09:41:48","slug":"bague-amour-je-taime-mauboussin-t47","status":"publish","type":"product","link":"https:\/\/weprecious.com\/en\/boutique\/marques\/mauboussin\/amour-je-taime\/bague-amour-je-taime-mauboussin-t47\/","title":{"rendered":"Bague Amour je t&rsquo;aime Mauboussin, T47"},"content":{"rendered":"<h4>Description : Bague Amour je t&rsquo;aime Mauboussin d&rsquo;occasion, T47<\/h4>\n<p>Bague Amour je t&rsquo;aime Mauboussin d&rsquo;occasion en or blanc 750\/1000. Cette bague pr\u00e9sente un anneau perl\u00e9 avec un diamant taille rond facett\u00e9 au centre entour\u00e9 de 2 diamants taille baguette. Tour de doigt : 47. Bijou num\u00e9rot\u00e9 et sign\u00e9 Mauboussin .<\/p>\n<h4>Status<\/h4>\n<p><a href=\"https:\/\/weprecious.com\/en\/buying-guide\/\" target=\"_blank\" rel=\"noopener\">Category A: Excellent condition.<\/a>.<br \/>\nSecond-hand jewellery in excellent condition with no particular defects Each piece of jewellery is carefully checked, cleaned by our workshop and repackaged before dispatch.<\/p>\n<h4>Details<\/h4>\n<p>. 750\/1000 (18K) white gold<br \/>\n. 1 diamant taille rond au centre<br \/>\n. 2 diamants taille baguette<br \/>\n. Finger size: 47<br \/>\n. Largeur : 0,3 cm<br \/>\n. Weight : nc<\/p>\n<h4>Packaging and certificates<\/h4>\n<p>. All our jewellery is delivered to you with a weprecious Certificate of Expertise. This certificate bears a unique number corresponding to the unique certificate issued by our expert partner, Patrimoine Joaillerie. This certificate is digitised and made available to you after purchase.<\/p>\n<p>. Find out more about <a href=\"https:\/\/weprecious.com\/en\/buy-a-jewel\/\" target=\"_blank\" rel=\"noopener\">expertise <strong>weprecious<\/strong><\/a>.<\/p>\n<h4>Jewellery History<\/h4>\n<p>Mauboussin is a prestigious French jewellery house founded in Paris in 1827. Mauboussin's reputation extends beyond France, and today the company is renowned for its exceptional craftsmanship and timelessly elegant creations. Mauboussin creations often carry profound meanings, intended to celebrate love and commitment between two people, good fortune or other important values.<br \/>\nFind out more about the Jewellery House <a href=\"https:\/\/weprecious.com\/en\/second-hand-mauboussin-jewellery\/\" target=\"_blank\" rel=\"noopener\">Mauboussin<\/a>.<\/p>\n<h4>More information<\/h4>\n<p>More inspiration on our accounts\u00a0<a href=\"https:\/\/www.pinterest.fr\/weprecious_bijoux\/\" target=\"_blank\" rel=\"noopener nofollow\">Pinterest<\/a>\u00a0and\u00a0<a href=\"https:\/\/www.instagram.com\/weprecious_fr\/\" target=\"_blank\" rel=\"noopener nofollow\">Instagram<\/a><\/p>","protected":false},"excerpt":{"rendered":"<p>Bague Amour je t&rsquo;aime Mauboussin de seconde main en or blanc 18 carats (750\/1000). Un \u00e9l\u00e9gant anneau perl\u00e9, avec un diamant au centre, sublim\u00e9 par un diamant taille baguette sur chacun de ses c\u00f4t\u00e9s.<\/p>\n<p>La collection Amour, je t&rsquo;aime de Mauboussin capture l\u2019essence d\u2019une promesse \u00e9ternelle \u00e0 travers des lignes pures et un \u00e9clat intemporel.<\/p>\n<p>Dites-lui \u00ab\u00a0Je t&rsquo;aime\u00a0\u00bb avec un bijou d&rsquo;exception sign\u00e9 Mauboussin.<\/p>","protected":false},"featured_media":22768,"template":"","meta":{"_acf_changed":false,"_angie_page":false,"_joinchat":[]},"product_brand":[],"product_cat":[671,23,113,348],"product_tag":[468,412,477],"class_list":{"0":"post-22755","1":"product","2":"type-product","3":"status-publish","4":"has-post-thumbnail","6":"product_cat-amour-je-taime","7":"product_cat-bagues","8":"product_cat-mauboussin","9":"product_cat-nouveaute","10":"product_tag-catalogue","11":"product_tag-exclusivite","12":"product_tag-nouveaute","13":"pa_etat-categorie-a-excellent-etat","14":"pa_marque-mauboussin","15":"pa_metal-or-blanc","16":"pa_pierre-diamant","17":"pa_taille-28","19":"first","20":"instock","21":"sold-individually","22":"purchasable","23":"product-type-simple"},"acf":[],"_links":{"self":[{"href":"https:\/\/weprecious.com\/en\/wp-json\/wp\/v2\/product\/22755","targetHints":{"allow":["GET"]}}],"collection":[{"href":"https:\/\/weprecious.com\/en\/wp-json\/wp\/v2\/product"}],"about":[{"href":"https:\/\/weprecious.com\/en\/wp-json\/wp\/v2\/types\/product"}],"version-history":[{"count":0,"href":"https:\/\/weprecious.com\/en\/wp-json\/wp\/v2\/product\/22755\/revisions"}],"wp:featuredmedia":[{"embeddable":true,"href":"https:\/\/weprecious.com\/en\/wp-json\/wp\/v2\/media\/22768"}],"wp:attachment":[{"href":"https:\/\/weprecious.com\/en\/wp-json\/wp\/v2\/media?parent=22755"}],"wp:term":[{"taxonomy":"product_brand","embeddable":true,"href":"https:\/\/weprecious.com\/en\/wp-json\/wp\/v2\/product_brand?post=22755"},{"taxonomy":"product_cat","embeddable":true,"href":"https:\/\/weprecious.com\/en\/wp-json\/wp\/v2\/product_cat?post=22755"},{"taxonomy":"product_tag","embeddable":true,"href":"https:\/\/weprecious.com\/en\/wp-json\/wp\/v2\/product_tag?post=22755"}],"curies":[{"name":"wp","href":"https:\/\/api.w.org\/{rel}","templated":true}]}}