{"id":22753,"date":"2026-03-25T18:30:22","date_gmt":"2026-03-25T17:30:22","guid":{"rendered":"https:\/\/weprecious.com\/?post_type=product&#038;p=22753"},"modified":"2026-03-27T18:47:29","modified_gmt":"2026-03-27T17:47:29","slug":"bague-happy-diamonds-chopard-t56","status":"publish","type":"product","link":"https:\/\/weprecious.com\/en\/boutique\/marques\/chopard\/happy-diamonds\/bague-happy-diamonds-chopard-t56\/","title":{"rendered":"Bague Happy Diamonds Chopard, T56"},"content":{"rendered":"<h4>Description : Bague Happy Diamonds Chopard d&rsquo;occasion, T56<\/h4>\n<p>Bague Happy Diamonds Chopard d&rsquo;occasion en or jaune 750\/1000 (18K). Un jonc bomb\u00e9 en or jaune, pr\u00e9sentant un c\u0153ur au milieu duquel figure trois diamants mobiles retenu entre deux verres saphir dans un serti clos. Tour de doigt : 56. Bijou Chopard sign\u00e9e et num\u00e9rot\u00e9.<\/p>\n<h4>Status<\/h4>\n<p><a href=\"https:\/\/weprecious.com\/en\/buying-guide\/\" target=\"_blank\" rel=\"noopener\">Category AB: Very Good Condition.<\/a>.<br \/>\nSecond-hand jewellery in very good condition: with a patina, but no particular defects Each piece of jewellery is carefully checked, cleaned by our workshop and repackaged before dispatch.<\/p>\n<h4>Details<\/h4>\n<p>. 750\/1000 (18K) yellow gold<br \/>\n. 3 diamants taille brillant mobiles entre deux vitres<\/p>\n<p>. Taille du motif : environ 1 cm<br \/>\n. Weight : nc<\/p>\n<h4>Packaging and certificates<\/h4>\n<p>. Discreetly signed weprecious box or pouch.<\/p>\n<p>. All our jewellery is delivered to you with a weprecious Certificate of Expertise. This certificate bears a unique number corresponding to the unique certificate issued by our expert partner, Patrimoine Joaillerie. This certificate is digitised and made available to you after purchase.<\/p>\n<p>. Find out more about <a href=\"https:\/\/weprecious.com\/en\/buy-a-jewel\/\" target=\"_blank\" rel=\"noopener\">expertise <strong>weprecious<\/strong><\/a>.<\/p>\n<h4>Jewellery History<\/h4>\n<p>The technique of enclosing one or more diamonds under glass where they can give free rein to their movements was invented and patented by Chopard in the 1970s, and since 1976 has been used in numerous jewellery models. It has become emblematic of the jewellery house and has given rise to the equally emblematic Happy Diamonds collection. As its name suggests, the collection evokes joy and freedom. The diamond is free to move as it pleases, like a call to freedom and life.<br \/>\nFind out more about the Jewellery House <a href=\"https:\/\/weprecious.com\/en\/second-hand-chopard-jewellery\/\" target=\"_blank\" rel=\"noopener\">Chopard<\/a>.<\/p>\n<h4>More information<\/h4>\n<p>More inspiration on our accounts\u00a0<a href=\"https:\/\/www.pinterest.fr\/weprecious_bijoux\/\" target=\"_blank\" rel=\"noopener nofollow\">Pinterest<\/a>\u00a0and\u00a0<a href=\"https:\/\/www.instagram.com\/weprecious_fr\/\" target=\"_blank\" rel=\"noopener nofollow\">Instagram<\/a><\/p>","protected":false},"excerpt":{"rendered":"<p>Bague Happy Diamonds Chopard de seconde main en or jaune 18 carats (750\/1000). Une bague embl\u00e9matique en forme de coeur mettant en valeur trois diamants mobiles entre deux verres saphir.<\/p>\n<p>The free-moving diamond, an emblematic model signed by Chopard and available in numerous jewellery models. Movement as a symbol of freedom and life.<\/p>\n<p>Let yourself be seduced by the timeless charm of this jewel, with its distinctive design and strong symbolism.<\/p>","protected":false},"featured_media":22819,"template":"","meta":{"_acf_changed":false,"_angie_page":false,"_joinchat":[]},"product_brand":[],"product_cat":[23,316,317,348],"product_tag":[468,412,477],"class_list":{"0":"post-22753","1":"product","2":"type-product","3":"status-publish","4":"has-post-thumbnail","6":"product_cat-bagues","7":"product_cat-chopard","8":"product_cat-happy-diamonds","9":"product_cat-nouveaute","10":"product_tag-catalogue","11":"product_tag-exclusivite","12":"product_tag-nouveaute","13":"pa_boite-boite-sans-marquage","14":"pa_certificat-certificat-dauthenticite-weprecious","15":"pa_etat-categorie-ab-tres-bon-etat","16":"pa_marque-chopard","17":"pa_metal-or-jaune","18":"pa_pierre-diamant","19":"pa_taille-37","21":"first","22":"instock","23":"sold-individually","24":"purchasable","25":"product-type-simple"},"acf":[],"_links":{"self":[{"href":"https:\/\/weprecious.com\/en\/wp-json\/wp\/v2\/product\/22753","targetHints":{"allow":["GET"]}}],"collection":[{"href":"https:\/\/weprecious.com\/en\/wp-json\/wp\/v2\/product"}],"about":[{"href":"https:\/\/weprecious.com\/en\/wp-json\/wp\/v2\/types\/product"}],"version-history":[{"count":0,"href":"https:\/\/weprecious.com\/en\/wp-json\/wp\/v2\/product\/22753\/revisions"}],"wp:featuredmedia":[{"embeddable":true,"href":"https:\/\/weprecious.com\/en\/wp-json\/wp\/v2\/media\/22819"}],"wp:attachment":[{"href":"https:\/\/weprecious.com\/en\/wp-json\/wp\/v2\/media?parent=22753"}],"wp:term":[{"taxonomy":"product_brand","embeddable":true,"href":"https:\/\/weprecious.com\/en\/wp-json\/wp\/v2\/product_brand?post=22753"},{"taxonomy":"product_cat","embeddable":true,"href":"https:\/\/weprecious.com\/en\/wp-json\/wp\/v2\/product_cat?post=22753"},{"taxonomy":"product_tag","embeddable":true,"href":"https:\/\/weprecious.com\/en\/wp-json\/wp\/v2\/product_tag?post=22753"}],"curies":[{"name":"wp","href":"https:\/\/api.w.org\/{rel}","templated":true}]}}