{"id":22645,"date":"2026-03-18T12:35:12","date_gmt":"2026-03-18T11:35:12","guid":{"rendered":"https:\/\/weprecious.com\/?post_type=product&#038;p=22645"},"modified":"2026-03-28T12:34:05","modified_gmt":"2026-03-28T11:34:05","slug":"bague-trinity-pm-cartier-t52","status":"publish","type":"product","link":"https:\/\/weprecious.com\/en\/boutique\/marques\/cartier\/trinity\/bague-trinity-pm-cartier-t52\/","title":{"rendered":"Bague Trinity PM Cartier, T53"},"content":{"rendered":"<h4>Description : Bague Trinity PM Cartier d&rsquo;occasion, T53<\/h4>\n<p>Bague Trinity Cartier d&rsquo;occasion, Petit Mod\u00e8le. Cette bague Cartier se compose de 3 anneaux semi-bomb\u00e9s et entrelac\u00e9s de largeur 2,5 mm en or jaune, or rose et or blanc 750\/1000 (18K). A savoir : cette bague Trinity Cartier existe en plusieurs largeurs, celle ci \u00e9tant le Petit Modele. Tour de doigt : 52. Bijou sign\u00e9 Cartier.<\/p>\n<h4>Status<\/h4>\n<p><a href=\"https:\/\/weprecious.com\/en\/buying-guide\/\" target=\"_blank\" rel=\"noopener\">Category A Renovated: Excellent condition.<\/a>.<br \/>\nJewellery polished or renovated by our workshop for a perfect finish and sparkle. Each piece of jewellery is carefully checked, cleaned by our workshop and repackaged before shipping.<\/p>\n<h4>Details<\/h4>\n<p>. 750\/1000 (18K) white gold<br \/>\n. 750\/1000 (18K) pink gold<br \/>\n. 750\/1000 (18K) yellow gold<br \/>\n. Largeur anneau : 2,5 mm<br \/>\n. Finger size: 52<br \/>\n. Poids : 3,39 gr<\/p>\n<h4>Packaging and certificates<\/h4>\n<p>. Original jewellery box.<\/p>\n<p>. All our jewellery is delivered to you with a weprecious Certificate of Expertise. This certificate bears a unique number corresponding to the unique certificate issued by our expert partner, Patrimoine Joaillerie. This certificate is digitised and made available to you after purchase.<\/p>\n<p>. Find out more about <a href=\"https:\/\/weprecious.com\/en\/buy-a-jewel\/\" target=\"_blank\" rel=\"noopener\">expertise <strong>weprecious<\/strong><\/a>.<\/p>\n<h4>Jewellery History<\/h4>\n<p>Created by Louis Cartier in 1924, the Trinity quickly became an icon. Its three rings each symbolise a sentiment: love for pink gold, loyalty for yellow gold, and friendship for white gold. An unprecedented combination in jewellery, it was soon available as a bracelet. Jean Cocteau has adopted it, wearing two rings superimposed on the left little finger, as have Lady Diana, Grace Kelly and Gary Cooper.<br \/>\nFind out more about the Jewellery House <a href=\"https:\/\/weprecious.com\/en\/used-cartier-jewellery\/\" target=\"_blank\" rel=\"noopener\">Cartier<\/a>.<\/p>\n<h4>More information<\/h4>\n<p>More inspiration on our accounts\u00a0<a href=\"https:\/\/www.pinterest.fr\/weprecious_bijoux\/\" target=\"_blank\" rel=\"noopener nofollow\">Pinterest<\/a>\u00a0and\u00a0<a href=\"https:\/\/www.instagram.com\/weprecious_fr\/\" target=\"_blank\" rel=\"noopener nofollow\">Instagram<\/a><\/p>","protected":false},"excerpt":{"rendered":"<p>Bague Trinity Cartier de seconde main avec 3 anneaux entrelac\u00e9s en or rose, or blanc et or jaune 18 carats (750\/1000). Petit mod\u00e8le.<\/p>\n<p>3 anneaux simples qui, ensemble, cr\u00e9ent une forme singuli\u00e8re imm\u00e9diatement reconnaissable, embl\u00e9matique de la Maison, et qui symbolisent la fid\u00e9lit\u00e9, l\u2019amour et l\u2019amiti\u00e9.<\/p>\n<p>Passez cette signature Cartier et affirmez votre style.<\/p>","protected":false},"featured_media":22659,"template":"","meta":{"_acf_changed":false,"_angie_page":false,"_joinchat":[]},"product_brand":[],"product_cat":[23,76,348,89],"product_tag":[468,412,477,531],"class_list":{"0":"post-22645","1":"product","2":"type-product","3":"status-publish","4":"has-post-thumbnail","6":"product_cat-bagues","7":"product_cat-cartier","8":"product_cat-nouveaute","9":"product_cat-trinity","10":"product_tag-catalogue","11":"product_tag-exclusivite","12":"product_tag-nouveaute","13":"product_tag-unisex","14":"pa_boite-boite-dorigine","15":"pa_certificat-certificat-dauthenticite-weprecious","16":"pa_etat-categorie-a-renove-excellent-etat","17":"pa_marque-cartier","18":"pa_metal-3-ors","19":"pa_pierre-aucune","20":"pa_taille-34","22":"first","23":"instock","24":"sold-individually","25":"purchasable","26":"product-type-simple"},"acf":[],"_links":{"self":[{"href":"https:\/\/weprecious.com\/en\/wp-json\/wp\/v2\/product\/22645","targetHints":{"allow":["GET"]}}],"collection":[{"href":"https:\/\/weprecious.com\/en\/wp-json\/wp\/v2\/product"}],"about":[{"href":"https:\/\/weprecious.com\/en\/wp-json\/wp\/v2\/types\/product"}],"version-history":[{"count":0,"href":"https:\/\/weprecious.com\/en\/wp-json\/wp\/v2\/product\/22645\/revisions"}],"wp:featuredmedia":[{"embeddable":true,"href":"https:\/\/weprecious.com\/en\/wp-json\/wp\/v2\/media\/22659"}],"wp:attachment":[{"href":"https:\/\/weprecious.com\/en\/wp-json\/wp\/v2\/media?parent=22645"}],"wp:term":[{"taxonomy":"product_brand","embeddable":true,"href":"https:\/\/weprecious.com\/en\/wp-json\/wp\/v2\/product_brand?post=22645"},{"taxonomy":"product_cat","embeddable":true,"href":"https:\/\/weprecious.com\/en\/wp-json\/wp\/v2\/product_cat?post=22645"},{"taxonomy":"product_tag","embeddable":true,"href":"https:\/\/weprecious.com\/en\/wp-json\/wp\/v2\/product_tag?post=22645"}],"curies":[{"name":"wp","href":"https:\/\/api.w.org\/{rel}","templated":true}]}}