{"id":22644,"date":"2026-03-18T12:35:12","date_gmt":"2026-03-18T11:35:12","guid":{"rendered":"https:\/\/weprecious.com\/?post_type=product&#038;p=22644"},"modified":"2026-04-27T11:45:47","modified_gmt":"2026-04-27T09:45:47","slug":"bague-eternelle-buccellati-t51","status":"publish","type":"product","link":"https:\/\/weprecious.com\/en\/boutique\/marques\/buccellati\/eternelle\/bague-eternelle-buccellati-t51\/","title":{"rendered":"Bague Eternelle Buccellati, T51"},"content":{"rendered":"<h4>Description : Bague Eternelle Buccellati d&rsquo;occasion, T51<\/h4>\n<p>Bague \u00c9ternelle Buccellati d\u2019occasion en or jaune et or blanc 750\/1000 (18K). Ce bijou pr\u00e9sente un bandeau finement ajour\u00e9, serti de diamants taille brillant, soulign\u00e9 par un serti perl\u00e9 en or jaune aux extr\u00e9mit\u00e9s de la bague et entourant un rubis taille ovale en serti clos au centre du bijou. Tour de doigt : 51. Bijou sign\u00e9 Buccellati.<\/p>\n<h4>Status<\/h4>\n<p><a href=\"https:\/\/weprecious.com\/en\/buying-guide\/\" target=\"_blank\" rel=\"noopener\">Category A: Excellent condition.<\/a>.<br \/>\nSecond-hand jewellery in excellent condition with no particular defects Each piece of jewellery is carefully checked, cleaned by our workshop and repackaged before dispatch.<\/p>\n<h4>Details<\/h4>\n<p>. Yellow gold 750\/1000 (18K). 750\/1000 (18K) white gold<br \/>\n. 1 rubis taille ovale au centre<br \/>\n. diamants taille brillant sur le bandeau de la bague<br \/>\n. Finger size: 51<br \/>\n. Poids : 7,62 gr<\/p>\n<h4>Packaging and certificates<\/h4>\n<p>. Original jewellery box.<\/p>\n<p>. Certificate of origin from the jewellery brand.<\/p>\n<p>. All our jewellery is delivered to you with a weprecious Certificate of Expertise. This certificate bears a unique number corresponding to the unique certificate issued by our expert partner, Patrimoine Joaillerie. This certificate is digitised and made available to you after purchase.<\/p>\n<p>. Find out more about <a href=\"https:\/\/weprecious.com\/en\/buy-a-jewel\/\" target=\"_blank\" rel=\"noopener\">expertise <strong>weprecious<\/strong><\/a>.<\/p>\n<h4>Jewellery History<\/h4>\n<p>Buccellati incarne l\u2019excellence italienne en joaillerie, alliant savoir-faire d\u2019orf\u00e8vre et cr\u00e9ativit\u00e9 pr\u00e9cieuse. Chaque bijou, finement travaill\u00e9 comme une dentelle de m\u00e9tal, r\u00e9v\u00e8le un raffinement unique et une \u00e9l\u00e9gance intemporelle. Les pi\u00e8ces \u00e9tant majoritairement artisanales, leur conception peut demander plusieurs mois, ce qui rend cette pi\u00e8ce de seconde main encore plus exceptionnelle.<br \/>\nFind out more about the Jewellery House <a href=\"https:\/\/weprecious.com\/en\/used-buccellati-jewellery\/\" target=\"_blank\" rel=\"noopener\">Buccellati<\/a>.<\/p>\n<h4>More information<\/h4>\n<p>More inspiration on our accounts\u00a0<a href=\"https:\/\/www.pinterest.fr\/weprecious_bijoux\/\" target=\"_blank\" rel=\"noopener nofollow\">Pinterest<\/a>\u00a0and\u00a0<a href=\"https:\/\/www.instagram.com\/weprecious_fr\/\" target=\"_blank\" rel=\"noopener nofollow\">Instagram<\/a><\/p>","protected":false},"excerpt":{"rendered":"<p>Bague \u00c9ternelle Buccellati de seconde main en or jaune et or blanc 18 carats (750\/1000).<br \/>\nBague au bandeau d\u00e9licatement ajour\u00e9, serti de diamants, et orn\u00e9e d\u2019un rubis ovale en serti clos perl\u00e9 en son centre.<\/p>\n<p>La collection \u00c9ternelle de Buccellati c\u00e9l\u00e8bre le raffinement dans sa plus pure expression. Des cr\u00e9ations l\u00e9g\u00e8res et d\u00e9licates, o\u00f9 les d\u00e9tails ajour\u00e9s et les pierres pr\u00e9cieuses se m\u00ealent avec \u00e9l\u00e9gance, offrant des pi\u00e8ces intemporelles destin\u00e9es \u00e0 traverser les g\u00e9n\u00e9rations.<\/p>\n<p>Portez une \u0153uvre d\u2019art Buccellati et la poe\u0301sie d\u2019un bijou dentelle \u00e0 votre doigt.<\/p>","protected":false},"featured_media":22675,"template":"","meta":{"_acf_changed":false,"_angie_page":false,"_joinchat":[]},"product_brand":[],"product_cat":[23,111,667,348],"product_tag":[155,468,412,477],"class_list":{"0":"post-22644","1":"product","2":"type-product","3":"status-publish","4":"has-post-thumbnail","6":"product_cat-bagues","7":"product_cat-buccellati","8":"product_cat-eternelle","9":"product_cat-nouveaute","10":"product_tag-bandeau","11":"product_tag-catalogue","12":"product_tag-exclusivite","13":"product_tag-nouveaute","14":"pa_boite-boite-dorigine","15":"pa_certificat-certificat-dauthenticite-dorigine","16":"pa_etat-categorie-a-excellent-etat","17":"pa_marque-buccellati","18":"pa_metal-or-blanc","19":"pa_metal-or-jaune","20":"pa_pierre-diamant","21":"pa_pierre-rubis","22":"pa_taille-32","24":"first","25":"instock","26":"sold-individually","27":"purchasable","28":"product-type-simple"},"acf":[],"_links":{"self":[{"href":"https:\/\/weprecious.com\/en\/wp-json\/wp\/v2\/product\/22644","targetHints":{"allow":["GET"]}}],"collection":[{"href":"https:\/\/weprecious.com\/en\/wp-json\/wp\/v2\/product"}],"about":[{"href":"https:\/\/weprecious.com\/en\/wp-json\/wp\/v2\/types\/product"}],"version-history":[{"count":1,"href":"https:\/\/weprecious.com\/en\/wp-json\/wp\/v2\/product\/22644\/revisions"}],"predecessor-version":[{"id":23482,"href":"https:\/\/weprecious.com\/en\/wp-json\/wp\/v2\/product\/22644\/revisions\/23482"}],"wp:featuredmedia":[{"embeddable":true,"href":"https:\/\/weprecious.com\/en\/wp-json\/wp\/v2\/media\/22675"}],"wp:attachment":[{"href":"https:\/\/weprecious.com\/en\/wp-json\/wp\/v2\/media?parent=22644"}],"wp:term":[{"taxonomy":"product_brand","embeddable":true,"href":"https:\/\/weprecious.com\/en\/wp-json\/wp\/v2\/product_brand?post=22644"},{"taxonomy":"product_cat","embeddable":true,"href":"https:\/\/weprecious.com\/en\/wp-json\/wp\/v2\/product_cat?post=22644"},{"taxonomy":"product_tag","embeddable":true,"href":"https:\/\/weprecious.com\/en\/wp-json\/wp\/v2\/product_tag?post=22644"}],"curies":[{"name":"wp","href":"https:\/\/api.w.org\/{rel}","templated":true}]}}