{"id":22641,"date":"2026-03-18T12:35:12","date_gmt":"2026-03-18T11:35:12","guid":{"rendered":"https:\/\/weprecious.com\/?post_type=product&#038;p=22641"},"modified":"2026-03-28T12:34:45","modified_gmt":"2026-03-28T11:34:45","slug":"bague-possession-piaget-t52","status":"publish","type":"product","link":"https:\/\/weprecious.com\/en\/boutique\/marques\/piaget\/possession\/bague-possession-piaget-t52\/","title":{"rendered":"Bague Possession Piaget, T52"},"content":{"rendered":"<h4>Description : Bague Possession Piaget d&rsquo;occasion, T52<\/h4>\n<p>Bague Possession Piaget d&rsquo;occasion en or blanc 750\/1000 (18K) et diamants. Ce bijou est con\u00e7u autour d\u2019un anneau rotatif sur lequel sont sertis des diamants taille brillant. L&rsquo;anneau est d&rsquo;une largeur de 1,05 cm. Tour de doigt : 52. Bijou sign\u00e9 Piaget.<\/p>\n<h4>Status<\/h4>\n<p><a href=\"https:\/\/weprecious.com\/en\/buying-guide\/\" target=\"_blank\" rel=\"noopener\">Category AB: Very Good Condition.<\/a>.<br \/>\nSecond-hand jewellery in very good condition: with a patina, but no particular defects Each piece of jewellery is carefully checked, cleaned by our workshop and repackaged before dispatch.<\/p>\n<h4>Details<\/h4>\n<p>. 750\/1000 (18K) white gold<br \/>\n. diamants taille brillant<br \/>\n. Largeur de l&rsquo;anneau : 1,05 cm<br \/>\n. Finger size: 52<br \/>\n. Weight : nc<\/p>\n<h4>Packaging and certificates<\/h4>\n<p>. Discreetly signed weprecious box or pouch.<\/p>\n<p>. Certificate of origin from the jewellery brand.<\/p>\n<p>. All our jewellery is delivered to you with a weprecious Certificate of Expertise. This certificate bears a unique number corresponding to the unique certificate issued by our expert partner, Patrimoine Joaillerie. This certificate is digitised and made available to you after purchase.<\/p>\n<p>. Find out more about <a href=\"https:\/\/weprecious.com\/en\/buy-a-jewel\/\" target=\"_blank\" rel=\"noopener\">expertise <strong>weprecious<\/strong><\/a>.<\/p>\n<h4>Jewellery History<\/h4>\n<p>The Piaget Possession Collection, an emblematic creation of the House of Piaget, was designed to symbolise movement and freedom. First launched in 1990, this collection features a freely rotating ring that evokes the idea of transformation and change, inspired by nature and the cycle of life. This innovative design, which combines simplicity and sophistication, was created to capture the essence of modern luxury.<br \/>\nFind out more about the Jewellery House <a href=\"https:\/\/weprecious.com\/en\/pre-owned-piaget-jewellery\/\" target=\"_blank\" rel=\"noopener\">Piaget<\/a>.<\/p>\n<h4>More information<\/h4>\n<p>More inspiration on our accounts\u00a0<a href=\"https:\/\/www.pinterest.fr\/weprecious_bijoux\/\" target=\"_blank\" rel=\"noopener nofollow\">Pinterest<\/a>\u00a0and\u00a0<a href=\"https:\/\/www.instagram.com\/weprecious_fr\/\" target=\"_blank\" rel=\"noopener nofollow\">Instagram<\/a><\/p>","protected":false},"excerpt":{"rendered":"<p>Bague Possession Piaget de seconde main en or blanc 18 carats (750\/1000) et diamants. Un bijou cr\u00e9er autour d&rsquo;un anneau rotatif qui cr\u00e9e un jeu de lumi\u00e8re et fait scintiller les diamants \u00e0 chaque rotation.<\/p>\n<p>Un motif embl\u00e9matique, dont l&rsquo;anneau tourne librement pour symboliser le mouvement perp\u00e9tuel de la vie.<\/p>\n<p>Playful, daring, unique: in the tradition of Piaget creations.<\/p>","protected":false},"featured_media":22652,"template":"","meta":{"_acf_changed":false,"_angie_page":false,"_joinchat":[]},"product_brand":[],"product_cat":[23,348,159,545],"product_tag":[468,412,477],"class_list":{"0":"post-22641","1":"product","2":"type-product","3":"status-publish","4":"has-post-thumbnail","6":"product_cat-bagues","7":"product_cat-nouveaute","8":"product_cat-piaget","9":"product_cat-possession","10":"product_tag-catalogue","11":"product_tag-exclusivite","12":"product_tag-nouveaute","13":"pa_boite-boite-sans-marquage","14":"pa_certificat-certificat-dauthenticite-dorigine","15":"pa_etat-categorie-ab-tres-bon-etat","16":"pa_marque-piaget","17":"pa_metal-or-blanc","18":"pa_pierre-diamant","19":"pa_taille-33","21":"first","22":"instock","23":"sold-individually","24":"purchasable","25":"product-type-simple"},"acf":[],"_links":{"self":[{"href":"https:\/\/weprecious.com\/en\/wp-json\/wp\/v2\/product\/22641","targetHints":{"allow":["GET"]}}],"collection":[{"href":"https:\/\/weprecious.com\/en\/wp-json\/wp\/v2\/product"}],"about":[{"href":"https:\/\/weprecious.com\/en\/wp-json\/wp\/v2\/types\/product"}],"version-history":[{"count":0,"href":"https:\/\/weprecious.com\/en\/wp-json\/wp\/v2\/product\/22641\/revisions"}],"wp:featuredmedia":[{"embeddable":true,"href":"https:\/\/weprecious.com\/en\/wp-json\/wp\/v2\/media\/22652"}],"wp:attachment":[{"href":"https:\/\/weprecious.com\/en\/wp-json\/wp\/v2\/media?parent=22641"}],"wp:term":[{"taxonomy":"product_brand","embeddable":true,"href":"https:\/\/weprecious.com\/en\/wp-json\/wp\/v2\/product_brand?post=22641"},{"taxonomy":"product_cat","embeddable":true,"href":"https:\/\/weprecious.com\/en\/wp-json\/wp\/v2\/product_cat?post=22641"},{"taxonomy":"product_tag","embeddable":true,"href":"https:\/\/weprecious.com\/en\/wp-json\/wp\/v2\/product_tag?post=22641"}],"curies":[{"name":"wp","href":"https:\/\/api.w.org\/{rel}","templated":true}]}}