{"id":22640,"date":"2026-03-18T12:35:09","date_gmt":"2026-03-18T11:35:09","guid":{"rendered":"https:\/\/weprecious.com\/?post_type=product&#038;p=22640"},"modified":"2026-03-28T12:34:45","modified_gmt":"2026-03-28T11:34:45","slug":"pendentif-cle-coeur-enchante-tiffany-co","status":"publish","type":"product","link":"https:\/\/weprecious.com\/en\/boutique\/marques\/tiffany-co\/cle-coeur-enchante\/pendentif-cle-coeur-enchante-tiffany-co\/","title":{"rendered":"Pendentif Cl\u00e9 C\u0153ur Enchant\u00e9 Tiffany &#038; Co"},"content":{"rendered":"<h4>Description : Pendentif Cl\u00e9 C\u0153ur Enchant\u00e9 Tiffany &amp; Co d&rsquo;occasion<\/h4>\n<p>Pendentif Cl\u00e9 C\u0153ur Enchant\u00e9 Tiffany &amp; Co. d\u2019occasion en or blanc 750\/1000 (18K). Ce pendentif mesure 3,8 cm de long et pr\u00e9sente un c\u0153ur ajour\u00e9 finement, serti d\u2019un diamant taille brillant en son centre. Le bout de la cl\u00e9 pr\u00e9sente un T. Elle est suspendue \u00e0 une cha\u00eene en or blanc d\u2019une longueur de 45,7 cm. Bijou sign\u00e9 Tiffany &amp; Co.<\/p>\n<h4>Status<\/h4>\n<p><a href=\"https:\/\/weprecious.com\/en\/buying-guide\/\" target=\"_blank\" rel=\"noopener\">Category A: Excellent condition.<\/a>.<br \/>\nSecond-hand jewellery in excellent condition with no particular defects Each piece of jewellery is carefully checked, cleaned by our workshop and repackaged before dispatch.<\/p>\n<h4>Details<\/h4>\n<p>. 750\/1000 (18K) white gold<br \/>\n. 1 diamant taille brillant au centre<br \/>\n. Longueur du motif : 3,8 cm<br \/>\n. Longueur de la cha\u00eene : 45,7 cm<br \/>\n. Weight : nc<\/p>\n<h4>Packaging and certificates<\/h4>\n<p>. Discreetly signed weprecious box or pouch.<\/p>\n<p>. All our jewellery is delivered to you with a weprecious Certificate of Expertise. This certificate bears a unique number corresponding to the unique certificate issued by our expert partner, Patrimoine Joaillerie. This certificate is digitised and made available to you after purchase.<\/p>\n<p>. Find out more about <a href=\"https:\/\/weprecious.com\/en\/buy-a-jewel\/\" target=\"_blank\" rel=\"noopener\">expertise <strong>weprecious<\/strong><\/a>.<\/p>\n<h4>Jewellery History<\/h4>\n<p>Founded in New York in 1837 by Charles Lewis Tiffany and John B. Young, Tiffany &amp; Co. quickly established itself as a benchmark in jewellery. Initially specialising in stationery and luxury items, the company set itself apart by introducing standards of excellence, notably with its famous Tiffany diamond and its famous blue box. A pioneer in the use of platinum and modern gem-setting, Tiffany has been the embodiment of elegance and innovation in jewellery for almost two centuries.<br \/>\nFind out more about the Jewellery House <a href=\"https:\/\/weprecious.com\/en\/bijoux-tiffany-co-occasion\/\" target=\"_blank\" rel=\"noopener\">Tiffany &amp; Co<\/a>.<\/p>\n<h4>More information<\/h4>\n<p>More inspiration on our accounts\u00a0<a href=\"https:\/\/www.pinterest.fr\/weprecious_bijoux\/\" target=\"_blank\" rel=\"noopener nofollow\">Pinterest<\/a>\u00a0and\u00a0<a href=\"https:\/\/www.instagram.com\/weprecious_fr\/\" target=\"_blank\" rel=\"noopener nofollow\">Instagram<\/a><\/p>","protected":false},"excerpt":{"rendered":"<p>Pendentif Cl\u00e9 C\u0153ur Enchant\u00e9 Tiffany &amp; Co de seconde main en or blanc 18 carats (750\/1000). Pendentif en forme de cl\u00e9 au motif de c\u0153ur, serti d\u2019un diamant taille brillant en son centre. Ce bijou est vendu avec sa cha\u00eene en or blanc.<\/p>\n<p>Tiffany keys are a symbol in their own right. Full of promise, they represent hope for a fulfilling future.<\/p>\n<p>A dainty key and heart motif to hang around your neck.<\/p>","protected":false},"featured_media":22649,"template":"","meta":{"_acf_changed":false,"_angie_page":false,"_joinchat":[]},"product_brand":[],"product_cat":[668,24,348,126],"product_tag":[468,412,477,137],"class_list":{"0":"post-22640","1":"product","2":"type-product","3":"status-publish","4":"has-post-thumbnail","6":"product_cat-cle-coeur-enchante","7":"product_cat-colliers-pendentifs","8":"product_cat-nouveaute","9":"product_cat-tiffany-co","10":"product_tag-catalogue","11":"product_tag-exclusivite","12":"product_tag-nouveaute","13":"product_tag-pendentif","14":"pa_boite-boite-sans-marquage","15":"pa_certificat-certificat-dauthenticite-weprecious","16":"pa_etat-categorie-a-excellent-etat","17":"pa_marque-tiffanyco","18":"pa_metal-or-blanc","19":"pa_pierre-diamant","21":"first","22":"instock","23":"sold-individually","24":"purchasable","25":"product-type-simple"},"acf":[],"_links":{"self":[{"href":"https:\/\/weprecious.com\/en\/wp-json\/wp\/v2\/product\/22640","targetHints":{"allow":["GET"]}}],"collection":[{"href":"https:\/\/weprecious.com\/en\/wp-json\/wp\/v2\/product"}],"about":[{"href":"https:\/\/weprecious.com\/en\/wp-json\/wp\/v2\/types\/product"}],"version-history":[{"count":0,"href":"https:\/\/weprecious.com\/en\/wp-json\/wp\/v2\/product\/22640\/revisions"}],"wp:featuredmedia":[{"embeddable":true,"href":"https:\/\/weprecious.com\/en\/wp-json\/wp\/v2\/media\/22649"}],"wp:attachment":[{"href":"https:\/\/weprecious.com\/en\/wp-json\/wp\/v2\/media?parent=22640"}],"wp:term":[{"taxonomy":"product_brand","embeddable":true,"href":"https:\/\/weprecious.com\/en\/wp-json\/wp\/v2\/product_brand?post=22640"},{"taxonomy":"product_cat","embeddable":true,"href":"https:\/\/weprecious.com\/en\/wp-json\/wp\/v2\/product_cat?post=22640"},{"taxonomy":"product_tag","embeddable":true,"href":"https:\/\/weprecious.com\/en\/wp-json\/wp\/v2\/product_tag?post=22640"}],"curies":[{"name":"wp","href":"https:\/\/api.w.org\/{rel}","templated":true}]}}