{"id":22639,"date":"2026-03-18T12:35:07","date_gmt":"2026-03-18T11:35:07","guid":{"rendered":"https:\/\/weprecious.com\/?post_type=product&#038;p=22639"},"modified":"2026-03-28T12:34:05","modified_gmt":"2026-03-28T11:34:05","slug":"pendentif-beirut-colours-autre","status":"publish","type":"product","link":"https:\/\/weprecious.com\/en\/boutique\/marques\/autre\/beirut-colours\/pendentif-beirut-colours-autre\/","title":{"rendered":"Pendentif Beirut Colours Selim Mouzannar"},"content":{"rendered":"<h4>Description : Pendentif Beirut Colours Selim Mouzannar d&rsquo;occasion<\/h4>\n<p>Pendentif Beirut Colours Selim Mouzannar d\u2019occasion en or rose 750\/1000 (18K). Ce pendentif pr\u00e9sente un motif rond de 9 mm de diam\u00e8tre, avec au centre une rhodolite entour\u00e9e de 18 diamants taille brillant qui illuminent la pierre. Le tout est suspendu \u00e0 une cha\u00eene en maille for\u00e7at en or rose. Bijou sign\u00e9 Selim Mouzannar.<\/p>\n<h4>Status<\/h4>\n<p><a href=\"https:\/\/weprecious.com\/en\/buying-guide\/\" target=\"_blank\" rel=\"noopener\">Category A: Excellent condition.<\/a>.<br \/>\nSecond-hand jewellery in excellent condition with no particular defects Each piece of jewellery is carefully checked, cleaned by our workshop and repackaged before dispatch.<\/p>\n<h4>Details<\/h4>\n<p>. 750\/1000 (18K) pink gold<br \/>\n. 1 rhodolite centrale<br \/>\n. 18 diamants taille brillant<br \/>\n. Longueur de la cha\u00eene : 42 cm<br \/>\n. Largeur du motif : 9 mm<br \/>\n. Poids : 3,87 gr<\/p>\n<h4>Packaging and certificates<\/h4>\n<p>. Discreetly signed weprecious box or pouch.<\/p>\n<p>. Certificate of origin from the jewellery brand.<\/p>\n<p>. All our jewellery is delivered to you with a weprecious Certificate of Expertise. This certificate bears a unique number corresponding to the unique certificate issued by our expert partner, Patrimoine Joaillerie. This certificate is digitised and made available to you after purchase.<\/p>\n<p>. Find out more about <a href=\"https:\/\/weprecious.com\/en\/buy-a-jewel\/\" target=\"_blank\" rel=\"noopener\">expertise <strong>weprecious<\/strong><\/a>.<\/p>\n<h4>Jewellery History<\/h4>\n<p>Selim Mouzannar, h\u00e9ritier d\u2019une tradition joailli\u00e8re, explore avec passion les pierres et les mati\u00e8res pour cr\u00e9er des bijoux uniques, enti\u00e8rement faits \u00e0 la main dans ses ateliers de Beyrouth. Chaque pi\u00e8ce raconte une histoire, alliant beaut\u00e9, \u00e9motion et savoir-faire artisanal dans un univers o\u00f9 \u00e9l\u00e9gance et cr\u00e9ativit\u00e9 se rencontrent.<br \/>\nFind out more about the Jewellery House <a href=\"https:\/\/weprecious.com\/en\/bijoux-bijoux-occasion\/\" target=\"_blank\" rel=\"noopener\">Other<\/a>.<\/p>\n<h4>More information<\/h4>\n<p>More inspiration on our accounts\u00a0<a href=\"https:\/\/www.pinterest.fr\/weprecious_bijoux\/\" target=\"_blank\" rel=\"noopener nofollow\">Pinterest<\/a>\u00a0and\u00a0<a href=\"https:\/\/www.instagram.com\/weprecious_fr\/\" target=\"_blank\" rel=\"noopener nofollow\">Instagram<\/a><\/p>","protected":false},"excerpt":{"rendered":"<p>Pendentif Beirut Colours Selim Mouzannar de seconde main en or rose 18 carats (750\/1000). Un motif \u00e9l\u00e9gant avec une rhodolite entour\u00e9e de diamants, suspendu \u00e0 une cha\u00eene en or rose.<\/p>\n<p>La collection Beirut de Selim Mouzannar s\u2019inspire de l\u2019\u00e9nergie vibrante de la ville, avec des d\u00e9tails finement cisel\u00e9s rappelant son architecture embl\u00e9matique et des pierres color\u00e9es qui captent la lumi\u00e8re avec \u00e9clat.<\/p>\n<p>Offrez-vous le savoir-faire artisanal et l\u2019\u00e9clat de la collection Beirut.<\/p>","protected":false},"featured_media":22667,"template":"","meta":{"_acf_changed":false,"_angie_page":false,"_joinchat":[]},"product_brand":[],"product_cat":[607,666,24,348],"product_tag":[468,412,477,137],"class_list":{"0":"post-22639","1":"product","2":"type-product","3":"status-publish","4":"has-post-thumbnail","6":"product_cat-autre","7":"product_cat-beirut-colours","8":"product_cat-colliers-pendentifs","9":"product_cat-nouveaute","10":"product_tag-catalogue","11":"product_tag-exclusivite","12":"product_tag-nouveaute","13":"product_tag-pendentif","14":"pa_boite-boite-sans-marquage","15":"pa_certificat-certificat-dauthenticite-dorigine","16":"pa_etat-categorie-a-excellent-etat","17":"pa_marque-autre","18":"pa_metal-or-rose","19":"pa_pierre-diamant","20":"pa_pierre-rhodiolite","21":"pa_taille-42-cm","23":"first","24":"instock","25":"sold-individually","26":"purchasable","27":"product-type-simple"},"acf":[],"_links":{"self":[{"href":"https:\/\/weprecious.com\/en\/wp-json\/wp\/v2\/product\/22639","targetHints":{"allow":["GET"]}}],"collection":[{"href":"https:\/\/weprecious.com\/en\/wp-json\/wp\/v2\/product"}],"about":[{"href":"https:\/\/weprecious.com\/en\/wp-json\/wp\/v2\/types\/product"}],"version-history":[{"count":0,"href":"https:\/\/weprecious.com\/en\/wp-json\/wp\/v2\/product\/22639\/revisions"}],"wp:featuredmedia":[{"embeddable":true,"href":"https:\/\/weprecious.com\/en\/wp-json\/wp\/v2\/media\/22667"}],"wp:attachment":[{"href":"https:\/\/weprecious.com\/en\/wp-json\/wp\/v2\/media?parent=22639"}],"wp:term":[{"taxonomy":"product_brand","embeddable":true,"href":"https:\/\/weprecious.com\/en\/wp-json\/wp\/v2\/product_brand?post=22639"},{"taxonomy":"product_cat","embeddable":true,"href":"https:\/\/weprecious.com\/en\/wp-json\/wp\/v2\/product_cat?post=22639"},{"taxonomy":"product_tag","embeddable":true,"href":"https:\/\/weprecious.com\/en\/wp-json\/wp\/v2\/product_tag?post=22639"}],"curies":[{"name":"wp","href":"https:\/\/api.w.org\/{rel}","templated":true}]}}