{"id":22264,"date":"2026-02-12T14:04:03","date_gmt":"2026-02-12T13:04:03","guid":{"rendered":"https:\/\/weprecious.com\/?post_type=product&#038;p=22264"},"modified":"2026-03-28T12:34:12","modified_gmt":"2026-03-28T11:34:12","slug":"josephine-aigrette-imperiale-chaumet-t51","status":"publish","type":"product","link":"https:\/\/weprecious.com\/en\/boutique\/marques\/chaumet\/josephine-aigrette-imperiale\/josephine-aigrette-imperiale-chaumet-t51\/","title":{"rendered":"Jos\u00e9phine Aigrette Imp\u00e9riale Chaumet, T51"},"content":{"rendered":"<h4>Description : Jos\u00e9phine Aigrette Imp\u00e9riale Chaumet d&rsquo;occasion, T51<\/h4>\n<p>Bague Jos\u00e9phine Aigrette Imp\u00e9riale Chaumet d&rsquo;occasion en platine 950\/1000. Cette bague est sertie d&rsquo;un diamant poire d&rsquo;environ 1,5 carat et de 66 diamants taille brillant. Tour de doigt : 51 . Bijou sign\u00e9 Chaumet.<\/p>\n<h4>Status<\/h4>\n<p>Cat\u00e9gorie A : Excellent \u00c9tat..<br \/>\nSecond-hand jewellery in excellent condition with no particular defects Each piece of jewellery is carefully checked, cleaned by our workshop and repackaged before dispatch.<\/p>\n<h4>Details<\/h4>\n<p>. Platinum 950\/1000<br \/>\n. Un diamant poire d&rsquo;environ 1,5 carats<br \/>\n. 66 diamants taille brillant pour environ 0,45 carat\u200bs<br \/>\n. Finger size: 51<br \/>\n. Weight : nc<\/p>\n<h4>Packaging and certificates<\/h4>\n<p>. Original jewellery box.<\/p>\n<p>. All our jewellery is delivered to you with a weprecious Certificate of Expertise. This certificate bears a unique number corresponding to the unique certificate issued by our expert partner, Patrimoine Joaillerie. This certificate is digitised and made available to you after purchase.<\/p>\n<p>. En savoir plus sur l&rsquo;expertise <strong>weprecious<\/strong>.<\/p>\n<h4>Jewellery History<\/h4>\n<p>Founded in Paris in 1780, Chaumet became the official jeweller to Empress Josephine. The House's Haute Joaillerie expertise has been passed down from one generation to the next, giving rise to jewellery and watch designs that are very Parisian.<br \/>\nFind out more about the Jewellery House <a href=\"https:\/\/weprecious.com\/en\/second-hand-chaumet-jewellery\/\" target=\"_blank\" rel=\"noopener\">Chaumet<\/a>.<\/p>\n<h4>More information<\/h4>","protected":false},"excerpt":{"rendered":"<p>Jos\u00e9phine Aigrette Imp\u00e9riale Chaumet de seconde main en platine 950\/1000, sertie d\u2019un diamant poire au centre et soulign\u00e9e de diamants taille brillant. Cette bague a le design d\u2019un diad\u00e8me miniature, signature de la Maison Chaumet.<\/p>\n<p>L&rsquo;h\u00e9ritage amoureux de Jos\u00e9phine et Napol\u00e9on prend vie \u00e0 travers cette collection au design majestueux. En reprenant les codes du diad\u00e8me, ces pi\u00e8ces uniques s&rsquo;imposent comme un symbole de prestige et de raffinement absolu.<\/p>\n<p>Adoptez un \u00e9clat majestueux : offrez-vous l&rsquo;\u00e9clat d&rsquo;une couronne miniature et portez \u00e0 votre doigt l&rsquo;h\u00e9ritage d&rsquo;un couple l\u00e9gendaire.<\/p>","protected":false},"featured_media":22276,"template":"","meta":{"_acf_changed":false,"_angie_page":false,"_joinchat":[]},"product_brand":[],"product_cat":[23,204,658,348],"product_tag":[468,551,412,260,477],"class_list":{"0":"post-22264","1":"product","2":"type-product","3":"status-publish","4":"has-post-thumbnail","6":"product_cat-bagues","7":"product_cat-chaumet","8":"product_cat-josephine-aigrette-imperiale","9":"product_cat-nouveaute","10":"product_tag-catalogue","11":"product_tag-engagement","12":"product_tag-exclusivite","13":"product_tag-fiancailles","14":"product_tag-nouveaute","15":"pa_boite-boite-dorigine","16":"pa_etat-categorie-a-excellent-etat","17":"pa_marque-chaumet","18":"pa_metal-platine","19":"pa_pierre-diamant","20":"pa_taille-32","22":"first","23":"instock","24":"sold-individually","25":"purchasable","26":"product-type-simple"},"acf":[],"_links":{"self":[{"href":"https:\/\/weprecious.com\/en\/wp-json\/wp\/v2\/product\/22264","targetHints":{"allow":["GET"]}}],"collection":[{"href":"https:\/\/weprecious.com\/en\/wp-json\/wp\/v2\/product"}],"about":[{"href":"https:\/\/weprecious.com\/en\/wp-json\/wp\/v2\/types\/product"}],"version-history":[{"count":0,"href":"https:\/\/weprecious.com\/en\/wp-json\/wp\/v2\/product\/22264\/revisions"}],"wp:featuredmedia":[{"embeddable":true,"href":"https:\/\/weprecious.com\/en\/wp-json\/wp\/v2\/media\/22276"}],"wp:attachment":[{"href":"https:\/\/weprecious.com\/en\/wp-json\/wp\/v2\/media?parent=22264"}],"wp:term":[{"taxonomy":"product_brand","embeddable":true,"href":"https:\/\/weprecious.com\/en\/wp-json\/wp\/v2\/product_brand?post=22264"},{"taxonomy":"product_cat","embeddable":true,"href":"https:\/\/weprecious.com\/en\/wp-json\/wp\/v2\/product_cat?post=22264"},{"taxonomy":"product_tag","embeddable":true,"href":"https:\/\/weprecious.com\/en\/wp-json\/wp\/v2\/product_tag?post=22264"}],"curies":[{"name":"wp","href":"https:\/\/api.w.org\/{rel}","templated":true}]}}