{"id":22162,"date":"2026-02-04T16:43:46","date_gmt":"2026-02-04T15:43:46","guid":{"rendered":"https:\/\/weprecious.com\/?post_type=product&#038;p=22162"},"modified":"2026-03-28T12:34:24","modified_gmt":"2026-03-28T11:34:24","slug":"bague-eclipse-ruban-gm-hermes-t55","status":"publish","type":"product","link":"https:\/\/weprecious.com\/en\/boutique\/marques\/hermes\/eclipse-ruban\/bague-eclipse-ruban-gm-hermes-t55\/","title":{"rendered":"Bague Eclipse Ruban GM Hermes, T55"},"content":{"rendered":"<h4>Description : Bague Eclipse Ruban GM Hermes d&rsquo;occasion, T55<\/h4>\n<p>Bague Eclipse Ruban GM Herm\u00e8s en argent 925\/1000. Ce bijou se distingue par un large anneau en argent, dont la structure est d\u00e9licatement ajour\u00e9e en son centre pour laisser appara\u00eetre le motif \u00ab\u00a0H\u00a0\u00bb. Tour de doigt : 55. Bijou sign\u00e9 Herm\u00e8s.<\/p>\n<h4>Status<\/h4>\n<p><a href=\"https:\/\/weprecious.com\/en\/buying-guide\/\" target=\"_blank\" rel=\"noopener\">Category B: Good condition.<\/a>.<br \/>\nVintage jewel in good condition. The jewel can have a particular mark, not very visible, without harming its aesthetics. Each piece of jewellery is carefully checked, cleaned by our workshop and repackaged before dispatch.<\/p>\n<h4>Details<\/h4>\n<p>. Silver 925\/1000<br \/>\n. Finger size: 55<br \/>\n. Largeur : 1,1 cm<br \/>\n. Poids : 13,48 gr<\/p>\n<h4>Packaging and certificates<\/h4>\n<p>. Original jewellery box.<\/p>\n<p>. All our jewellery is delivered to you with a weprecious Certificate of Expertise. This certificate bears a unique number corresponding to the unique certificate issued by our expert partner, Patrimoine Joaillerie. This certificate is digitised and made available to you after purchase.<\/p>\n<p>. Find out more about <a href=\"https:\/\/weprecious.com\/en\/buy-a-jewel\/\" target=\"_blank\" rel=\"noopener\">expertise <strong>weprecious<\/strong><\/a>.<\/p>\n<h4>Jewellery History<\/h4>\n<p>The first Herm\u00e8s jewellery appeared in 1927. Herm\u00e8s jewellery is renowned for its elegant, timeless design. They reflect the refined aesthetics and exceptional craftsmanship that have been the hallmarks of the brand since its origins. Herm\u00e8s is famous for its commitment to craftsmanship and the quality of its products. Even today, the Parisian luxury house remains true to its model of craftsmanship and its values. At the heart of these values is the transmission of excellent know-how and the constant search for the finest materials to create long-lasting, elegant objects that forge the uniqueness of the Herm\u00e8s house.<br \/>\nFind out more about the Jewellery House <a href=\"https:\/\/weprecious.com\/en\/bijoux-hermes-occasion\/\" target=\"_blank\" rel=\"noopener\">Hermes<\/a>.<\/p>\n<h4>More information<\/h4>\n<p>More inspiration on our accounts\u00a0<a href=\"https:\/\/www.pinterest.fr\/weprecious_bijoux\/\" target=\"_blank\" rel=\"noopener nofollow\">Pinterest<\/a>\u00a0and\u00a0<a href=\"https:\/\/www.instagram.com\/weprecious_fr\/\" target=\"_blank\" rel=\"noopener nofollow\">Instagram<\/a><\/p>","protected":false},"excerpt":{"rendered":"<p>Bague Eclipse Ruban GM Herm\u00e8s en argent 925\/1000. Ce bijou pr\u00e9sente un large anneau en argent, ajour\u00e9e en son centre pour laisser appara\u00eetre le motif iconique de la maison, le \u00ab\u00a0H\u00a0\u00bb, cr\u00e9ant un jeu de transparence \u00e9l\u00e9gant et contemporain.<\/p>\n<p>La collection Eclipse Ruban de Herm\u00e8s se caract\u00e9rise par son design graphique et \u00e9pur\u00e9, qui s&rsquo;illustre par son jeu de transparence et son ruban d&rsquo;argent d\u00e9licatement perfor\u00e9.<\/p>\n<p>Offrez-vous l\u2019excellence du savoir-faire artisanal de la Maison Herm\u00e8s.<\/p>","protected":false},"featured_media":22147,"template":"","meta":{"_acf_changed":false,"_angie_page":false,"_joinchat":[]},"product_brand":[],"product_cat":[23,657,121,348],"product_tag":[155,468,412,477],"class_list":{"0":"post-22162","1":"product","2":"type-product","3":"status-publish","4":"has-post-thumbnail","6":"product_cat-bagues","7":"product_cat-eclipse-ruban","8":"product_cat-hermes","9":"product_cat-nouveaute","10":"product_tag-bandeau","11":"product_tag-catalogue","12":"product_tag-exclusivite","13":"product_tag-nouveaute","14":"pa_boite-boite-dorigine","15":"pa_certificat-certificat-dauthenticite-weprecious","16":"pa_etat-categorie-b-bon-etat","17":"pa_marque-hermes","18":"pa_metal-argent","19":"pa_pierre-aucune","20":"pa_taille-36","22":"first","23":"instock","24":"sold-individually","25":"purchasable","26":"product-type-simple"},"acf":[],"_links":{"self":[{"href":"https:\/\/weprecious.com\/en\/wp-json\/wp\/v2\/product\/22162","targetHints":{"allow":["GET"]}}],"collection":[{"href":"https:\/\/weprecious.com\/en\/wp-json\/wp\/v2\/product"}],"about":[{"href":"https:\/\/weprecious.com\/en\/wp-json\/wp\/v2\/types\/product"}],"version-history":[{"count":0,"href":"https:\/\/weprecious.com\/en\/wp-json\/wp\/v2\/product\/22162\/revisions"}],"wp:featuredmedia":[{"embeddable":true,"href":"https:\/\/weprecious.com\/en\/wp-json\/wp\/v2\/media\/22147"}],"wp:attachment":[{"href":"https:\/\/weprecious.com\/en\/wp-json\/wp\/v2\/media?parent=22162"}],"wp:term":[{"taxonomy":"product_brand","embeddable":true,"href":"https:\/\/weprecious.com\/en\/wp-json\/wp\/v2\/product_brand?post=22162"},{"taxonomy":"product_cat","embeddable":true,"href":"https:\/\/weprecious.com\/en\/wp-json\/wp\/v2\/product_cat?post=22162"},{"taxonomy":"product_tag","embeddable":true,"href":"https:\/\/weprecious.com\/en\/wp-json\/wp\/v2\/product_tag?post=22162"}],"curies":[{"name":"wp","href":"https:\/\/api.w.org\/{rel}","templated":true}]}}