{"id":22160,"date":"2026-02-04T16:43:46","date_gmt":"2026-02-04T15:43:46","guid":{"rendered":"https:\/\/weprecious.com\/?post_type=product&#038;p=22160"},"modified":"2026-03-28T12:34:24","modified_gmt":"2026-03-28T11:34:24","slug":"bague-osmose-pm-hermes-t49","status":"publish","type":"product","link":"https:\/\/weprecious.com\/en\/boutique\/marques\/hermes\/osmose\/bague-osmose-pm-hermes-t49\/","title":{"rendered":"Bague Osmose PM Hermes, T49"},"content":{"rendered":"<h4>Description : Bague Osmose PM Hermes d&rsquo;occasion, T49<\/h4>\n<p>Bague Osmose PM Herm\u00e8s d&rsquo;occasion en argent 925\/1000. Mod\u00e8le d&rsquo;une largeur d&rsquo;environ 1,3 cm pr\u00e9sentant une silhouette circulaire aux lignes \u00e9pur\u00e9es. Tour de doigt : 49. Bijou sign\u00e9 Herm\u00e8s.<\/p>\n<h4>Status<\/h4>\n<p><a href=\"https:\/\/weprecious.com\/en\/buying-guide\/\" target=\"_blank\" rel=\"noopener\">Category B: Good condition.<\/a>.<br \/>\nVintage jewel in good condition. The jewel can have a particular mark, not very visible, without harming its aesthetics. Each piece of jewellery is carefully checked, cleaned by our workshop and repackaged before dispatch.<\/p>\n<h4>Details<\/h4>\n<p>. Silver 925\/1000<br \/>\n. Finger size: 49<br \/>\n. Largeur : 1,35 cm<br \/>\n. Poids : 11,37 gr<\/p>\n<h4>Packaging and certificates<\/h4>\n<p>. Original jewellery box.<\/p>\n<p>. All our jewellery is delivered to you with a weprecious Certificate of Expertise. This certificate bears a unique number corresponding to the unique certificate issued by our expert partner, Patrimoine Joaillerie. This certificate is digitised and made available to you after purchase.<\/p>\n<p>. Find out more about <a href=\"https:\/\/weprecious.com\/en\/buy-a-jewel\/\" target=\"_blank\" rel=\"noopener\">expertise <strong>weprecious<\/strong><\/a>.<\/p>\n<h4>Jewellery History<\/h4>\n<p>Les premiers bijoux Herm\u00e8s apparaissent en 1927. R\u00e9put\u00e9s pour leur design \u00e9l\u00e9gant et intemporel, les bijoux Herm\u00e8s refl\u00e8tent l&rsquo;esth\u00e9tique raffin\u00e9e et l&rsquo;artisanat exceptionnel, caract\u00e9ristiques de la marque depuis ses origines. Dans les ann\u00e9es 40, Robert Dumas imagine la collection Cha\u00eene d&rsquo;ancre au maillon devenu embl\u00e9matique incarnant le savoir faire de la marque, et qui continue d&rsquo;inspirer les cr\u00e9ations Herm\u00e8s.<br \/>\nFind out more about the Jewellery House <a href=\"https:\/\/weprecious.com\/en\/bijoux-hermes-occasion\/\" target=\"_blank\" rel=\"noopener\">Hermes<\/a>.<\/p>\n<h4>More information<\/h4>\n<p>More inspiration on our accounts\u00a0<a href=\"https:\/\/www.pinterest.fr\/weprecious_bijoux\/\" target=\"_blank\" rel=\"noopener nofollow\">Pinterest<\/a>\u00a0and\u00a0<a href=\"https:\/\/www.instagram.com\/weprecious_fr\/\" target=\"_blank\" rel=\"noopener nofollow\">Instagram<\/a><\/p>","protected":false},"excerpt":{"rendered":"<p>Bague Osmose PM Herm\u00e8s de seconde main en argent 925\/1000. Son design contemporain met en valeur des lignes \u00e9pur\u00e9es et volumes imbriqu\u00e9s formant un motif ouvert distinctif, signature de la maison Herm\u00e8s.<\/p>\n<p>La collection Osmose refl\u00e8te une interpr\u00e9tation moderne de lignes nettes et de compositions \u00e9quilibr\u00e9es, embl\u00e9matique de la Maison Herm\u00e8s.<\/p>\n<p>Offrez-vous une pi\u00e8ce issue du savoir-faire artisanal de la Maison Herm\u00e8s.<\/p>","protected":false},"featured_media":22154,"template":"","meta":{"_acf_changed":false,"_angie_page":false,"_joinchat":[]},"product_brand":[],"product_cat":[23,121,348,651],"product_tag":[155,468,412,477],"class_list":{"0":"post-22160","1":"product","2":"type-product","3":"status-publish","4":"has-post-thumbnail","6":"product_cat-bagues","7":"product_cat-hermes","8":"product_cat-nouveaute","9":"product_cat-osmose","10":"product_tag-bandeau","11":"product_tag-catalogue","12":"product_tag-exclusivite","13":"product_tag-nouveaute","14":"pa_boite-boite-dorigine","15":"pa_certificat-certificat-dauthenticite-weprecious","16":"pa_etat-categorie-b-bon-etat","17":"pa_marque-hermes","18":"pa_metal-argent","19":"pa_pierre-aucune","20":"pa_taille-30","22":"first","23":"outofstock","24":"sold-individually","25":"purchasable","26":"product-type-simple"},"acf":[],"_links":{"self":[{"href":"https:\/\/weprecious.com\/en\/wp-json\/wp\/v2\/product\/22160","targetHints":{"allow":["GET"]}}],"collection":[{"href":"https:\/\/weprecious.com\/en\/wp-json\/wp\/v2\/product"}],"about":[{"href":"https:\/\/weprecious.com\/en\/wp-json\/wp\/v2\/types\/product"}],"version-history":[{"count":0,"href":"https:\/\/weprecious.com\/en\/wp-json\/wp\/v2\/product\/22160\/revisions"}],"wp:featuredmedia":[{"embeddable":true,"href":"https:\/\/weprecious.com\/en\/wp-json\/wp\/v2\/media\/22154"}],"wp:attachment":[{"href":"https:\/\/weprecious.com\/en\/wp-json\/wp\/v2\/media?parent=22160"}],"wp:term":[{"taxonomy":"product_brand","embeddable":true,"href":"https:\/\/weprecious.com\/en\/wp-json\/wp\/v2\/product_brand?post=22160"},{"taxonomy":"product_cat","embeddable":true,"href":"https:\/\/weprecious.com\/en\/wp-json\/wp\/v2\/product_cat?post=22160"},{"taxonomy":"product_tag","embeddable":true,"href":"https:\/\/weprecious.com\/en\/wp-json\/wp\/v2\/product_tag?post=22160"}],"curies":[{"name":"wp","href":"https:\/\/api.w.org\/{rel}","templated":true}]}}