{"id":22159,"date":"2026-02-04T16:43:46","date_gmt":"2026-02-04T15:43:46","guid":{"rendered":"https:\/\/weprecious.com\/?post_type=product&#038;p=22159"},"modified":"2026-04-23T15:12:40","modified_gmt":"2026-04-23T13:12:40","slug":"bague-vertige-hermes-t49","status":"publish","type":"product","link":"https:\/\/weprecious.com\/en\/boutique\/marques\/hermes\/vertige\/bague-vertige-hermes-t49\/","title":{"rendered":"Bague Vertige Hermes, T49"},"content":{"rendered":"<h4>Description : Bague Vertige Hermes d&rsquo;occasion, T49<\/h4>\n<p>Bague Vertige Herm\u00e8s d&rsquo;occasion en argent 925\/1000. Ce bijou pr\u00e9sente une boucle double tour entrelac\u00e9e. Tour de doigt : 49. Bijou sign\u00e9 Herm\u00e8s.<\/p>\n<h4>Status<\/h4>\n<p><a href=\"https:\/\/weprecious.com\/en\/buying-guide\/\" target=\"_blank\" rel=\"noopener\">Category B: Good condition.<\/a>.<br \/>\nVintage jewel in good condition. The jewel can have a particular mark, not very visible, without harming its aesthetics. Each piece of jewellery is carefully checked, cleaned by our workshop and repackaged before dispatch.<\/p>\n<h4>Details<\/h4>\n<p>. Silver 925\/1000<br \/>\n. Finger size: 49<br \/>\n. Largeur : 0,45 cm<br \/>\n. Poids : 15,11 gr<\/p>\n<h4>Packaging and certificates<\/h4>\n<p>. Original jewellery box.<\/p>\n<p>. All our jewellery is delivered to you with a weprecious Certificate of Expertise. This certificate bears a unique number corresponding to the unique certificate issued by our expert partner, Patrimoine Joaillerie. This certificate is digitised and made available to you after purchase.<\/p>\n<p>. Find out more about <a href=\"https:\/\/weprecious.com\/en\/buy-a-jewel\/\" target=\"_blank\" rel=\"noopener\">expertise <strong>weprecious<\/strong><\/a>.<\/p>\n<h4>Jewellery History<\/h4>\n<p>Les premiers bijoux Herm\u00e8s apparaissent en 1927. R\u00e9put\u00e9s pour leur design \u00e9l\u00e9gant et intemporel, les bijoux Herm\u00e8s refl\u00e8tent l&rsquo;esth\u00e9tique raffin\u00e9e et l&rsquo;artisanat exceptionnel, caract\u00e9ristiques de la marque depuis ses origines. Dans les ann\u00e9es 40, Robert Dumas imagine la collection Cha\u00eene d&rsquo;ancre au maillon devenu embl\u00e9matique incarnant le savoir faire de la marque, et qui continue d&rsquo;inspirer les cr\u00e9ations Herm\u00e8s.<br \/>\nHerm\u00e8s, renowned for its commitment to craftsmanship and the quality of its products, remains true to its artisanal model and its values. At the heart of these values is the transmission of excellent know-how and the constant search for the finest materials to create long-lasting, elegant objects that forge the uniqueness of the House of Herm\u00e8s.<br \/>\nFind out more about the Jewellery House <a href=\"https:\/\/weprecious.com\/en\/bijoux-hermes-occasion\/\" target=\"_blank\" rel=\"noopener\">Hermes<\/a>.<\/p>\n<h4>More information<\/h4>\n<p>More inspiration on our accounts\u00a0<a href=\"https:\/\/www.pinterest.fr\/weprecious_bijoux\/\" target=\"_blank\" rel=\"noopener nofollow\">Pinterest<\/a>\u00a0and\u00a0<a href=\"https:\/\/www.instagram.com\/weprecious_fr\/\" target=\"_blank\" rel=\"noopener nofollow\">Instagram<\/a><\/p>","protected":false},"excerpt":{"rendered":"<p>Bague Vertige Herm\u00e8s de seconde main en argent 925\/1000. Son design \u00e0 double tour forme un motif graphique et a\u00e9rien, embl\u00e9matique de la Maison.<\/p>\n<p>Vertige is inspired by the double tour, the Herm\u00e8s signature designed by Martin Margiela in 1998. A ring with a timeless design that is instantly recognisable.<\/p>\n<p>Herm\u00e8s is probably the house that knows best how to sublimate silver through sculptural designs that give pride of place to the raw material.<\/p>","protected":false},"featured_media":22148,"template":"","meta":{"_acf_changed":false,"_angie_page":false,"_joinchat":[]},"product_brand":[],"product_cat":[23,121,348,131],"product_tag":[155,468,412,477],"class_list":{"0":"post-22159","1":"product","2":"type-product","3":"status-publish","4":"has-post-thumbnail","6":"product_cat-bagues","7":"product_cat-hermes","8":"product_cat-nouveaute","9":"product_cat-vertige","10":"product_tag-bandeau","11":"product_tag-catalogue","12":"product_tag-exclusivite","13":"product_tag-nouveaute","14":"pa_boite-boite-dorigine","15":"pa_certificat-certificat-dauthenticite-weprecious","16":"pa_etat-categorie-b-bon-etat","17":"pa_marque-hermes","18":"pa_metal-argent","19":"pa_pierre-aucune","20":"pa_taille-30","22":"first","23":"instock","24":"sold-individually","25":"purchasable","26":"product-type-simple"},"acf":[],"_links":{"self":[{"href":"https:\/\/weprecious.com\/en\/wp-json\/wp\/v2\/product\/22159","targetHints":{"allow":["GET"]}}],"collection":[{"href":"https:\/\/weprecious.com\/en\/wp-json\/wp\/v2\/product"}],"about":[{"href":"https:\/\/weprecious.com\/en\/wp-json\/wp\/v2\/types\/product"}],"version-history":[{"count":0,"href":"https:\/\/weprecious.com\/en\/wp-json\/wp\/v2\/product\/22159\/revisions"}],"wp:featuredmedia":[{"embeddable":true,"href":"https:\/\/weprecious.com\/en\/wp-json\/wp\/v2\/media\/22148"}],"wp:attachment":[{"href":"https:\/\/weprecious.com\/en\/wp-json\/wp\/v2\/media?parent=22159"}],"wp:term":[{"taxonomy":"product_brand","embeddable":true,"href":"https:\/\/weprecious.com\/en\/wp-json\/wp\/v2\/product_brand?post=22159"},{"taxonomy":"product_cat","embeddable":true,"href":"https:\/\/weprecious.com\/en\/wp-json\/wp\/v2\/product_cat?post=22159"},{"taxonomy":"product_tag","embeddable":true,"href":"https:\/\/weprecious.com\/en\/wp-json\/wp\/v2\/product_tag?post=22159"}],"curies":[{"name":"wp","href":"https:\/\/api.w.org\/{rel}","templated":true}]}}