{"id":22158,"date":"2026-02-04T16:43:46","date_gmt":"2026-02-04T15:43:46","guid":{"rendered":"https:\/\/weprecious.com\/?post_type=product&#038;p=22158"},"modified":"2026-03-23T13:23:11","modified_gmt":"2026-03-23T12:23:11","slug":"bague-croisette-gm-hermes-t49","status":"publish","type":"product","link":"https:\/\/weprecious.com\/en\/boutique\/marques\/hermes\/croisette\/bague-croisette-gm-hermes-t49\/","title":{"rendered":"Bague Croisette GM Hermes, T49"},"content":{"rendered":"<h4>Description : Bague Croisette GM Hermes d&rsquo;occasion, T49<\/h4>\n<p>Bague Croisette GM Herm\u00e8s d\u2019occasion en argent 925\/1000. La bague se compose d\u2019un anneau, retenant en son centre, un b\u00e2tonnet, retenu lui-m\u00eame par une importante cha\u00eene \u00e0 maillons ronds termin\u00e9e par un demi jonc. Tour de doigt : 49. Bijou sign\u00e9 Herm\u00e8s.<\/p>\n<h4>Status<\/h4>\n<p><a href=\"https:\/\/weprecious.com\/en\/buying-guide\/\" target=\"_blank\" rel=\"noopener\">Category B: Good condition.<\/a>.<br \/>\nVintage jewel in good condition. The jewel can have a particular mark, not very visible, without harming its aesthetics. Each piece of jewellery is carefully checked, cleaned by our workshop and repackaged before dispatch.<\/p>\n<h4>Details<\/h4>\n<p>. Silver 925\/1000<br \/>\n. Pattern size: 1.9 x 1.7 mm<br \/>\n. Width: 3.5 mm<br \/>\n. Finger size: 49<br \/>\n. Weight : nc<\/p>\n<h4>Packaging and certificates<\/h4>\n<p>. Original jewellery box.<\/p>\n<p>. All our jewellery is delivered to you with a weprecious Certificate of Expertise. This certificate bears a unique number corresponding to the unique certificate issued by our expert partner, Patrimoine Joaillerie. This certificate is digitised and made available to you after purchase.<\/p>\n<p>. Find out more about <a href=\"https:\/\/weprecious.com\/en\/buy-a-jewel\/\" target=\"_blank\" rel=\"noopener\">expertise <strong>weprecious<\/strong><\/a>.<\/p>\n<h4>Jewellery History<\/h4>\n<p>The first Herm\u00e8s jewellery appeared in 1927. Herm\u00e8s jewellery is renowned for its elegant, timeless design. They reflect the refined aesthetics and exceptional craftsmanship that have been the hallmarks of the brand since its origins. Herm\u00e8s is famous for its commitment to craftsmanship and the quality of its products. Even today, the Parisian luxury house remains true to its model of craftsmanship and its values. At the heart of these values is the transmission of excellent know-how and the constant search for the finest materials to create long-lasting, elegant objects that forge the uniqueness of the Herm\u00e8s house.<br \/>\nFind out more about the Jewellery House <a href=\"https:\/\/weprecious.com\/en\/bijoux-hermes-occasion\/\" target=\"_blank\" rel=\"noopener\">Hermes<\/a>.<\/p>\n<h4>More information<\/h4>\n<p>More inspiration on our accounts\u00a0<a href=\"https:\/\/www.pinterest.fr\/weprecious_bijoux\/\" target=\"_blank\" rel=\"noopener nofollow\">Pinterest<\/a>\u00a0and\u00a0<a href=\"https:\/\/www.instagram.com\/weprecious_fr\/\" target=\"_blank\" rel=\"noopener nofollow\">Instagram<\/a><\/p>","protected":false},"excerpt":{"rendered":"<p>Bague Croisette GM Herm\u00e8s de seconde main en argent 925\/1000. Bijou o\u00f9 l\u2019iconique motif \u201canneau-b\u00e2tonnet\u201d de la maison Herm\u00e8s est mont\u00e9 sur cha\u00eene maille for\u00e7at.<\/p>\n<p>The fruit of precise, technical expertise, this silver ring takes up the symbols of the House of Herm\u00e8s. The b\u00e2tonnet ring, a symbol of the house, has been transformed into a slightly oversized ring.<\/p>\n<p>Embrace Herm\u00e8s chic and this iconic design.<\/p>","protected":false},"featured_media":22153,"template":"","meta":{"_acf_changed":false,"_angie_page":false,"_joinchat":[]},"product_brand":[],"product_cat":[23,327,121,348],"product_tag":[468,412,477],"class_list":{"0":"post-22158","1":"product","2":"type-product","3":"status-publish","4":"has-post-thumbnail","6":"product_cat-bagues","7":"product_cat-croisette","8":"product_cat-hermes","9":"product_cat-nouveaute","10":"product_tag-catalogue","11":"product_tag-exclusivite","12":"product_tag-nouveaute","13":"pa_boite-boite-dorigine","14":"pa_certificat-certificat-dauthenticite-weprecious","15":"pa_etat-categorie-b-bon-etat","16":"pa_marque-hermes","17":"pa_metal-argent","18":"pa_pierre-aucune","19":"pa_taille-30","21":"first","22":"outofstock","23":"sold-individually","24":"purchasable","25":"product-type-simple"},"acf":[],"_links":{"self":[{"href":"https:\/\/weprecious.com\/en\/wp-json\/wp\/v2\/product\/22158","targetHints":{"allow":["GET"]}}],"collection":[{"href":"https:\/\/weprecious.com\/en\/wp-json\/wp\/v2\/product"}],"about":[{"href":"https:\/\/weprecious.com\/en\/wp-json\/wp\/v2\/types\/product"}],"version-history":[{"count":0,"href":"https:\/\/weprecious.com\/en\/wp-json\/wp\/v2\/product\/22158\/revisions"}],"wp:featuredmedia":[{"embeddable":true,"href":"https:\/\/weprecious.com\/en\/wp-json\/wp\/v2\/media\/22153"}],"wp:attachment":[{"href":"https:\/\/weprecious.com\/en\/wp-json\/wp\/v2\/media?parent=22158"}],"wp:term":[{"taxonomy":"product_brand","embeddable":true,"href":"https:\/\/weprecious.com\/en\/wp-json\/wp\/v2\/product_brand?post=22158"},{"taxonomy":"product_cat","embeddable":true,"href":"https:\/\/weprecious.com\/en\/wp-json\/wp\/v2\/product_cat?post=22158"},{"taxonomy":"product_tag","embeddable":true,"href":"https:\/\/weprecious.com\/en\/wp-json\/wp\/v2\/product_tag?post=22158"}],"curies":[{"name":"wp","href":"https:\/\/api.w.org\/{rel}","templated":true}]}}