{"id":22157,"date":"2026-02-04T16:43:46","date_gmt":"2026-02-04T15:43:46","guid":{"rendered":"https:\/\/weprecious.com\/?post_type=product&#038;p=22157"},"modified":"2026-03-28T12:34:36","modified_gmt":"2026-03-28T11:34:36","slug":"collier-le-premier-jour-mauboussin","status":"publish","type":"product","link":"https:\/\/weprecious.com\/en\/boutique\/marques\/mauboussin\/le-premier-jour\/collier-le-premier-jour-mauboussin\/","title":{"rendered":"Collier Le Premier Jour Mauboussin"},"content":{"rendered":"<h4>Description : Collier Le Premier Jour Mauboussin d&rsquo;occasion<\/h4>\n<p>Collier Le Premier Jour Mauboussin d\u2019occasion en or blanc 750\/1000 (18 K). Ce pendentif est orn\u00e9 d\u2019un motif rond textur\u00e9 serti de 6 diamants taille brillant, le tout retenu par une fine cha\u00eene \u00e0 maillons for\u00e7at en or blanc d\u2019une longueur de 42,5 cm, ajustable \u00e0 40,5 cm, avec un fermoir mousqueton. Bijou sign\u00e9 Mauboussin.<\/p>\n<h4>Status<\/h4>\n<p><a href=\"https:\/\/weprecious.com\/en\/buying-guide\/\" target=\"_blank\" rel=\"noopener\">Category A: Excellent condition.<\/a>.<br \/>\nSecond-hand jewellery in excellent condition with no particular defects Each piece of jewellery is carefully checked, cleaned by our workshop and repackaged before dispatch.<\/p>\n<h4>Details<\/h4>\n<p>. 750\/1000 (18K) white gold<br \/>\n. 6 diamants taille brillant sur le motif<br \/>\n. Longueur de la cha\u00eene : 42 cm ajustable \u00e0 40,5 cm<br \/>\n. Taille motif : 2 cm<br \/>\n. Weight : 3,22 gr<\/p>\n<h4>Packaging and certificates<\/h4>\n<p>. Discreetly signed weprecious box or pouch.<\/p>\n<p>. Certificate of origin from the jewellery brand.<\/p>\n<p>. All our jewellery is delivered to you with a weprecious Certificate of Expertise. This certificate bears a unique number corresponding to the unique certificate issued by our expert partner, Patrimoine Joaillerie. This certificate is digitised and made available to you after purchase.<\/p>\n<p>. Find out more about <a href=\"https:\/\/weprecious.com\/en\/buy-a-jewel\/\" target=\"_blank\" rel=\"noopener\">expertise <strong>weprecious<\/strong><\/a>.<\/p>\n<h4>Jewellery History<\/h4>\n<p>Mauboussin est une prestigieuse maison de joaillerie fran\u00e7aise cr\u00e9\u00e9e en 1827 \u00e0 Paris. La r\u00e9putation de Mauboussin d\u00e9passe les fronti\u00e8res fran\u00e7aises et la maison est aujourd&rsquo;hui reconnue pour son savoir-faire exceptionnel et pour ses cr\u00e9ations \u00e9l\u00e9gantes et intemporelles. Les cr\u00e9ations de Mauboussin portent souvent des significations profondes, visant \u00e0 c\u00e9l\u00e9brer l&rsquo;amour et l&rsquo;engagement entre deux \u00eatres, la chance ou d&rsquo;autres valeurs importantes. La collection mythique \u00ab\u00a0Le Premier Jour\u00a0\u00bb est une collection d\u00e9di\u00e9e \u00e0 c\u00e9l\u00e9brer le lien amoureux.<br \/>\nFind out more about the Jewellery House <a href=\"https:\/\/weprecious.com\/en\/second-hand-mauboussin-jewellery\/\" target=\"_blank\" rel=\"noopener\">Mauboussin<\/a>.<\/p>\n<h4>More information<\/h4>\n<p>More inspiration on our accounts\u00a0<a href=\"https:\/\/www.pinterest.fr\/weprecious_bijoux\/\" target=\"_blank\" rel=\"noopener nofollow\">Pinterest<\/a>\u00a0and\u00a0<a href=\"https:\/\/www.instagram.com\/weprecious_fr\/\" target=\"_blank\" rel=\"noopener nofollow\">Instagram<\/a><\/p>","protected":false},"excerpt":{"rendered":"<p>Collier Le Premier Jour Mauboussin de seconde main en or blanc 18 carats (750\/1000), ce bijou pr\u00e9sente un motif rond aux d\u00e9tails perl\u00e9s orn\u00e9 de 6 diamants taille brillant, sur une fine cha\u00eene \u00e0 maillons for\u00e7at en or blanc.<\/p>\n<p>La collection Le Premier Jour de Mauboussin c\u00e9l\u00e8bre les d\u00e9buts qui comptent : un amour, une d\u00e9cision, un nouveau chapitre. Des cr\u00e9ations fines et symboliques, pens\u00e9es comme des talismans modernes, o\u00f9 l\u2019or et les diamants signent l\u2019\u00e9l\u00e9gance des premi\u00e8res fois.<\/p>\n<p>Craquez pour ce bijou qui capture la douceur des premi\u00e8res fois et l\u2019\u00e9clat des instants pr\u00e9cieux.<\/p>","protected":false},"featured_media":22145,"template":"","meta":{"_acf_changed":false,"_angie_page":false,"_joinchat":[]},"product_brand":[],"product_cat":[24,656,113,348],"product_tag":[468,412,477,137],"class_list":{"0":"post-22157","1":"product","2":"type-product","3":"status-publish","4":"has-post-thumbnail","6":"product_cat-colliers-pendentifs","7":"product_cat-le-premier-jour","8":"product_cat-mauboussin","9":"product_cat-nouveaute","10":"product_tag-catalogue","11":"product_tag-exclusivite","12":"product_tag-nouveaute","13":"product_tag-pendentif","14":"pa_boite-boite-sans-marquage","15":"pa_certificat-certificat-dauthenticite-dorigine","16":"pa_etat-categorie-a-excellent-etat","17":"pa_marque-mauboussin","18":"pa_metal-or-blanc","19":"pa_pierre-diamant","20":"pa_taille-42-cm","22":"first","23":"instock","24":"sold-individually","25":"purchasable","26":"product-type-simple"},"acf":[],"_links":{"self":[{"href":"https:\/\/weprecious.com\/en\/wp-json\/wp\/v2\/product\/22157","targetHints":{"allow":["GET"]}}],"collection":[{"href":"https:\/\/weprecious.com\/en\/wp-json\/wp\/v2\/product"}],"about":[{"href":"https:\/\/weprecious.com\/en\/wp-json\/wp\/v2\/types\/product"}],"version-history":[{"count":0,"href":"https:\/\/weprecious.com\/en\/wp-json\/wp\/v2\/product\/22157\/revisions"}],"wp:featuredmedia":[{"embeddable":true,"href":"https:\/\/weprecious.com\/en\/wp-json\/wp\/v2\/media\/22145"}],"wp:attachment":[{"href":"https:\/\/weprecious.com\/en\/wp-json\/wp\/v2\/media?parent=22157"}],"wp:term":[{"taxonomy":"product_brand","embeddable":true,"href":"https:\/\/weprecious.com\/en\/wp-json\/wp\/v2\/product_brand?post=22157"},{"taxonomy":"product_cat","embeddable":true,"href":"https:\/\/weprecious.com\/en\/wp-json\/wp\/v2\/product_cat?post=22157"},{"taxonomy":"product_tag","embeddable":true,"href":"https:\/\/weprecious.com\/en\/wp-json\/wp\/v2\/product_tag?post=22157"}],"curies":[{"name":"wp","href":"https:\/\/api.w.org\/{rel}","templated":true}]}}