{"id":22091,"date":"2026-01-30T18:32:54","date_gmt":"2026-01-30T17:32:54","guid":{"rendered":"https:\/\/weprecious.com\/?post_type=product&#038;p=22091"},"modified":"2026-03-28T12:34:45","modified_gmt":"2026-03-28T11:34:45","slug":"solitaire-tiffany-setting-tiffany-co-t52","status":"publish","type":"product","link":"https:\/\/weprecious.com\/en\/boutique\/marques\/tiffany-co\/tiffany-setting\/solitaire-tiffany-setting-tiffany-co-t52\/","title":{"rendered":"Solitaire Tiffany Setting Tiffany &#038; Co, T52"},"content":{"rendered":"<h4>Description : Solitaire Tiffany Setting Tiffany &#038; Co d&rsquo;occasion, T52 <\/h4>\n<p>Solitaire Tiffany Setting de Tiffany &#038; Co d&rsquo;occasion en or jaune 750\/1000 (18K). La bague pr\u00e9sente un anneau fin en or jaune surmont\u00e9 d\u2019un diamant taille brillant rond de 1,20 carats serti par six griffes de Platine, caract\u00e9ristique du mod\u00e8le Tiffany Setting. Bijou neuf avec un d\u00e9faut de poin\u00e7onnage pr\u00e9sent sur la partie inf\u00e9rieure lat\u00e9rale, visible sur un seul c\u00f4t\u00e9, sur la partie basse de l&rsquo;anneau. Tour de doigt : 52. Bijou Tiffany &#038; Co sign\u00e9. Avec Certificat Tiffany&#038;Co.<\/p>\n<h4>Status<\/h4>\n<p><a href=\"https:\/\/weprecious.com\/en\/buying-guide\/\" target=\"_blank\" rel=\"noopener\">Category B: Good condition.<\/a>.<br \/>Vintage jewel in good condition. The jewel can have a particular mark, not very visible, without harming its aesthetics. Each piece of jewellery is carefully checked, cleaned by our workshop and repackaged before dispatch. <\/p>\n<h4>Details<\/h4>\n<p>. 750\/1000 (18K) yellow gold<br \/>. Diamant rond brillant avec Certificat Tiffany&#038;Co : 1,21 ct H VVS2<br \/>. Finger size: 52<br \/>. Poids : 3,70 gr<\/p>\n<h4>Packaging and certificates<\/h4>\n<p>. Original jewellery box.<\/p>\n<p>. Certificate of origin from the jewellery brand.<\/p>\n<p>. All our jewellery is delivered to you with a weprecious Certificate of Expertise. This certificate bears a unique number corresponding to the unique certificate issued by our expert partner, Patrimoine Joaillerie. This certificate is digitised and made available to you after purchase.<\/p>\n<p>. Find out more about <a href=\"https:\/\/weprecious.com\/en\/buy-a-jewel\/\" target=\"_blank\" rel=\"noopener\">expertise <strong>weprecious<\/strong><\/a>.<\/p>\n<h4>Jewellery History<\/h4>\n<p>Ce bijou de la collection Tiffany\u00ae Setting d\u00e9di\u00e9e aux bagues de fian\u00e7ailles est un mod\u00e8le embl\u00e9matique de la maison Tiffany &#038; Co. En 1886, la maison joailli\u00e8re new-yorkaise con\u00e7oit la bague de fian\u00e7ailles moderne qui sublime le diamant. Six griffes discr\u00e8tes en platine pour r\u00e9hausser la pierre.<br \/>Find out more about the Jewellery House <a href=\"https:\/\/weprecious.com\/en\/bijoux-tiffany-co-occasion\/\" target=\"_blank\" rel=\"noopener\">Tiffany &amp; Co<\/a>.<\/p>\n<h4>More information<\/h4>\n<p>More inspiration on our accounts\u00a0<a href=\"https:\/\/www.pinterest.fr\/weprecious_bijoux\/\" target=\"_blank\" rel=\"noopener nofollow\">Pinterest<\/a>\u00a0and\u00a0<a href=\"https:\/\/www.instagram.com\/weprecious_fr\/\" target=\"_blank\" rel=\"noopener nofollow\">Instagram<\/a><\/p>","protected":false},"excerpt":{"rendered":"<p>Solitaire Tiffany Setting Tiffany &#038; Co de seconde main en Or Jaune 18 carats (750\/1000) et Platine 950\/1000 serti d\u2019un diamant, une monture iconique \u00e0 six griffes qui sublime l\u2019\u00e9clat de la pierre pr\u00e9cieuse. Bijou neuf avec un d\u00e9faut de poin\u00e7onnage pr\u00e9sent sur la partie inf\u00e9rieure lat\u00e9rale, visible sur un seul c\u00f4t\u00e9, sur la partie basse de l&rsquo;anneau.<\/p>\n<p>The ultimate love ring, the solitaire showcases diamonds like never before.<\/p>\n<p>Choose the world's most iconic ring: a solitaire from Tiffany &amp; Co.<\/p>","protected":false},"featured_media":22084,"template":"","meta":{"_acf_changed":false,"_angie_page":false,"_joinchat":[]},"product_brand":[],"product_cat":[23,348,126,303],"product_tag":[468,551,412,260,477,323],"class_list":{"0":"post-22091","1":"product","2":"type-product","3":"status-publish","4":"has-post-thumbnail","6":"product_cat-bagues","7":"product_cat-nouveaute","8":"product_cat-tiffany-co","9":"product_cat-tiffany-setting","10":"product_tag-catalogue","11":"product_tag-engagement","12":"product_tag-exclusivite","13":"product_tag-fiancailles","14":"product_tag-nouveaute","15":"product_tag-solitaire","16":"pa_boite-boite-dorigine","17":"pa_certificat-certificat-dauthenticite-dorigine","18":"pa_etat-categorie-b-bon-etat","19":"pa_marque-tiffanyco","20":"pa_metal-or-jaune","21":"pa_pierre-diamant","22":"pa_taille-33","24":"first","25":"instock","26":"sold-individually","27":"purchasable","28":"product-type-simple"},"acf":[],"_links":{"self":[{"href":"https:\/\/weprecious.com\/en\/wp-json\/wp\/v2\/product\/22091","targetHints":{"allow":["GET"]}}],"collection":[{"href":"https:\/\/weprecious.com\/en\/wp-json\/wp\/v2\/product"}],"about":[{"href":"https:\/\/weprecious.com\/en\/wp-json\/wp\/v2\/types\/product"}],"version-history":[{"count":0,"href":"https:\/\/weprecious.com\/en\/wp-json\/wp\/v2\/product\/22091\/revisions"}],"wp:featuredmedia":[{"embeddable":true,"href":"https:\/\/weprecious.com\/en\/wp-json\/wp\/v2\/media\/22084"}],"wp:attachment":[{"href":"https:\/\/weprecious.com\/en\/wp-json\/wp\/v2\/media?parent=22091"}],"wp:term":[{"taxonomy":"product_brand","embeddable":true,"href":"https:\/\/weprecious.com\/en\/wp-json\/wp\/v2\/product_brand?post=22091"},{"taxonomy":"product_cat","embeddable":true,"href":"https:\/\/weprecious.com\/en\/wp-json\/wp\/v2\/product_cat?post=22091"},{"taxonomy":"product_tag","embeddable":true,"href":"https:\/\/weprecious.com\/en\/wp-json\/wp\/v2\/product_tag?post=22091"}],"curies":[{"name":"wp","href":"https:\/\/api.w.org\/{rel}","templated":true}]}}