{"id":22083,"date":"2026-01-30T18:16:13","date_gmt":"2026-01-30T17:16:13","guid":{"rendered":"https:\/\/weprecious.com\/?post_type=product&#038;p=22083"},"modified":"2026-04-27T11:38:08","modified_gmt":"2026-04-27T09:38:08","slug":"solitaire-1895-cartier-t51-2","status":"publish","type":"product","link":"https:\/\/weprecious.com\/en\/boutique\/marques\/cartier\/solitaire-1895\/solitaire-1895-cartier-t51-2\/","title":{"rendered":"Solitaire 1895 Cartier, T51"},"content":{"rendered":"<h4>Description : Solitaire 1895 Cartier d&rsquo;occasion, T51<\/h4>\n<p>Solitaire 1895 Diamant Cartier d&rsquo;occasion en or jaune 750\/1000. La bague pr\u00e9sente un anneau fin et \u00e9pur\u00e9 en or jaune, surmont\u00e9 d\u2019un diamant taille brillant serti \u00e0 quatre griffes. Le design met en valeur la pierre centrale, sans ornements suppl\u00e9mentaires sur l\u2019anneau. Tour de doigt : 51. Bijou Cartier sign\u00e9.<\/p>\n<h4>Status<\/h4>\n<p><a href=\"https:\/\/weprecious.com\/en\/buying-guide\/\" target=\"_blank\" rel=\"noopener\">Category A: Excellent condition.<\/a>.<br \/>\nSecond-hand jewellery in excellent condition with no particular defects Each piece of jewellery is carefully checked, cleaned by our workshop and repackaged before dispatch.<\/p>\n<h4>Details<\/h4>\n<p>. 750\/1000 (18K) yellow gold<br \/>\n. 1 diamant rond brillant de 0,21 carat, avec certificat GIA (Gemological Institute of America) &#8211; E \/ IF<br \/>\n. Finger size: 51<br \/>\n. Poids : 2,8 gr<\/p>\n<h4>Packaging and certificates<\/h4>\n<p>. Original jewellery case.<\/p>\n<p>. Original jewellery box.<\/p>\n<p>. Certificate of origin from the jewellery brand.<\/p>\n<p>. All our jewellery is delivered to you with a weprecious Certificate of Expertise. This certificate bears a unique number corresponding to the unique certificate issued by our expert partner, Patrimoine Joaillerie. This certificate is digitised and made available to you after purchase.<\/p>\n<p>. Find out more about <a href=\"https:\/\/weprecious.com\/en\/buy-a-jewel\/\" target=\"_blank\" rel=\"noopener\">expertise <strong>weprecious<\/strong><\/a>.<\/p>\n<h4>Jewellery History<\/h4>\n<p>En 1895, Cartier a introduit la bague de fian\u00e7ailles solitaire. Ce mod\u00e8le classique a depuis \u00e9t\u00e9 appr\u00e9ci\u00e9 par des millions, devenant un symbole d&rsquo;amour \u00e9ternel.<br \/>\nFind out more about the Jewellery House <a href=\"https:\/\/weprecious.com\/en\/used-cartier-jewellery\/\" target=\"_blank\" rel=\"noopener\">Cartier<\/a>.<\/p>\n<h4>More information<\/h4>\n<p>More inspiration on our accounts\u00a0<a href=\"https:\/\/www.pinterest.fr\/weprecious_bijoux\/\" target=\"_blank\" rel=\"noopener nofollow\">Pinterest<\/a>\u00a0and\u00a0<a href=\"https:\/\/www.instagram.com\/weprecious_fr\/\" target=\"_blank\" rel=\"noopener nofollow\">Instagram<\/a><\/p>","protected":false},"excerpt":{"rendered":"<p>Solitaire 1895 Diamant Cartier de seconde main en or jaune 750\/1000, serti d\u2019un diamant rond taille brillant. Une bague \u00e9l\u00e9gante \u00e0 la monture \u00e9pur\u00e9e, embl\u00e9matique du style intemporel de Cartier, parfaite pour sublimer chaque moment.<\/p>\n<p>The ultimate love ring, the solitaire showcases diamonds like never before.<\/p>\n<p>D\u00e9clarez votre amour avec la plus belle bague au monde : un solitaire de la maison Cartier.<\/p>","protected":false},"featured_media":22087,"template":"","meta":{"_acf_changed":false,"_angie_page":false,"_joinchat":[]},"product_brand":[],"product_cat":[23,76,348,616],"product_tag":[468,412,477],"class_list":{"0":"post-22083","1":"product","2":"type-product","3":"status-publish","4":"has-post-thumbnail","6":"product_cat-bagues","7":"product_cat-cartier","8":"product_cat-nouveaute","9":"product_cat-solitaire-1895","10":"product_tag-catalogue","11":"product_tag-exclusivite","12":"product_tag-nouveaute","13":"pa_boite-boite-dorigine","14":"pa_boite-etui-dorigine","15":"pa_certificat-certificat-dauthenticite-dorigine","16":"pa_etat-categorie-a-excellent-etat","17":"pa_marque-cartier","18":"pa_metal-or-jaune","19":"pa_pierre-diamant","20":"pa_taille-32","22":"first","23":"outofstock","24":"sold-individually","25":"purchasable","26":"product-type-simple"},"acf":[],"_links":{"self":[{"href":"https:\/\/weprecious.com\/en\/wp-json\/wp\/v2\/product\/22083","targetHints":{"allow":["GET"]}}],"collection":[{"href":"https:\/\/weprecious.com\/en\/wp-json\/wp\/v2\/product"}],"about":[{"href":"https:\/\/weprecious.com\/en\/wp-json\/wp\/v2\/types\/product"}],"version-history":[{"count":2,"href":"https:\/\/weprecious.com\/en\/wp-json\/wp\/v2\/product\/22083\/revisions"}],"predecessor-version":[{"id":23481,"href":"https:\/\/weprecious.com\/en\/wp-json\/wp\/v2\/product\/22083\/revisions\/23481"}],"wp:featuredmedia":[{"embeddable":true,"href":"https:\/\/weprecious.com\/en\/wp-json\/wp\/v2\/media\/22087"}],"wp:attachment":[{"href":"https:\/\/weprecious.com\/en\/wp-json\/wp\/v2\/media?parent=22083"}],"wp:term":[{"taxonomy":"product_brand","embeddable":true,"href":"https:\/\/weprecious.com\/en\/wp-json\/wp\/v2\/product_brand?post=22083"},{"taxonomy":"product_cat","embeddable":true,"href":"https:\/\/weprecious.com\/en\/wp-json\/wp\/v2\/product_cat?post=22083"},{"taxonomy":"product_tag","embeddable":true,"href":"https:\/\/weprecious.com\/en\/wp-json\/wp\/v2\/product_tag?post=22083"}],"curies":[{"name":"wp","href":"https:\/\/api.w.org\/{rel}","templated":true}]}}