{"id":22030,"date":"2026-01-23T17:19:17","date_gmt":"2026-01-23T16:19:17","guid":{"rendered":"https:\/\/weprecious.com\/?post_type=product&#038;p=22030"},"modified":"2026-03-28T12:34:24","modified_gmt":"2026-03-28T11:34:24","slug":"bague-osmose-gm-hermes-t47","status":"publish","type":"product","link":"https:\/\/weprecious.com\/en\/boutique\/marques\/hermes\/osmose\/bague-osmose-gm-hermes-t47\/","title":{"rendered":"Bague Osmose GM Hermes, T47"},"content":{"rendered":"<h4>Description : Bague Osmose GM Hermes d&rsquo;occasion, T <\/h4>\n<p>Bague Osmose GM Herm\u00e8s d&rsquo;occasion en argent 925\/1000. Mod\u00e8le d\u2019une largeur de 1,6 cm, pr\u00e9sentant une silhouette circulaire aux lignes \u00e9pur\u00e9es. Tour de doigt : X. Bijoux sign\u00e9 Herm\u00e8s.<\/p>\n<h4>Status<\/h4>\n<p><a href=\"https:\/\/weprecious.com\/en\/buying-guide\/\" target=\"_blank\" rel=\"noopener\">Category A Renovated: Excellent condition.<\/a>.<br \/>Jewellery polished or renovated by our workshop for a perfect finish and sparkle. Each piece of jewellery is carefully checked, cleaned by our workshop and repackaged before shipping. <\/p>\n<h4>Details<\/h4>\n<p>. Silver 925\/1000<br \/>. Largeur : 1,6 cm<br \/>. Weight : nc<\/p>\n<h4>Packaging and certificates<\/h4>\n<p>. Original jewellery box.<\/p>\n<p>. Certificate of origin from the jewellery brand.<\/p>\n<p>. All our jewellery is delivered to you with a weprecious Certificate of Expertise. This certificate bears a unique number corresponding to the unique certificate issued by our expert partner, Patrimoine Joaillerie. This certificate is digitised and made available to you after purchase.<\/p>\n<p>. Find out more about <a href=\"https:\/\/weprecious.com\/en\/buy-a-jewel\/\" target=\"_blank\" rel=\"noopener\">expertise <strong>weprecious<\/strong><\/a>.<\/p>\n<h4>Jewellery History<\/h4>\n<p>The first Herm\u00e8s jewellery appeared in 1927.  Renowned for its elegant, timeless design, Herm\u00e8s jewellery reflects the refined aesthetic and exceptional craftsmanship that have been hallmarks of the brand since its origins. In the 1940s, Robert Dumas designed the Cha\u00eene d'ancre collection, with its now emblematic link that embodies the brand's expertise and continues to inspire Herm\u00e8s creations.<br \/>Find out more about the Jewellery House <a href=\"https:\/\/weprecious.com\/en\/bijoux-hermes-occasion\/\" target=\"_blank\" rel=\"noopener\">Hermes<\/a>.<\/p>\n<h4>More information<\/h4>\n<p>More inspiration on our accounts\u00a0<a href=\"https:\/\/www.pinterest.fr\/weprecious_bijoux\/\" target=\"_blank\" rel=\"noopener nofollow\">Pinterest<\/a>\u00a0and\u00a0<a href=\"https:\/\/www.instagram.com\/weprecious_fr\/\" target=\"_blank\" rel=\"noopener nofollow\">Instagram<\/a><\/p>","protected":false},"excerpt":{"rendered":"<p>Bague Osmose GM Herm\u00e8s de seconde main en argent 925\/1000. Son design contemporain met en valeur des lignes \u00e9pur\u00e9es et volumes imbriqu\u00e9s formant un motif ouvert distinctif, signature de la maison Herm\u00e8s.<\/p>\n<p>La collection Osmose refl\u00e8te une interpr\u00e9tation moderne de lignes nettes et de compositions \u00e9quilibr\u00e9es, embl\u00e9matique de la Maison Herm\u00e8s.<\/p>\n<p>Offrez-vous une pi\u00e8ce issue du savoir-faire artisanal de la Maison Herm\u00e8s.<\/p>","protected":false},"featured_media":22101,"template":"","meta":{"_acf_changed":false,"_angie_page":false,"_joinchat":[]},"product_brand":[],"product_cat":[23,121,348,651],"product_tag":[368,468,412,477],"class_list":{"0":"post-22030","1":"product","2":"type-product","3":"status-publish","4":"has-post-thumbnail","6":"product_cat-bagues","7":"product_cat-hermes","8":"product_cat-nouveaute","9":"product_cat-osmose","10":"product_tag-bague-jonc","11":"product_tag-catalogue","12":"product_tag-exclusivite","13":"product_tag-nouveaute","14":"pa_boite-boite-dorigine","15":"pa_certificat-certificat-dauthenticite-dorigine","16":"pa_etat-categorie-a-renove-excellent-etat","17":"pa_marque-hermes","18":"pa_metal-argent","19":"pa_pierre-aucune","20":"pa_taille-28","22":"first","23":"instock","24":"sold-individually","25":"purchasable","26":"product-type-simple"},"acf":[],"_links":{"self":[{"href":"https:\/\/weprecious.com\/en\/wp-json\/wp\/v2\/product\/22030","targetHints":{"allow":["GET"]}}],"collection":[{"href":"https:\/\/weprecious.com\/en\/wp-json\/wp\/v2\/product"}],"about":[{"href":"https:\/\/weprecious.com\/en\/wp-json\/wp\/v2\/types\/product"}],"version-history":[{"count":0,"href":"https:\/\/weprecious.com\/en\/wp-json\/wp\/v2\/product\/22030\/revisions"}],"wp:featuredmedia":[{"embeddable":true,"href":"https:\/\/weprecious.com\/en\/wp-json\/wp\/v2\/media\/22101"}],"wp:attachment":[{"href":"https:\/\/weprecious.com\/en\/wp-json\/wp\/v2\/media?parent=22030"}],"wp:term":[{"taxonomy":"product_brand","embeddable":true,"href":"https:\/\/weprecious.com\/en\/wp-json\/wp\/v2\/product_brand?post=22030"},{"taxonomy":"product_cat","embeddable":true,"href":"https:\/\/weprecious.com\/en\/wp-json\/wp\/v2\/product_cat?post=22030"},{"taxonomy":"product_tag","embeddable":true,"href":"https:\/\/weprecious.com\/en\/wp-json\/wp\/v2\/product_tag?post=22030"}],"curies":[{"name":"wp","href":"https:\/\/api.w.org\/{rel}","templated":true}]}}