{"id":21772,"date":"2025-12-17T17:18:46","date_gmt":"2025-12-17T16:18:46","guid":{"rendered":"https:\/\/weprecious.com\/?post_type=product&#038;p=21772"},"modified":"2026-03-28T12:34:24","modified_gmt":"2026-03-28T11:34:24","slug":"bracelet-noeud-marin-hermes","status":"publish","type":"product","link":"https:\/\/weprecious.com\/en\/boutique\/marques\/hermes\/noeud-marin\/bracelet-noeud-marin-hermes\/","title":{"rendered":"Bracelet Noeud Marin Hermes"},"content":{"rendered":"<h4>Description : Bracelet Noeud Marin Hermes d&rsquo;occasion<\/h4>\n<p>Bracelet Noeud Marin Hermes d&rsquo;occasion en plaqu\u00e9 or. Ce Jonc ouvert pr\u00e9sente un motif de n\u0153ud marin, embl\u00e9matique de la maison Herm\u00e8s, en m\u00e9tal dor\u00e9 et cuir bleu. Bijou Herm\u00e8s sign\u00e9<\/p>\n<h4>Status<\/h4>\n<p><a href=\"https:\/\/weprecious.com\/en\/buying-guide\/\" target=\"_blank\" rel=\"noopener\">Category AB: Very Good Condition.<\/a>.<br \/>\nSecond-hand jewellery in very good condition: with a patina, but no particular defects Each piece of jewellery is carefully checked, cleaned by our workshop and repackaged before dispatch.<\/p>\n<h4>Details<\/h4>\n<p>. Gold-plated<br \/>\n. Largeur : 16 mm<\/p>\n<p>. Tour de poignet : 15,5 cm<br \/>\n. Weight : nc<\/p>\n<h4>Packaging and certificates<\/h4>\n<p>. Certificate of origin from the jewellery brand.<\/p>\n<p>. All our jewellery is delivered to you with a weprecious Certificate of Expertise. This certificate bears a unique number corresponding to the unique certificate issued by our expert partner, Patrimoine Joaillerie. This certificate is digitised and made available to you after purchase.<\/p>\n<p>. Find out more about <a href=\"https:\/\/weprecious.com\/en\/buy-a-jewel\/\" target=\"_blank\" rel=\"noopener\">expertise <strong>weprecious<\/strong><\/a>.<\/p>\n<h4>Jewellery History<\/h4>\n<p>Les premiers bijoux Herm\u00e8s apparaissent en 1927. R\u00e9put\u00e9s pour leur design \u00e9l\u00e9gant et intemporel, les bijoux Herm\u00e8s refl\u00e8tent l&rsquo;esth\u00e9tique raffin\u00e9e et l&rsquo;artisanat exceptionnel, caract\u00e9ristiques de la marque depuis ses origines. Dans les ann\u00e9es 40, Robert Dumas imagine la collection Cha\u00eene d&rsquo;ancre au maillon devenu embl\u00e9matique incarnant le savoir faire de la marque, et qui continue d&rsquo;inspirer les cr\u00e9ations Herm\u00e8s.<br \/>\nHerm\u00e8s, renowned for its commitment to craftsmanship and the quality of its products, remains true to its artisanal model and its values. At the heart of these values is the transmission of excellent know-how and the constant search for the finest materials to create long-lasting, elegant objects that forge the uniqueness of the House of Herm\u00e8s.<br \/>\nFind out more about the Jewellery House <a href=\"https:\/\/weprecious.com\/en\/bijoux-hermes-occasion\/\" target=\"_blank\" rel=\"noopener\">Hermes<\/a>.<\/p>\n<h4>More information<\/h4>\n<p>More inspiration on our accounts\u00a0<a href=\"https:\/\/www.pinterest.fr\/weprecious_bijoux\/\" target=\"_blank\" rel=\"noopener nofollow\">Pinterest<\/a>\u00a0and\u00a0<a href=\"https:\/\/www.instagram.com\/weprecious_fr\/\" target=\"_blank\" rel=\"noopener nofollow\">Instagram<\/a><\/p>","protected":false},"excerpt":{"rendered":"<p>Bracelet Noeud Marin Herm\u00e8s de seconde main en plaqu\u00e9 or 18 carats (750\/1000). Ce bijou vintage s\u00e9duit par son design inspir\u00e9 du n\u0153ud marin, symbole embl\u00e9matique et intemporelle propres \u00e0 la Maison. Un jonc ouvert habill\u00e9 d&rsquo;un cuir grain\u00e9 bleu.<\/p>\n<p>Son design inspir\u00e9 de l\u2019univers marin, illustre le savoir-faire artisanal de la Maison Herm\u00e8s et les codes \u00e9l\u00e9gants qui lui sont propres.<\/p>\n<p>Offrez-vous un bijou vintage, signature intemporelle de la Maison Herm\u00e8s.<\/p>","protected":false},"featured_media":21783,"template":"","meta":{"_acf_changed":false,"_angie_page":false,"_joinchat":[]},"product_brand":[],"product_cat":[25,121,638,348],"product_tag":[468,412,477],"class_list":{"0":"post-21772","1":"product","2":"type-product","3":"status-publish","4":"has-post-thumbnail","6":"product_cat-bracelets","7":"product_cat-hermes","8":"product_cat-noeud-marin","9":"product_cat-nouveaute","10":"product_tag-catalogue","11":"product_tag-exclusivite","12":"product_tag-nouveaute","13":"pa_boite-boite-sans-marquage","14":"pa_certificat-certificat-dauthenticite-dorigine","15":"pa_etat-categorie-ab-tres-bon-etat","16":"pa_marque-hermes","17":"pa_metal-plaque-or","18":"pa_pierre-aucune","20":"first","21":"instock","22":"sold-individually","23":"purchasable","24":"product-type-simple"},"acf":[],"_links":{"self":[{"href":"https:\/\/weprecious.com\/en\/wp-json\/wp\/v2\/product\/21772","targetHints":{"allow":["GET"]}}],"collection":[{"href":"https:\/\/weprecious.com\/en\/wp-json\/wp\/v2\/product"}],"about":[{"href":"https:\/\/weprecious.com\/en\/wp-json\/wp\/v2\/types\/product"}],"version-history":[{"count":0,"href":"https:\/\/weprecious.com\/en\/wp-json\/wp\/v2\/product\/21772\/revisions"}],"wp:featuredmedia":[{"embeddable":true,"href":"https:\/\/weprecious.com\/en\/wp-json\/wp\/v2\/media\/21783"}],"wp:attachment":[{"href":"https:\/\/weprecious.com\/en\/wp-json\/wp\/v2\/media?parent=21772"}],"wp:term":[{"taxonomy":"product_brand","embeddable":true,"href":"https:\/\/weprecious.com\/en\/wp-json\/wp\/v2\/product_brand?post=21772"},{"taxonomy":"product_cat","embeddable":true,"href":"https:\/\/weprecious.com\/en\/wp-json\/wp\/v2\/product_cat?post=21772"},{"taxonomy":"product_tag","embeddable":true,"href":"https:\/\/weprecious.com\/en\/wp-json\/wp\/v2\/product_tag?post=21772"}],"curies":[{"name":"wp","href":"https:\/\/api.w.org\/{rel}","templated":true}]}}