{"id":21355,"date":"2025-11-20T16:45:04","date_gmt":"2025-11-20T15:45:04","guid":{"rendered":"https:\/\/weprecious.com\/?post_type=product&#038;p=21355"},"modified":"2026-04-30T11:58:11","modified_gmt":"2026-04-30T09:58:11","slug":"boucles-doreilles-vintage-alhambra-van-cleef-arpels-3","status":"publish","type":"product","link":"https:\/\/weprecious.com\/en\/boutique\/marques\/van-cleef-arpels\/alhambra-van-cleef-arpels\/boucles-doreilles-vintage-alhambra-van-cleef-arpels-3\/","title":{"rendered":"Boucles d&rsquo;oreilles Vintage Alhambra Van Cleef &amp; Arpels"},"content":{"rendered":"<h4>Description : Boucles d&rsquo;oreilles Vintage Alhambra Van Cleef &amp; Arpels d&rsquo;occasion<\/h4>\n<p>Boucles d&rsquo;oreilles Vintage Alhambra Van Cleef &amp; Arpels d&rsquo;occasion en or blanc 750\/1000 (18K). Les boucles d&rsquo;oreilles pr\u00e9sentent le motif embl\u00e9matique Alhambra en forme de tr\u00e8fle \u00e0 quatre feuilles, bord\u00e9 de perles d&rsquo;or blanc. Taille du motif : 15 mm. Bijou Van Cleef &amp; Arpels sign\u00e9.<\/p>\n<h4>Status<\/h4>\n<p><a href=\"https:\/\/weprecious.com\/en\/buying-guide\/\" target=\"_blank\" rel=\"noopener\">Category A: Excellent condition.<\/a>.<br \/>\nSecond-hand jewellery in excellent condition with no particular defects Each piece of jewellery is carefully checked, cleaned by our workshop and repackaged before dispatch.<\/p>\n<h4>Details<\/h4>\n<p>. 750\/1000 (18K) white gold<br \/>\n. 2 fleurs de nacre blanche (un pour chaque boucle)<br \/>\n. Pattern size: 15 mm<br \/>\n. Poids : 7,85 gr (les 2)<\/p>\n<h4>Packaging and certificates<\/h4>\n<p>. All our jewellery is delivered to you with a weprecious Certificate of Expertise. This certificate bears a unique number corresponding to the unique certificate issued by our expert partner, Patrimoine Joaillerie. This certificate is digitised and made available to you after purchase.<\/p>\n<p>. Find out more about <a href=\"https:\/\/weprecious.com\/en\/buy-a-jewel\/\" target=\"_blank\" rel=\"noopener\">expertise <strong>weprecious<\/strong><\/a>.<\/p>\n<h4>Jewellery History<\/h4>\n<p>La premi\u00e8re cr\u00e9ation Alhambra n\u00e9e en 1968 inspire la collection Vintage Alhambra de Van Cleef &amp; Arpels : \u00e9l\u00e9gante, ind\u00e9modable, avec le tr\u00e8fle \u00e0 quatre feuilles symbole de chance. Elle est aujourd&rsquo;hui d\u00e9clin\u00e9e dans diff\u00e9rentes tailles et couleurs, toutes plus \u00e9clatantes et recherch\u00e9es les unes que les autres.<br \/>\nFind out more about the Jewellery House <a href=\"https:\/\/weprecious.com\/en\/second-hand-van-cleef-arpels-jewellery\/\" target=\"_blank\" rel=\"noopener\">Van Cleef &amp; Arpels<\/a>.<\/p>\n<h4>More information<\/h4>\n<p>More inspiration on our accounts\u00a0<a href=\"https:\/\/www.pinterest.fr\/weprecious_bijoux\/\" target=\"_blank\" rel=\"noopener nofollow\">Pinterest<\/a>\u00a0and\u00a0<a href=\"https:\/\/www.instagram.com\/weprecious_fr\/\" target=\"_blank\" rel=\"noopener nofollow\">Instagram<\/a><\/p>","protected":false},"excerpt":{"rendered":"<p>Boucles d&rsquo;oreilles Vintage Alhambra Van Cleef &amp; Arpels de seconde main en or blanc 18 carats (750\/1000), orn\u00e9e du motif tr\u00e8fle embl\u00e9matique de la Maison, en nacre blanche dans un serti perl\u00e9.<\/p>\n<p>The Vintage Alhambra line embodies the essence of Van Cleef &amp; Arpels Jewellery and its iconic clover, a symbol of good luck, remains the brand's absolute icon.<\/p>\n<p>A four-leaf clover and you're in luck: grab this very rare second-hand icon.<\/p>","protected":false},"featured_media":21341,"template":"","meta":{"_acf_changed":false,"_angie_page":false,"_joinchat":[]},"product_brand":[],"product_cat":[400,26,348,80],"product_tag":[468,412,477],"class_list":{"0":"post-21355","1":"product","2":"type-product","3":"status-publish","4":"has-post-thumbnail","6":"product_cat-alhambra-van-cleef-arpels","7":"product_cat-boucles-doreilles","8":"product_cat-nouveaute","9":"product_cat-van-cleef-arpels","10":"product_tag-catalogue","11":"product_tag-exclusivite","12":"product_tag-nouveaute","13":"pa_etat-categorie-a-excellent-etat","14":"pa_marque-van-cleef-arpels","15":"pa_metal-or-blanc","16":"pa_pierre-nacre","18":"first","19":"outofstock","20":"sold-individually","21":"purchasable","22":"product-type-simple"},"acf":[],"_links":{"self":[{"href":"https:\/\/weprecious.com\/en\/wp-json\/wp\/v2\/product\/21355","targetHints":{"allow":["GET"]}}],"collection":[{"href":"https:\/\/weprecious.com\/en\/wp-json\/wp\/v2\/product"}],"about":[{"href":"https:\/\/weprecious.com\/en\/wp-json\/wp\/v2\/types\/product"}],"version-history":[{"count":0,"href":"https:\/\/weprecious.com\/en\/wp-json\/wp\/v2\/product\/21355\/revisions"}],"wp:featuredmedia":[{"embeddable":true,"href":"https:\/\/weprecious.com\/en\/wp-json\/wp\/v2\/media\/21341"}],"wp:attachment":[{"href":"https:\/\/weprecious.com\/en\/wp-json\/wp\/v2\/media?parent=21355"}],"wp:term":[{"taxonomy":"product_brand","embeddable":true,"href":"https:\/\/weprecious.com\/en\/wp-json\/wp\/v2\/product_brand?post=21355"},{"taxonomy":"product_cat","embeddable":true,"href":"https:\/\/weprecious.com\/en\/wp-json\/wp\/v2\/product_cat?post=21355"},{"taxonomy":"product_tag","embeddable":true,"href":"https:\/\/weprecious.com\/en\/wp-json\/wp\/v2\/product_tag?post=21355"}],"curies":[{"name":"wp","href":"https:\/\/api.w.org\/{rel}","templated":true}]}}