{"id":21220,"date":"2025-11-07T13:03:57","date_gmt":"2025-11-07T12:03:57","guid":{"rendered":"https:\/\/weprecious.com\/?post_type=product&#038;p=21220"},"modified":"2026-03-23T13:23:43","modified_gmt":"2026-03-23T12:23:43","slug":"bracelet-clic-h-hermes-2","status":"publish","type":"product","link":"https:\/\/weprecious.com\/en\/boutique\/marques\/hermes\/clic-h\/bracelet-clic-h-hermes-2\/","title":{"rendered":"Bracelet Clic H Hermes"},"content":{"rendered":"<h4>Description : Bracelet Clic H Hermes d&rsquo;occasion<\/h4>\n<p>Bracelet Clic H Herm\u00e8s d\u2019occasion en \u00e9mail blanc, avec finitions plaqu\u00e9es or rose 18\u202fcarats (750\/1000), et m\u00e9canisme de fermeture r\u00e9v\u00e9lant le \u00ab\u202fH\u202f\u00bb embl\u00e9matique de la Maison.<\/p>\n<h4>Status<\/h4>\n<p><a href=\"https:\/\/weprecious.com\/en\/buying-guide\/\" target=\"_blank\" rel=\"noopener\">Category B: Good condition.<\/a>.<br \/>\nVintage jewel in good condition. The jewel can have a particular mark, not very visible, without harming its aesthetics. Each piece of jewellery is carefully checked, cleaned by our workshop and repackaged before dispatch.<\/p>\n<h4>Details<\/h4>\n<p>. Gold-plated<br \/>\n. Email de couleur Blanche<br \/>\n. Largeur : 20 mm<br \/>\n. Taille : PM<br \/>\n. Weight : nc<\/p>\n<h4>Packaging and certificates<\/h4>\n<p>. Discreetly signed weprecious box or pouch.<\/p>\n<p>. All our jewellery is delivered to you with a weprecious Certificate of Expertise. This certificate bears a unique number corresponding to the unique certificate issued by our expert partner, Patrimoine Joaillerie. This certificate is digitised and made available to you after purchase.<\/p>\n<p>. Find out more about <a href=\"https:\/\/weprecious.com\/en\/buy-a-jewel\/\" target=\"_blank\" rel=\"noopener\">expertise <strong>weprecious<\/strong><\/a>.<\/p>\n<h4>Jewellery History<\/h4>\n<p>Les premiers bijoux Herm\u00e8s apparaissent en 1927. R\u00e9put\u00e9s pour leur design \u00e9l\u00e9gant et intemporel, les bijoux Herm\u00e8s refl\u00e8tent l&rsquo;esth\u00e9tique raffin\u00e9e et l&rsquo;artisanat exceptionnel, caract\u00e9ristiques de la marque depuis ses origines. Dans les ann\u00e9es 40, Robert Dumas imagine la collection Cha\u00eene d&rsquo;ancre au maillon devenu embl\u00e9matique incarnant le savoir faire de la marque, et qui continue d&rsquo;inspirer les cr\u00e9ations Herm\u00e8s.<br \/>\nHerm\u00e8s, renowned for its commitment to craftsmanship and the quality of its products, remains true to its artisanal model and its values. At the heart of these values is the transmission of excellent know-how and the constant search for the finest materials to create long-lasting, elegant objects that forge the uniqueness of the House of Herm\u00e8s.<br \/>\nFind out more about the Jewellery House <a href=\"https:\/\/weprecious.com\/en\/bijoux-hermes-occasion\/\" target=\"_blank\" rel=\"noopener\">Hermes<\/a>.<\/p>\n<h4>More information<\/h4>\n<p>More inspiration on our accounts\u00a0<a href=\"https:\/\/www.pinterest.fr\/weprecious_bijoux\/\" target=\"_blank\" rel=\"noopener nofollow\">Pinterest<\/a>\u00a0and\u00a0<a href=\"https:\/\/www.instagram.com\/weprecious_fr\/\" target=\"_blank\" rel=\"noopener nofollow\">Instagram<\/a><\/p>","protected":false},"excerpt":{"rendered":"<p>Bracelet Clic H Herm\u00e8s de seconde main en \u00e9mail blanc avec des finitions m\u00e9talliques plaqu\u00e9es or. Ce bijou iconique s\u00e9duit par son design \u00e9pur\u00e9 et son fermoir \u00e0 bascule en forme de H embl\u00e9matique, parfait pour sublimer tous les styles<\/p>\n<p>Fruit d\u2019un savoir\u2011faire artisanal, la collection Clic\u202fH de\u202fHerm\u00e8s r\u00e9interpr\u00e8te le symbole \u00ab\u202fH\u202f\u00bb de la Maison dans le fermoir ing\u00e9nieux du jonc. Elle se distingue par un \u00e9quilibre subtil entre signature embl\u00e9matique et \u00e9l\u00e9gance \u00e9pur\u00e9e.<\/p>\n<p>Adoptez le chic Herm\u00e8s et ce design signature de la Maison.<\/p>","protected":false},"featured_media":21202,"template":"","meta":{"_acf_changed":false,"_angie_page":false,"_joinchat":[]},"product_brand":[],"product_cat":[25,293,121,348],"product_tag":[554,468,412,555,477],"class_list":{"0":"post-21220","1":"product","2":"type-product","3":"status-publish","4":"has-post-thumbnail","6":"product_cat-bracelets","7":"product_cat-clic-h","8":"product_cat-hermes","9":"product_cat-nouveaute","10":"product_tag-bracelet-jonc","11":"product_tag-catalogue","12":"product_tag-exclusivite","13":"product_tag-manchette","14":"product_tag-nouveaute","15":"pa_etat-categorie-b-bon-etat","16":"pa_marque-hermes","17":"pa_metal-plaque-or","18":"pa_pierre-aucune","20":"first","21":"outofstock","22":"sold-individually","23":"purchasable","24":"product-type-simple"},"acf":[],"_links":{"self":[{"href":"https:\/\/weprecious.com\/en\/wp-json\/wp\/v2\/product\/21220","targetHints":{"allow":["GET"]}}],"collection":[{"href":"https:\/\/weprecious.com\/en\/wp-json\/wp\/v2\/product"}],"about":[{"href":"https:\/\/weprecious.com\/en\/wp-json\/wp\/v2\/types\/product"}],"version-history":[{"count":0,"href":"https:\/\/weprecious.com\/en\/wp-json\/wp\/v2\/product\/21220\/revisions"}],"wp:featuredmedia":[{"embeddable":true,"href":"https:\/\/weprecious.com\/en\/wp-json\/wp\/v2\/media\/21202"}],"wp:attachment":[{"href":"https:\/\/weprecious.com\/en\/wp-json\/wp\/v2\/media?parent=21220"}],"wp:term":[{"taxonomy":"product_brand","embeddable":true,"href":"https:\/\/weprecious.com\/en\/wp-json\/wp\/v2\/product_brand?post=21220"},{"taxonomy":"product_cat","embeddable":true,"href":"https:\/\/weprecious.com\/en\/wp-json\/wp\/v2\/product_cat?post=21220"},{"taxonomy":"product_tag","embeddable":true,"href":"https:\/\/weprecious.com\/en\/wp-json\/wp\/v2\/product_tag?post=21220"}],"curies":[{"name":"wp","href":"https:\/\/api.w.org\/{rel}","templated":true}]}}