{"id":21219,"date":"2025-11-07T13:03:57","date_gmt":"2025-11-07T12:03:57","guid":{"rendered":"https:\/\/weprecious.com\/?post_type=product&#038;p=21219"},"modified":"2026-03-23T13:23:42","modified_gmt":"2026-03-23T12:23:42","slug":"bague-subtile-eternite-mauboussin-t49","status":"publish","type":"product","link":"https:\/\/weprecious.com\/en\/boutique\/marques\/mauboussin\/subtile-eternite\/bague-subtile-eternite-mauboussin-t49\/","title":{"rendered":"Bague Subtile Eternit\u00e9 Mauboussin, T49"},"content":{"rendered":"<h4>Description : Bague Subtile Eternit\u00e9 Mauboussin d&rsquo;occasion, T49<\/h4>\n<p>Bague Subtile Eternit\u00e9 Mauboussin d&rsquo;occasion en or blanc 750\/1000 (18K) et diamants. La bague pr\u00e9sente un double anneau enti\u00e8rement serti de diamants taille brillant sur toute la circonf\u00e9rence avec au centre un motif compos\u00e9 de 3 barrettes en or blanc. Largeur : env. 5 mm. Bijou Mauboussin sign\u00e9.<\/p>\n<h4>Status<\/h4>\n<p><a href=\"https:\/\/weprecious.com\/en\/buying-guide\/\" target=\"_blank\" rel=\"noopener\">Category A Renovated: Excellent condition.<\/a>.<br \/>\nJewellery polished or renovated by our workshop for a perfect finish and sparkle. Each piece of jewellery is carefully checked, cleaned by our workshop and repackaged before shipping.<\/p>\n<h4>Details<\/h4>\n<p>. 750\/1000 (18K) white gold<br \/>\n. Pavage Diamant<br \/>\n. Largeur : env. 5 mm<br \/>\n. Hauteur motif : env. 6,8 mm<br \/>\n. Weight :<\/p>\n<h4>Packaging and certificates<\/h4>\n<p>. Original jewellery box.<\/p>\n<p>. Certificate of origin from the jewellery brand.<\/p>\n<p>. All our jewellery is delivered to you with a weprecious Certificate of Expertise. This certificate bears a unique number corresponding to the unique certificate issued by our expert partner, Patrimoine Joaillerie. This certificate is digitised and made available to you after purchase.<\/p>\n<p>. Find out more about <a href=\"https:\/\/weprecious.com\/en\/buy-a-jewel\/\" target=\"_blank\" rel=\"noopener\">expertise <strong>weprecious<\/strong><\/a>.<\/p>\n<h4>Jewellery History<\/h4>\n<p>Mauboussin is a prestigious French jewellery house founded in Paris in 1827. Mauboussin's reputation extends beyond France, and today the company is renowned for its exceptional craftsmanship and timelessly elegant creations. Mauboussin creations often carry profound meanings, intended to celebrate love and commitment between two people, good fortune or other important values.<br \/>\nFind out more about the Jewellery House <a href=\"https:\/\/weprecious.com\/en\/second-hand-mauboussin-jewellery\/\" target=\"_blank\" rel=\"noopener\">Mauboussin<\/a>.<\/p>\n<h4>More information<\/h4>\n<p>More inspiration on our accounts\u00a0<a href=\"https:\/\/www.pinterest.fr\/weprecious_bijoux\/\" target=\"_blank\" rel=\"noopener nofollow\">Pinterest<\/a>\u00a0and\u00a0<a href=\"https:\/\/www.instagram.com\/weprecious_fr\/\" target=\"_blank\" rel=\"noopener nofollow\">Instagram<\/a><\/p>","protected":false},"excerpt":{"rendered":"<p>Bague Subtile Eternit\u00e9 Mauboussin de seconde main en or blanc 750\/1000. Un double anneau sublim\u00e9 d\u2019un pavage de diamants sur toute sa surface, avec un motif de rectangle,<br \/>\nqui symbolise un lien pr\u00e9cieux et \u00e9ternel.<\/p>\n<p>Issue de la collection Subtile \u00c9ternit\u00e9, ce bijou incarne la promesse d\u2019un amour infini. Sa puret\u00e9 \u00e9l\u00e9gante s\u2019adapte \u00e0 chaque style et devient le t\u00e9moin d\u2019histoires uniques.<\/p>\n<p>Choisissez de sceller votre engagement avec ce mod\u00e8le, symbole d\u2019un lien pr\u00e9cieux et \u00e9ternel.<\/p>","protected":false},"featured_media":21182,"template":"","meta":{"_acf_changed":false,"_angie_page":false,"_joinchat":[]},"product_brand":[],"product_cat":[23,113,348,617],"product_tag":[191,468,551,412,260,477],"class_list":{"0":"post-21219","1":"product","2":"type-product","3":"status-publish","4":"has-post-thumbnail","6":"product_cat-bagues","7":"product_cat-mauboussin","8":"product_cat-nouveaute","9":"product_cat-subtile-eternite","10":"product_tag-alliance","11":"product_tag-catalogue","12":"product_tag-engagement","13":"product_tag-exclusivite","14":"product_tag-fiancailles","15":"product_tag-nouveaute","16":"pa_etat-categorie-a-renove-excellent-etat","17":"pa_marque-mauboussin","18":"pa_metal-or-blanc","19":"pa_pierre-diamant","20":"pa_taille-30","22":"first","23":"outofstock","24":"sold-individually","25":"purchasable","26":"product-type-simple"},"acf":[],"_links":{"self":[{"href":"https:\/\/weprecious.com\/en\/wp-json\/wp\/v2\/product\/21219","targetHints":{"allow":["GET"]}}],"collection":[{"href":"https:\/\/weprecious.com\/en\/wp-json\/wp\/v2\/product"}],"about":[{"href":"https:\/\/weprecious.com\/en\/wp-json\/wp\/v2\/types\/product"}],"version-history":[{"count":0,"href":"https:\/\/weprecious.com\/en\/wp-json\/wp\/v2\/product\/21219\/revisions"}],"wp:featuredmedia":[{"embeddable":true,"href":"https:\/\/weprecious.com\/en\/wp-json\/wp\/v2\/media\/21182"}],"wp:attachment":[{"href":"https:\/\/weprecious.com\/en\/wp-json\/wp\/v2\/media?parent=21219"}],"wp:term":[{"taxonomy":"product_brand","embeddable":true,"href":"https:\/\/weprecious.com\/en\/wp-json\/wp\/v2\/product_brand?post=21219"},{"taxonomy":"product_cat","embeddable":true,"href":"https:\/\/weprecious.com\/en\/wp-json\/wp\/v2\/product_cat?post=21219"},{"taxonomy":"product_tag","embeddable":true,"href":"https:\/\/weprecious.com\/en\/wp-json\/wp\/v2\/product_tag?post=21219"}],"curies":[{"name":"wp","href":"https:\/\/api.w.org\/{rel}","templated":true}]}}