{"id":21218,"date":"2025-11-07T13:03:56","date_gmt":"2025-11-07T12:03:56","guid":{"rendered":"https:\/\/weprecious.com\/?post_type=product&#038;p=21218"},"modified":"2026-03-28T12:34:24","modified_gmt":"2026-03-28T11:34:24","slug":"bague-force-10-pm-fred-t52","status":"publish","type":"product","link":"https:\/\/weprecious.com\/en\/boutique\/marques\/fred\/force-10\/bague-force-10-pm-fred-t52\/","title":{"rendered":"Bague Force 10 PM Fred, T52"},"content":{"rendered":"<h4>Description : Bague Force 10 PM Fred d&rsquo;occasion, T52<\/h4>\n<p>Bague Force 10 Fred PM d&rsquo;occasion en or jaune 750\/1000 (18K) et diamants blancs. Cette bague Force 10 Fred n&rsquo;a jamais \u00e9t\u00e9 port\u00e9e.<\/p>\n<h4>Status<\/h4>\n<p><a href=\"https:\/\/weprecious.com\/en\/buying-guide\/\" target=\"_blank\" rel=\"noopener\">Category A: Excellent condition.<\/a>.<br \/>\nSecond-hand jewellery in excellent condition with no particular defects Each piece of jewellery is carefully checked, cleaned by our workshop and repackaged before dispatch.<\/p>\n<h4>Details<\/h4>\n<p>. 750\/1000 (18K) yellow gold<br \/>\n. 14 diamants blancs taill\u00e9s brillants<br \/>\n. Largeur Manille : 7 mm<br \/>\n. Finger size: 52<br \/>\n. Poids : 2,06 gr<\/p>\n<h4>Packaging and certificates<\/h4>\n<p>. Original jewellery box.<\/p>\n<p>. All our jewellery is delivered to you with a weprecious Certificate of Expertise. This certificate bears a unique number corresponding to the unique certificate issued by our expert partner, Patrimoine Joaillerie. This certificate is digitised and made available to you after purchase.<\/p>\n<p>. Find out more about <a href=\"https:\/\/weprecious.com\/en\/buy-a-jewel\/\" target=\"_blank\" rel=\"noopener\">expertise <strong>weprecious<\/strong><\/a>.<\/p>\n<h4>Jewellery History<\/h4>\n<p>Fred Samuel, founder of Maison Fred, was an innovative jeweller, a non-conformist and a lover of the marine world. In 1966, his son gave him the idea of braiding sea cables into jewellery. He suggested mixing two materials that were in stark contrast: gold and steel. The result is the iconic Force 10 bracelet, a symbol of resistance, perseverance and great willpower. This bold, avant-garde model has since become a benchmark in the world of jewellery. The manille that characterises the bracelet is also available in rings, pendants and earrings.<br \/>\nFind out more about the Jewellery House <a href=\"https:\/\/weprecious.com\/en\/bijoux-fred-occasion\/\" target=\"_blank\" rel=\"noopener\">Fred<\/a>.<\/p>\n<h4>More information<\/h4>\n<p>More inspiration on our accounts\u00a0<a href=\"https:\/\/www.pinterest.fr\/weprecious_bijoux\/\" target=\"_blank\" rel=\"noopener nofollow\">Pinterest<\/a>\u00a0and\u00a0<a href=\"https:\/\/www.instagram.com\/weprecious_fr\/\" target=\"_blank\" rel=\"noopener nofollow\">Instagram<\/a><\/p>","protected":false},"excerpt":{"rendered":"<p>Bague Force 10 PM Fred d&rsquo;occasion en Or Jaune 18 carats (750\/1000). Un design embl\u00e9matique inspir\u00e9 du c\u00e2ble marin, alliant \u00e9l\u00e9gance et modernit\u00e9, parfait pour sublimer votre style au quotidien.<\/p>\n<p>Le motif repr\u00e9sente un mousqueton de navigation : une cr\u00e9ation iconique et intemporelle sign\u00e9e Fred.<\/p>\n<p>Audacieux et avant-gardiste, ce bijou de la Maison Fred devenu une ic\u00f4ne affirmera votre style.<\/p>","protected":false},"featured_media":21260,"template":"","meta":{"_acf_changed":false,"_angie_page":false,"_joinchat":[]},"product_brand":[],"product_cat":[23,434,282,348],"product_tag":[468,412,639,477],"class_list":{"0":"post-21218","1":"product","2":"type-product","3":"status-publish","4":"has-post-thumbnail","6":"product_cat-bagues","7":"product_cat-force-10","8":"product_cat-fred","9":"product_cat-nouveaute","10":"product_tag-catalogue","11":"product_tag-exclusivite","12":"product_tag-expedition-48h","13":"product_tag-nouveaute","14":"pa_etat-categorie-a-excellent-etat","15":"pa_marque-fred","16":"pa_metal-or-jaune","17":"pa_pierre-diamant","18":"pa_taille-33","20":"first","21":"instock","22":"sold-individually","23":"purchasable","24":"product-type-simple"},"acf":[],"_links":{"self":[{"href":"https:\/\/weprecious.com\/en\/wp-json\/wp\/v2\/product\/21218","targetHints":{"allow":["GET"]}}],"collection":[{"href":"https:\/\/weprecious.com\/en\/wp-json\/wp\/v2\/product"}],"about":[{"href":"https:\/\/weprecious.com\/en\/wp-json\/wp\/v2\/types\/product"}],"version-history":[{"count":0,"href":"https:\/\/weprecious.com\/en\/wp-json\/wp\/v2\/product\/21218\/revisions"}],"wp:featuredmedia":[{"embeddable":true,"href":"https:\/\/weprecious.com\/en\/wp-json\/wp\/v2\/media\/21260"}],"wp:attachment":[{"href":"https:\/\/weprecious.com\/en\/wp-json\/wp\/v2\/media?parent=21218"}],"wp:term":[{"taxonomy":"product_brand","embeddable":true,"href":"https:\/\/weprecious.com\/en\/wp-json\/wp\/v2\/product_brand?post=21218"},{"taxonomy":"product_cat","embeddable":true,"href":"https:\/\/weprecious.com\/en\/wp-json\/wp\/v2\/product_cat?post=21218"},{"taxonomy":"product_tag","embeddable":true,"href":"https:\/\/weprecious.com\/en\/wp-json\/wp\/v2\/product_tag?post=21218"}],"curies":[{"name":"wp","href":"https:\/\/api.w.org\/{rel}","templated":true}]}}