{"id":21217,"date":"2025-11-07T13:03:56","date_gmt":"2025-11-07T12:03:56","guid":{"rendered":"https:\/\/weprecious.com\/?post_type=product&#038;p=21217"},"modified":"2026-03-28T12:34:05","modified_gmt":"2026-03-28T11:34:05","slug":"bracelet-juste-un-clou-classic-cartier-2","status":"publish","type":"product","link":"https:\/\/weprecious.com\/en\/boutique\/marques\/cartier\/juste-un-clou\/bracelet-juste-un-clou-classic-cartier-2\/","title":{"rendered":"Juste un Clou Classic Cartier Bracelet"},"content":{"rendered":"<h4>Description : Bracelet Juste un Clou Classic Cartier second hand<\/h4>\n<p>Bracelet Juste un Clou Cartier d&rsquo;occasion en or rose 750\/1000 (18K). Mod\u00e8le Classique. Le bracelet arbore un design en forme de clou qui s&rsquo;enroule \u00e9l\u00e9gamment autour du poignet. Avec certificat Cartier num\u00e9rot\u00e9. Taille 17.<\/p>\n<h4>Status<\/h4>\n<p><a href=\"https:\/\/weprecious.com\/en\/buying-guide\/\" target=\"_blank\" rel=\"noopener\">Category A Renovated: Excellent condition.<\/a>.<br \/>\nJewellery polished or renovated by our workshop for a perfect finish and sparkle. Each piece of jewellery is carefully checked, cleaned by our workshop and repackaged before shipping.<\/p>\n<h4>Details<\/h4>\n<p>. 750\/1000 (18K) pink gold<br \/>\n. Wrist circumference: 17 cm (corresponds to the diameter of the bracelet)<br \/>\n. Width: 3.5 mm<br \/>\n. Weight : nc<\/p>\n<h4>Packaging and certificates<\/h4>\n<p>. Certificate of origin from the jewellery brand.<\/p>\n<p>. All our jewellery is delivered to you with a weprecious Certificate of Expertise. This certificate bears a unique number corresponding to the unique certificate issued by our expert partner, Patrimoine Joaillerie. This certificate is digitised and made available to you after purchase.<\/p>\n<p>. Find out more about <a href=\"https:\/\/weprecious.com\/en\/buy-a-jewel\/\" target=\"_blank\" rel=\"noopener\">expertise <strong>weprecious<\/strong><\/a>.<\/p>\n<h4>Jewellery History<\/h4>\n<p>Designed in the 1970s in New York, the Juste Un Clou bracelet was originally called the Nail Bracelet. It was not until the 2000s that its name was changed to Juste Un Clou, as a tribute to the minimalism of its design. Sober, uncluttered lines with perfect proportions that magnify the simplicity of a nail: that's the non-conformist challenge of this now iconic collection.<br \/>\nFind out more about the Jewellery House <a href=\"https:\/\/weprecious.com\/en\/used-cartier-jewellery\/\" target=\"_blank\" rel=\"noopener\">Cartier<\/a>.<\/p>\n<h4>More information<\/h4>\n<p>More inspiration on our accounts\u00a0<a href=\"https:\/\/www.pinterest.fr\/weprecious_bijoux\/\" target=\"_blank\" rel=\"noopener nofollow\">Pinterest<\/a>\u00a0and\u00a0<a href=\"https:\/\/www.instagram.com\/weprecious_fr\/\" target=\"_blank\" rel=\"noopener nofollow\">Instagram<\/a><\/p>","protected":false},"excerpt":{"rendered":"<p>Bracelet Juste un Clou Cartier de seconde main en Or Rose 18 carats (750\/1000). Un d\u00e9licat jonc au motif de clou faisant office de fermoir. Mod\u00e8le Classique.<\/p>\n<p>Juste un clou, la collection qui transforme le minimalisme d&rsquo;un clou en une magnifique oeuvre d&rsquo;art \u00e0 porter sans mod\u00e9ration.<\/p>\n<p>Adoptez ce bijou structural et embl\u00e9matique qui transcende les \u00e2ges et les tendances.<\/p>","protected":false},"featured_media":22046,"template":"","meta":{"_acf_changed":false,"_angie_page":false,"_joinchat":[]},"product_brand":[],"product_cat":[25,76,88,348],"product_tag":[468,412,477,531],"class_list":{"0":"post-21217","1":"product","2":"type-product","3":"status-publish","4":"has-post-thumbnail","6":"product_cat-bracelets","7":"product_cat-cartier","8":"product_cat-juste-un-clou","9":"product_cat-nouveaute","10":"product_tag-catalogue","11":"product_tag-exclusivite","12":"product_tag-nouveaute","13":"product_tag-unisex","14":"pa_etat-categorie-a-renove-excellent-etat","15":"pa_marque-cartier","16":"pa_metal-or-rose","17":"pa_pierre-aucune","18":"pa_taille-408","20":"first","21":"instock","22":"sold-individually","23":"purchasable","24":"product-type-simple"},"acf":[],"_links":{"self":[{"href":"https:\/\/weprecious.com\/en\/wp-json\/wp\/v2\/product\/21217","targetHints":{"allow":["GET"]}}],"collection":[{"href":"https:\/\/weprecious.com\/en\/wp-json\/wp\/v2\/product"}],"about":[{"href":"https:\/\/weprecious.com\/en\/wp-json\/wp\/v2\/types\/product"}],"version-history":[{"count":0,"href":"https:\/\/weprecious.com\/en\/wp-json\/wp\/v2\/product\/21217\/revisions"}],"wp:featuredmedia":[{"embeddable":true,"href":"https:\/\/weprecious.com\/en\/wp-json\/wp\/v2\/media\/22046"}],"wp:attachment":[{"href":"https:\/\/weprecious.com\/en\/wp-json\/wp\/v2\/media?parent=21217"}],"wp:term":[{"taxonomy":"product_brand","embeddable":true,"href":"https:\/\/weprecious.com\/en\/wp-json\/wp\/v2\/product_brand?post=21217"},{"taxonomy":"product_cat","embeddable":true,"href":"https:\/\/weprecious.com\/en\/wp-json\/wp\/v2\/product_cat?post=21217"},{"taxonomy":"product_tag","embeddable":true,"href":"https:\/\/weprecious.com\/en\/wp-json\/wp\/v2\/product_tag?post=21217"}],"curies":[{"name":"wp","href":"https:\/\/api.w.org\/{rel}","templated":true}]}}