{"id":21215,"date":"2025-11-07T13:03:55","date_gmt":"2025-11-07T12:03:55","guid":{"rendered":"https:\/\/weprecious.com\/?post_type=product&#038;p=21215"},"modified":"2026-03-23T13:23:48","modified_gmt":"2026-03-23T12:23:48","slug":"boucles-doreilles-antifer-unite-repossi-2","status":"publish","type":"product","link":"https:\/\/weprecious.com\/en\/boutique\/marques\/repossi\/antifer\/boucles-doreilles-antifer-unite-repossi-2\/","title":{"rendered":"Boucles d&rsquo;oreilles antifer (unit\u00e9) Repossi"},"content":{"rendered":"<h4>Description : Boucles d&rsquo;oreilles antifer (unit\u00e9) Repossi d&rsquo;occasion<\/h4>\n<p>Boucles d&rsquo;oreilles antifer (unit\u00e9) Repossi d&rsquo;occasion en or rose 750\/1000 (18K) pav\u00e9e de diamants sur la moiti\u00e9 de la circonf\u00e9rence. Cette boucle d&rsquo;oreille pr\u00e9sente le design embl\u00e9matique Antifer, caract\u00e9ris\u00e9 par des lignes angulaires et une forme g\u00e9om\u00e9trique inspir\u00e9e des falaises d\u2019Antifer. Le bijou est fa\u00e7onn\u00e9 en or rose, avec une structure \u00e9pur\u00e9e et contemporaine. Diam\u00e8tre int\u00e9rieur 10,2 mm. Vendue individuellement. Syst\u00e8me de clip. Bijou Repossi sign\u00e9.<\/p>\n<h4>Status<\/h4>\n<p><a href=\"https:\/\/weprecious.com\/en\/buying-guide\/\" target=\"_blank\" rel=\"noopener\">Category A: Excellent condition.<\/a>.<br \/>\nSecond-hand jewellery in excellent condition with no particular defects Each piece of jewellery is carefully checked, cleaned by our workshop and repackaged before dispatch.<\/p>\n<h4>Details<\/h4>\n<p>. 750\/1000 (18K) pink gold<br \/>\n. 1 rang \u00e0 1\/2 pav\u00e9 de diamants<br \/>\n. Pav\u00e9 en moyenne de 14 diamants pour 0,07 ct<br \/>\n. Diam\u00e8tre int\u00e9rieur : 9,6 \/ 10,4 mm<br \/>\n. Taille (ext\u00e9rieur) : 13 x 14,3 mm<br \/>\n. Vendue individuellement<br \/>\n. Syst\u00e8me de clip<br \/>\n. Poids : 1,13 gr<\/p>\n<h4>Packaging and certificates<\/h4>\n<p>. All our jewellery is delivered to you with a weprecious Certificate of Expertise. This certificate bears a unique number corresponding to the unique certificate issued by our expert partner, Patrimoine Joaillerie. This certificate is digitised and made available to you after purchase.<\/p>\n<p>. Find out more about <a href=\"https:\/\/weprecious.com\/en\/buy-a-jewel\/\" target=\"_blank\" rel=\"noopener\">expertise <strong>weprecious<\/strong><\/a>.<\/p>\n<h4>Jewellery History<\/h4>\n<p>Inspir\u00e9e par les falaises de la c\u00f4te Normande, cette collection \u00e9voque leurs formes sculpturales \u00e0 travers leur architecture contemporaine.<br \/>\nCette collection met en sc\u00e8ne des jeux d\u2019asym\u00e9trie et de proportions, toujours empreints d\u2019une grande finesse.<br \/>\nFind out more about the Jewellery House <a href=\"https:\/\/weprecious.com\/en\/second-hand-jewellery\/\" target=\"_blank\" rel=\"noopener\">Repossi<\/a>.<\/p>\n<h4>More information<\/h4>\n<p>More inspiration on our accounts\u00a0<a href=\"https:\/\/www.pinterest.fr\/weprecious_bijoux\/\" target=\"_blank\" rel=\"noopener nofollow\">Pinterest<\/a>\u00a0and\u00a0<a href=\"https:\/\/www.instagram.com\/weprecious_fr\/\" target=\"_blank\" rel=\"noopener nofollow\">Instagram<\/a><\/p>","protected":false},"excerpt":{"rendered":"<p>Boucles d&rsquo;oreilles Antifer Repossi de seconde main en or rose 18 carats (750\/1000). Un design d\u00e9licat, une simple ligne pav\u00e9e de diamants pour sublimer un port\u00e9 d&rsquo;oreille.<\/p>\n<p>La collection Antifer, signature de la maison Repossi, c\u00e9l\u00e8bre l\u2019audace et la modernit\u00e9 \u00e0 travers des formes uniques, inspir\u00e9es des falaises de la c\u00f4te normande.<\/p>\n<p>Offrez-vous l\u2019\u00e9l\u00e9gance architecturale de la collection Antifer, sign\u00e9e Repossi.<\/p>","protected":false},"featured_media":21189,"template":"","meta":{"_acf_changed":false,"_angie_page":false,"_joinchat":[]},"product_brand":[],"product_cat":[325,26,348,181],"product_tag":[468,132,412,477],"class_list":{"0":"post-21215","1":"product","2":"type-product","3":"status-publish","4":"has-post-thumbnail","6":"product_cat-antifer","7":"product_cat-boucles-doreilles","8":"product_cat-nouveaute","9":"product_cat-repossi","10":"product_tag-catalogue","11":"product_tag-creoles","12":"product_tag-exclusivite","13":"product_tag-nouveaute","14":"pa_etat-categorie-a-excellent-etat","15":"pa_marque-repossi","16":"pa_metal-or-rose","17":"pa_pierre-diamant","19":"first","20":"outofstock","21":"sold-individually","22":"purchasable","23":"product-type-simple"},"acf":[],"_links":{"self":[{"href":"https:\/\/weprecious.com\/en\/wp-json\/wp\/v2\/product\/21215","targetHints":{"allow":["GET"]}}],"collection":[{"href":"https:\/\/weprecious.com\/en\/wp-json\/wp\/v2\/product"}],"about":[{"href":"https:\/\/weprecious.com\/en\/wp-json\/wp\/v2\/types\/product"}],"version-history":[{"count":0,"href":"https:\/\/weprecious.com\/en\/wp-json\/wp\/v2\/product\/21215\/revisions"}],"wp:featuredmedia":[{"embeddable":true,"href":"https:\/\/weprecious.com\/en\/wp-json\/wp\/v2\/media\/21189"}],"wp:attachment":[{"href":"https:\/\/weprecious.com\/en\/wp-json\/wp\/v2\/media?parent=21215"}],"wp:term":[{"taxonomy":"product_brand","embeddable":true,"href":"https:\/\/weprecious.com\/en\/wp-json\/wp\/v2\/product_brand?post=21215"},{"taxonomy":"product_cat","embeddable":true,"href":"https:\/\/weprecious.com\/en\/wp-json\/wp\/v2\/product_cat?post=21215"},{"taxonomy":"product_tag","embeddable":true,"href":"https:\/\/weprecious.com\/en\/wp-json\/wp\/v2\/product_tag?post=21215"}],"curies":[{"name":"wp","href":"https:\/\/api.w.org\/{rel}","templated":true}]}}