{"id":21214,"date":"2025-11-07T13:03:55","date_gmt":"2025-11-07T12:03:55","guid":{"rendered":"https:\/\/weprecious.com\/?post_type=product&#038;p=21214"},"modified":"2026-03-23T13:23:48","modified_gmt":"2026-03-23T12:23:48","slug":"bague-antifer-1-rangee-et-diamants-repossi-t","status":"publish","type":"product","link":"https:\/\/weprecious.com\/en\/boutique\/marques\/repossi\/antifer\/bague-antifer-1-rangee-et-diamants-repossi-t\/","title":{"rendered":"Bague Antifer 1 rang\u00e9e et diamants Repossi, T"},"content":{"rendered":"<h4>Description : Bague Antifer 1 rang\u00e9e et diamants Repossi d&rsquo;occasion, T<\/h4>\n<p>Bague Antifer 1 rang\u00e9e et diamants Repossi d&rsquo;occasion en or rose 750\/1000 (18K) et diamants. La bague pr\u00e9sente un design graphique caract\u00e9ristique de la collection Antifer, avec une ligne angulaire et une seule rang\u00e9e de diamants taille brillant sertis sur la partie sup\u00e9rieure de l\u2019anneau. Bijou Repossi sign\u00e9.<\/p>\n<h4>Status<\/h4>\n<p><a href=\"https:\/\/weprecious.com\/en\/buying-guide\/\" target=\"_blank\" rel=\"noopener\">Category A Renovated: Excellent condition.<\/a>.<br \/>\nJewellery polished or renovated by our workshop for a perfect finish and sparkle. Each piece of jewellery is carefully checked, cleaned by our workshop and repackaged before shipping.<\/p>\n<h4>Details<\/h4>\n<p>. 750\/1000 (18K) pink gold<br \/>\n. 1 rang pav\u00e9 de diamants<br \/>\n. Pav\u00e9 en moyenne avec 38 diamants pour 0,47 ct<br \/>\n. Finger size: 52<br \/>\n. Weight : 1,94 gr<\/p>\n<h4>Packaging and certificates<\/h4>\n<p>. All our jewellery is delivered to you with a weprecious Certificate of Expertise. This certificate bears a unique number corresponding to the unique certificate issued by our expert partner, Patrimoine Joaillerie. This certificate is digitised and made available to you after purchase.<\/p>\n<p>. Find out more about <a href=\"https:\/\/weprecious.com\/en\/buy-a-jewel\/\" target=\"_blank\" rel=\"noopener\">expertise <strong>weprecious<\/strong><\/a>.<\/p>\n<h4>Jewellery History<\/h4>\n<p>Inspir\u00e9e par les falaises de la c\u00f4te Normande, cette collection \u00e9voque leurs formes sculpturales \u00e0 travers leur architecture contemporaine.<br \/>\nCette collection met en sc\u00e8ne des jeux d\u2019asym\u00e9trie et de proportions, toujours empreints d\u2019une grande finesse.<br \/>\nFind out more about the Jewellery House <a href=\"https:\/\/weprecious.com\/en\/second-hand-jewellery\/\" target=\"_blank\" rel=\"noopener\">Repossi<\/a>.<\/p>\n<h4>More information<\/h4>\n<p>More inspiration on our accounts\u00a0<a href=\"https:\/\/www.pinterest.fr\/weprecious_bijoux\/\" target=\"_blank\" rel=\"noopener nofollow\">Pinterest<\/a>\u00a0and\u00a0<a href=\"https:\/\/www.instagram.com\/weprecious_fr\/\" target=\"_blank\" rel=\"noopener nofollow\">Instagram<\/a><\/p>","protected":false},"excerpt":{"rendered":"<p>Bague Antifer Repossi de seconde main en or rose 18 carats (750\/1000). Un anneau graphique \u00e0 la silhouette angulaire, sublim\u00e9 par une ligne de diamants qui met en valeur le tour de doigt.<\/p>\n<p>La collection Antifer, signature de la maison Repossi, c\u00e9l\u00e8bre l\u2019audace et la modernit\u00e9 \u00e0 travers des formes uniques, inspir\u00e9es des falaises de la c\u00f4te normande.<\/p>\n<p>Offrez-vous l\u2019\u00e9l\u00e9gance architecturale de la collection Antifer, sign\u00e9e Repossi.<\/p>","protected":false},"featured_media":21193,"template":"","meta":{"_acf_changed":false,"_angie_page":false,"_joinchat":[]},"product_brand":[],"product_cat":[325,23,348,181],"product_tag":[191,468,412,477],"class_list":{"0":"post-21214","1":"product","2":"type-product","3":"status-publish","4":"has-post-thumbnail","6":"product_cat-antifer","7":"product_cat-bagues","8":"product_cat-nouveaute","9":"product_cat-repossi","10":"product_tag-alliance","11":"product_tag-catalogue","12":"product_tag-exclusivite","13":"product_tag-nouveaute","14":"pa_etat-categorie-a-renove-excellent-etat","15":"pa_marque-repossi","16":"pa_metal-or-rose","17":"pa_pierre-diamant","19":"first","20":"outofstock","21":"sold-individually","22":"purchasable","23":"product-type-simple"},"acf":[],"_links":{"self":[{"href":"https:\/\/weprecious.com\/en\/wp-json\/wp\/v2\/product\/21214","targetHints":{"allow":["GET"]}}],"collection":[{"href":"https:\/\/weprecious.com\/en\/wp-json\/wp\/v2\/product"}],"about":[{"href":"https:\/\/weprecious.com\/en\/wp-json\/wp\/v2\/types\/product"}],"version-history":[{"count":0,"href":"https:\/\/weprecious.com\/en\/wp-json\/wp\/v2\/product\/21214\/revisions"}],"wp:featuredmedia":[{"embeddable":true,"href":"https:\/\/weprecious.com\/en\/wp-json\/wp\/v2\/media\/21193"}],"wp:attachment":[{"href":"https:\/\/weprecious.com\/en\/wp-json\/wp\/v2\/media?parent=21214"}],"wp:term":[{"taxonomy":"product_brand","embeddable":true,"href":"https:\/\/weprecious.com\/en\/wp-json\/wp\/v2\/product_brand?post=21214"},{"taxonomy":"product_cat","embeddable":true,"href":"https:\/\/weprecious.com\/en\/wp-json\/wp\/v2\/product_cat?post=21214"},{"taxonomy":"product_tag","embeddable":true,"href":"https:\/\/weprecious.com\/en\/wp-json\/wp\/v2\/product_tag?post=21214"}],"curies":[{"name":"wp","href":"https:\/\/api.w.org\/{rel}","templated":true}]}}