{"id":21211,"date":"2025-11-07T13:03:55","date_gmt":"2025-11-07T12:03:55","guid":{"rendered":"https:\/\/weprecious.com\/?post_type=product&#038;p=21211"},"modified":"2026-03-28T12:34:45","modified_gmt":"2026-03-28T11:34:45","slug":"bracelet-iconica-or-jaune-pomellato","status":"publish","type":"product","link":"https:\/\/weprecious.com\/en\/boutique\/marques\/pomellato\/iconica\/bracelet-iconica-or-jaune-pomellato\/","title":{"rendered":"Bracelet Iconica Or Jaune Pomellato"},"content":{"rendered":"<h4>Description : Bracelet Iconica Or Jaune Pomellato d&rsquo;occasion<\/h4>\n<p>Bracelet Iconica Pomellato d&rsquo;occasion en or blanc 750\/1000 (18K). Un jonc lisse classique sign\u00e9 Pomellato. Bracelet ouvrant Taille XL.<\/p>\n<h4>Status<\/h4>\n<p><a href=\"https:\/\/weprecious.com\/en\/buying-guide\/\" target=\"_blank\" rel=\"noopener\">Category AB: Very Good Condition.<\/a>.<br \/>\nSecond-hand jewellery in very good condition: with a patina, but no particular defects Each piece of jewellery is carefully checked, cleaned by our workshop and repackaged before dispatch.<\/p>\n<h4>Details<\/h4>\n<p>. 750\/1000 (18K) yellow gold<br \/>\n. Taille : XL<br \/>\n. Poids : 34 gr environ<\/p>\n<h4>Packaging and certificates<\/h4>\n<p>. All our jewellery is delivered to you with a weprecious Certificate of Expertise. This certificate bears a unique number corresponding to the unique certificate issued by our expert partner, Patrimoine Joaillerie. This certificate is digitised and made available to you after purchase.<\/p>\n<p>. Find out more about <a href=\"https:\/\/weprecious.com\/en\/buy-a-jewel\/\" target=\"_blank\" rel=\"noopener\">expertise <strong>weprecious<\/strong><\/a>.<\/p>\n<h4>Jewellery History<\/h4>\n<p>Fond\u00e9e \u00e0 Milan en 1967, Pomellato bouscule les codes de la joaillerie en inventant le bijou pr\u00eat-\u00e0-porter. Alliant simplicit\u00e9 et \u00e9l\u00e9gance, ses cr\u00e9ations se distinguent par un style minimaliste et une identit\u00e9 forte. Pomellato est une Maison avant-gardiste et une r\u00e9f\u00e9rence de la joaillerie italienne.<br \/>\nFind out more about the Jewellery House <a href=\"https:\/\/weprecious.com\/en\/second-hand-pomellato-jewellery\/\" target=\"_blank\" rel=\"noopener\">Pomellato<\/a>.<\/p>\n<h4>More information<\/h4>\n<p>More inspiration on our accounts\u00a0<a href=\"https:\/\/www.pinterest.fr\/weprecious_bijoux\/\" target=\"_blank\" rel=\"noopener nofollow\">Pinterest<\/a>\u00a0and\u00a0<a href=\"https:\/\/www.instagram.com\/weprecious_fr\/\" target=\"_blank\" rel=\"noopener nofollow\">Instagram<\/a><\/p>","protected":false},"excerpt":{"rendered":"<p>Bracelet Iconica Pomellato de seconde main en or jaune 18 carats (750\/1000). Un jonc lisse vintage, embl\u00e9matique de Pomellato qui s\u00e9duit par ses lignes \u00e9pur\u00e9es et intemporelles. Il incarne l\u2019essence du savoir-faire milanais de la Maison et la force de la simplicit\u00e9. Bracelet ouvrant taille XL. A porter en duo avec la version or blanc.<\/p>\n<p>Simple, \u00e9l\u00e9gante, la collection Iconica de Pomellato se distingue par ses lignes \u00e9pur\u00e9es et minimalistes, cr\u00e9ant des bijoux modernes et intemporels.<\/p>\n<p>Craquez pour un bijou qui se porte en toutes occasions et sublime chaque tenue, de la plus simple \u00e0 la plus sophistiqu\u00e9e.<\/p>","protected":false},"featured_media":21242,"template":"","meta":{"_acf_changed":false,"_angie_page":false,"_joinchat":[]},"product_brand":[],"product_cat":[25,618,348,161],"product_tag":[554,468,412,477],"class_list":{"0":"post-21211","1":"product","2":"type-product","3":"status-publish","4":"has-post-thumbnail","6":"product_cat-bracelets","7":"product_cat-iconica","8":"product_cat-nouveaute","9":"product_cat-pomellato","10":"product_tag-bracelet-jonc","11":"product_tag-catalogue","12":"product_tag-exclusivite","13":"product_tag-nouveaute","14":"pa_etat-categorie-ab-tres-bon-etat","15":"pa_marque-pomellato","16":"pa_metal-or-jaune","17":"pa_pierre-sans-pierre","18":"pa_taille-xl","20":"first","21":"instock","22":"sold-individually","23":"purchasable","24":"product-type-simple"},"acf":[],"_links":{"self":[{"href":"https:\/\/weprecious.com\/en\/wp-json\/wp\/v2\/product\/21211","targetHints":{"allow":["GET"]}}],"collection":[{"href":"https:\/\/weprecious.com\/en\/wp-json\/wp\/v2\/product"}],"about":[{"href":"https:\/\/weprecious.com\/en\/wp-json\/wp\/v2\/types\/product"}],"version-history":[{"count":0,"href":"https:\/\/weprecious.com\/en\/wp-json\/wp\/v2\/product\/21211\/revisions"}],"wp:featuredmedia":[{"embeddable":true,"href":"https:\/\/weprecious.com\/en\/wp-json\/wp\/v2\/media\/21242"}],"wp:attachment":[{"href":"https:\/\/weprecious.com\/en\/wp-json\/wp\/v2\/media?parent=21211"}],"wp:term":[{"taxonomy":"product_brand","embeddable":true,"href":"https:\/\/weprecious.com\/en\/wp-json\/wp\/v2\/product_brand?post=21211"},{"taxonomy":"product_cat","embeddable":true,"href":"https:\/\/weprecious.com\/en\/wp-json\/wp\/v2\/product_cat?post=21211"},{"taxonomy":"product_tag","embeddable":true,"href":"https:\/\/weprecious.com\/en\/wp-json\/wp\/v2\/product_tag?post=21211"}],"curies":[{"name":"wp","href":"https:\/\/api.w.org\/{rel}","templated":true}]}}