{"id":20802,"date":"2025-09-25T16:34:38","date_gmt":"2025-09-25T14:34:38","guid":{"rendered":"https:\/\/weprecious.com\/?post_type=product&#038;p=20802"},"modified":"2026-03-28T12:34:12","modified_gmt":"2026-03-28T11:34:12","slug":"bague-chanel-camelia-fil-gm-chanel-t50","status":"publish","type":"product","link":"https:\/\/weprecious.com\/en\/boutique\/marques\/chanel\/camelia-chanel\/bague-chanel-camelia-fil-gm-chanel-t50\/","title":{"rendered":"Bague Chanel Cam\u00e9lia Fil GM Chanel, T50"},"content":{"rendered":"<h4>Description : Bague Chanel Cam\u00e9lia Fil GM Chanel d&rsquo;occasion, T50 <\/h4>\n<p>Bague Chanel cam\u00e9lia Fil GM d&rsquo;occasion, en or blanc 750\/1000, avec un bandeau pav\u00e9 de diamants, taille 50.<\/p>\n<h4>Status<\/h4>\n<p><a href=\"https:\/\/weprecious.com\/en\/buying-guide\/\" target=\"_blank\" rel=\"noopener\">Category A: Excellent condition.<\/a>.<br \/>Second-hand jewellery in excellent condition with no particular defects Each piece of jewellery is carefully checked, cleaned by our workshop and repackaged before dispatch. <\/p>\n<h4>Details<\/h4>\n<p>. 750\/1000 (18K) white gold<br \/>Bandeau ajour\u00e9 en or blanc pav\u00e9 de diamants de taille brillant.<br \/>. Largeur : 12,5mm<br \/> . Finger size: 50<br \/>. Weight : nc<\/p>\n<h4>Packaging and certificates<\/h4>\n<p>. Discreetly signed weprecious box or pouch.<\/p>\n<p>. Certificate of origin from the jewellery brand.<\/p>\n<p>. All our jewellery is delivered to you with a weprecious Certificate of Expertise. This certificate bears a unique number corresponding to the unique certificate issued by our expert partner, Patrimoine Joaillerie. This certificate is digitised and made available to you after purchase.<\/p>\n<p>. Find out more about <a href=\"https:\/\/weprecious.com\/en\/buy-a-jewel\/\" target=\"_blank\" rel=\"noopener\">expertise <strong>weprecious<\/strong><\/a>.<\/p>\n<h4>Jewellery History<\/h4>\n<p>Gabrielle Chanel loved the camellia and chose it as her symbol. A simple and pure flower, sober and geometric, with a rounded shape. A certain feminine classicism, found in many of Chanel's jewellery creations.<br \/>Find out more about the Jewellery House <a href=\"https:\/\/weprecious.com\/en\/pre-owned-chanel-jewellery\/\" target=\"_blank\" rel=\"noopener\">Chanel<\/a>.<\/p>\n<h4>More information<\/h4>\n<p>More inspiration on our accounts\u00a0<a href=\"https:\/\/www.pinterest.fr\/weprecious_bijoux\/\" target=\"_blank\" rel=\"noopener nofollow\">Pinterest<\/a>\u00a0and\u00a0<a href=\"https:\/\/www.instagram.com\/weprecious_fr\/\" target=\"_blank\" rel=\"noopener nofollow\">Instagram<\/a><\/p>","protected":false},"excerpt":{"rendered":"<p>Bague Chanel Cam\u00e9lia Fil GM de seconde main en Or Blanc 18 carats (750\/1000), avec un bandeau orn\u00e9e de diamants. Cette bague iconique s\u00e9duit par son motif cam\u00e9lia d\u00e9licatement ajour\u00e9, symbole de l\u2019\u00e9l\u00e9gance intemporelle de la maison Chanel.<\/p>\n<p>La collection Cam\u00e9lia Fil de Chanel c\u00e9l\u00e8bre la fleur embl\u00e9matique de Chanel \u00e0 travers un motif ajour\u00e9 d\u2019une d\u00e9licatesse a\u00e9rienne, sublim\u00e9 par l\u2019\u00e9clat des diamants.<\/p>\n<p>Offrez-vous l\u2019\u00e9l\u00e9gance intemporelle du cam\u00e9lia Chanel, une cr\u00e9ation joailli\u00e8re qui marie po\u00e9sie florale et raffinement lumineux.<\/p>","protected":false},"featured_media":20811,"template":"","meta":{"_acf_changed":false,"_angie_page":false,"_joinchat":[]},"product_brand":[],"product_cat":[23,378,82,348],"product_tag":[468,412,477],"class_list":{"0":"post-20802","1":"product","2":"type-product","3":"status-publish","4":"has-post-thumbnail","6":"product_cat-bagues","7":"product_cat-camelia-chanel","8":"product_cat-chanel","9":"product_cat-nouveaute","10":"product_tag-catalogue","11":"product_tag-exclusivite","12":"product_tag-nouveaute","13":"pa_etat-categorie-a-excellent-etat","14":"pa_marque-chanel","15":"pa_metal-or-blanc","16":"pa_pierre-diamant","17":"pa_taille-31","19":"first","20":"instock","21":"sold-individually","22":"purchasable","23":"product-type-simple"},"acf":[],"_links":{"self":[{"href":"https:\/\/weprecious.com\/en\/wp-json\/wp\/v2\/product\/20802","targetHints":{"allow":["GET"]}}],"collection":[{"href":"https:\/\/weprecious.com\/en\/wp-json\/wp\/v2\/product"}],"about":[{"href":"https:\/\/weprecious.com\/en\/wp-json\/wp\/v2\/types\/product"}],"version-history":[{"count":0,"href":"https:\/\/weprecious.com\/en\/wp-json\/wp\/v2\/product\/20802\/revisions"}],"wp:featuredmedia":[{"embeddable":true,"href":"https:\/\/weprecious.com\/en\/wp-json\/wp\/v2\/media\/20811"}],"wp:attachment":[{"href":"https:\/\/weprecious.com\/en\/wp-json\/wp\/v2\/media?parent=20802"}],"wp:term":[{"taxonomy":"product_brand","embeddable":true,"href":"https:\/\/weprecious.com\/en\/wp-json\/wp\/v2\/product_brand?post=20802"},{"taxonomy":"product_cat","embeddable":true,"href":"https:\/\/weprecious.com\/en\/wp-json\/wp\/v2\/product_cat?post=20802"},{"taxonomy":"product_tag","embeddable":true,"href":"https:\/\/weprecious.com\/en\/wp-json\/wp\/v2\/product_tag?post=20802"}],"curies":[{"name":"wp","href":"https:\/\/api.w.org\/{rel}","templated":true}]}}