{"id":20800,"date":"2025-09-25T16:34:38","date_gmt":"2025-09-25T14:34:38","guid":{"rendered":"https:\/\/weprecious.com\/?post_type=product&#038;p=20800"},"modified":"2026-03-28T12:34:18","modified_gmt":"2026-03-28T11:34:18","slug":"bague-mimioui-dior-t54","status":"publish","type":"product","link":"https:\/\/weprecious.com\/en\/boutique\/marques\/dior\/mimioui\/bague-mimioui-dior-t54\/","title":{"rendered":"Bague Mimioui Dior, T54"},"content":{"rendered":"<h4>Description : Bague Mimioui Dior d&rsquo;occasion, T54 <\/h4>\n<p>Bague Mimioui Dior d&rsquo;occasion, en or jaune et diamant, taille 54.<\/p>\n<h4>Status<\/h4>\n<p><a href=\"https:\/\/weprecious.com\/en\/buying-guide\/\" target=\"_blank\" rel=\"noopener\">Category AB: Very Good Condition.<\/a>.<br \/>Second-hand jewellery in very good condition: with a patina, but no particular defects Each piece of jewellery is carefully checked, cleaned by our workshop and repackaged before dispatch. <\/p>\n<h4>Details<\/h4>\n<p>. 750\/1000 (18K) yellow gold<br \/>. 1 diamant taille brillant en serti clos<br \/>. Finger size: 54<br \/>. Poids : 0,47 gr<\/p>\n<h4>Packaging and certificates<\/h4>\n<p>. Original jewellery box.<\/p>\n<p>. Certificate of origin from the jewellery brand.<\/p>\n<p>. All our jewellery is delivered to you with a weprecious Certificate of Expertise. This certificate bears a unique number corresponding to the unique certificate issued by our expert partner, Patrimoine Joaillerie. This certificate is digitised and made available to you after purchase.<\/p>\n<p>. Find out more about <a href=\"https:\/\/weprecious.com\/en\/buy-a-jewel\/\" target=\"_blank\" rel=\"noopener\">expertise <strong>weprecious<\/strong><\/a>.<\/p>\n<h4>Jewellery History<\/h4>\n<p>La collection Mimioui de Dior capture l\u2019esprit de la d\u00e9licatesse et du romantisme propre \u00e0 la Maison. Ces pi\u00e8ces fines et minimalistes c\u00e9l\u00e8brent l\u2019\u00e9l\u00e9gance du d\u00e9tail et la po\u00e9sie d\u2019un bijou \u00e0 la fois discret et pr\u00e9cieux. Chaque cr\u00e9ation, pens\u00e9e comme un mot doux \u00e0 porter au quotidien, refl\u00e8te la sensibilit\u00e9 et le savoir-faire joaillier embl\u00e9matique de Dior.<br \/>Find out more about the Jewellery House <a href=\"https:\/\/weprecious.com\/en\/pre-owned-dior-jewellery\/\" target=\"_blank\" rel=\"noopener\">Dior<\/a>.<\/p>\n<h4>More information<\/h4>\n<p>More inspiration on our accounts\u00a0<a href=\"https:\/\/www.pinterest.fr\/weprecious_bijoux\/\" target=\"_blank\" rel=\"noopener nofollow\">Pinterest<\/a>\u00a0and\u00a0<a href=\"https:\/\/www.instagram.com\/weprecious_fr\/\" target=\"_blank\" rel=\"noopener nofollow\">Instagram<\/a><\/p>","protected":false},"excerpt":{"rendered":"<p>Bague Mimioui Dior de seconde main en Or Jaune 18 carats (750\/1000) : une bague cha\u00eene orn\u00e9e d\u2019un diamant en serti clos, une cr\u00e9ation fine et \u00e9l\u00e9gante au design minimaliste embl\u00e9matique de la maison Dior.<\/p>\n<p>Mimioui c\u00e9l\u00e8bre la d\u00e9licatesse et la po\u00e9sie ch\u00e8res \u00e0 Dior, un bijou l\u00e9ger comme un mot doux o\u00f9 le diamant se fait \u00e9clat discret.<\/p>\n<p>Offrez-vous un symbole de raffinement absolu, une cr\u00e9ation pr\u00e9cieuse \u00e0 porter au quotidien comme un talisman d\u2019\u00e9l\u00e9gance.<\/p>","protected":false},"featured_media":20809,"template":"","meta":{"_acf_changed":false,"_angie_page":false,"_joinchat":[]},"product_brand":[],"product_cat":[23,261,603,348],"product_tag":[556,468,412,477],"class_list":{"0":"post-20800","1":"product","2":"type-product","3":"status-publish","4":"has-post-thumbnail","6":"product_cat-bagues","7":"product_cat-dior","8":"product_cat-mimioui","9":"product_cat-nouveaute","10":"product_tag-bague-chaine","11":"product_tag-catalogue","12":"product_tag-exclusivite","13":"product_tag-nouveaute","14":"pa_etat-categorie-ab-tres-bon-etat","15":"pa_marque-dior","16":"pa_metal-or-jaune","17":"pa_pierre-diamant","18":"pa_taille-35","20":"first","21":"instock","22":"sold-individually","23":"purchasable","24":"product-type-simple"},"acf":[],"_links":{"self":[{"href":"https:\/\/weprecious.com\/en\/wp-json\/wp\/v2\/product\/20800","targetHints":{"allow":["GET"]}}],"collection":[{"href":"https:\/\/weprecious.com\/en\/wp-json\/wp\/v2\/product"}],"about":[{"href":"https:\/\/weprecious.com\/en\/wp-json\/wp\/v2\/types\/product"}],"version-history":[{"count":0,"href":"https:\/\/weprecious.com\/en\/wp-json\/wp\/v2\/product\/20800\/revisions"}],"wp:featuredmedia":[{"embeddable":true,"href":"https:\/\/weprecious.com\/en\/wp-json\/wp\/v2\/media\/20809"}],"wp:attachment":[{"href":"https:\/\/weprecious.com\/en\/wp-json\/wp\/v2\/media?parent=20800"}],"wp:term":[{"taxonomy":"product_brand","embeddable":true,"href":"https:\/\/weprecious.com\/en\/wp-json\/wp\/v2\/product_brand?post=20800"},{"taxonomy":"product_cat","embeddable":true,"href":"https:\/\/weprecious.com\/en\/wp-json\/wp\/v2\/product_cat?post=20800"},{"taxonomy":"product_tag","embeddable":true,"href":"https:\/\/weprecious.com\/en\/wp-json\/wp\/v2\/product_tag?post=20800"}],"curies":[{"name":"wp","href":"https:\/\/api.w.org\/{rel}","templated":true}]}}