{"id":20798,"date":"2025-09-25T16:34:38","date_gmt":"2025-09-25T14:34:38","guid":{"rendered":"https:\/\/weprecious.com\/?post_type=product&#038;p=20798"},"modified":"2026-03-23T13:23:56","modified_gmt":"2026-03-23T12:23:56","slug":"bague-wise-tourmaline-repossi-t53","status":"publish","type":"product","link":"https:\/\/weprecious.com\/en\/boutique\/marques\/repossi\/wise\/bague-wise-tourmaline-repossi-t53\/","title":{"rendered":"Bague Wise Tourmaline Repossi, T53"},"content":{"rendered":"<h4>Description : Bague Wise Tourmaline Repossi d&rsquo;occasion, T53 <\/h4>\n<p>Bague Wise Repossi d&rsquo;occasion, en or blanc 750\/1000, pr\u00e9sentant une importante tourmaline verte de forme rectangulaire, dont chaque cot\u00e9 est orn\u00e9 d&rsquo;une tourmaline plus petite en forme de poire et d&rsquo;un pavage de diamants . Chaque coin de la pierre centrale est rehauss\u00e9 d&rsquo;un pavage de diamants. Bague rare \u00e9dit\u00e9e en quelques exemplaires seulement par Repossi pour Ga\u00efa Repossi. Tour de doigt 53.<\/p>\n<h4>Status<\/h4>\n<p><a href=\"https:\/\/weprecious.com\/en\/buying-guide\/\" target=\"_blank\" rel=\"noopener\">Category A Renovated: Excellent condition.<\/a>.<br \/>Jewellery polished or renovated by our workshop for a perfect finish and sparkle. Each piece of jewellery is carefully checked, cleaned by our workshop and repackaged before shipping. <\/p>\n<h4>Details<\/h4>\n<p>. 750\/1000 (18K) white gold<br \/>. Une tourmaline verte taill\u00e9e rectangle<br \/>\n. 2 Tourmalines vertes en forme de triangle arrondi<br \/>\n. Au total 118 diamants en pavage et aux 4 extr\u00e9mit\u00e9s de la pierre centrale<br \/>. Largeur : <br \/> . Finger size: 53<br \/>. Weight : nc<\/p>\n<h4>Packaging and certificates<\/h4>\n<p>. Original jewellery box.<\/p>\n<p>. Certificate of origin from the jewellery brand.<\/p>\n<p>. All our jewellery is delivered to you with a weprecious Certificate of Expertise. This certificate bears a unique number corresponding to the unique certificate issued by our expert partner, Patrimoine Joaillerie. This certificate is digitised and made available to you after purchase.<\/p>\n<p>. Find out more about <a href=\"https:\/\/weprecious.com\/en\/buy-a-jewel\/\" target=\"_blank\" rel=\"noopener\">expertise <strong>weprecious<\/strong><\/a>.<\/p>\n<h4>Jewellery History<\/h4>\n<p>La collection Wise de Repossi illustre l\u2019alliance parfaite entre architecture et joaillerie contemporaine. D\u00e9clin\u00e9e en bagues, colliers et boucles d\u2019oreilles, elle joue sur les volumes et les courbes sculpturales pour cr\u00e9er des pi\u00e8ces \u00e0 la fois graphiques et harmonieuses. Chaque cr\u00e9ation met en valeur les pierres avec audace, tout en respectant l\u2019\u00e9quilibre des formes et la fluidit\u00e9 des lignes, t\u00e9moignant du savoir-faire technique et de l\u2019innovation caract\u00e9ristique de la maison Repossi.<br \/>Find out more about the Jewellery House <a href=\"https:\/\/weprecious.com\/en\/second-hand-jewellery\/\" target=\"_blank\" rel=\"noopener\">Repossi<\/a>.<\/p>\n<h4>More information<\/h4>\n<p>More inspiration on our accounts\u00a0<a href=\"https:\/\/www.pinterest.fr\/weprecious_bijoux\/\" target=\"_blank\" rel=\"noopener nofollow\">Pinterest<\/a>\u00a0and\u00a0<a href=\"https:\/\/www.instagram.com\/weprecious_fr\/\" target=\"_blank\" rel=\"noopener nofollow\">Instagram<\/a><\/p>","protected":false},"excerpt":{"rendered":"<p>Bague Wise Tourmaline Repossi de seconde main en Or Blanc 18 carats (750\/1000) sertie d&rsquo;une pierre centrale de tourmaline rectangulaire. 2 tourmalines moins importantes rehaussent la pierre centrale. Un design contemporain o\u00f9 la tourmaline est sublim\u00e9e par des lignes \u00e9pur\u00e9es et une monture \u00e9l\u00e9gante, pav\u00e9e de diamants, signature de la maison Repossi.<\/p>\n<p>La collection Wise de Repossi exprime la vision architecturale de la Maison, m\u00ealant lignes graphiques et volumes sculpturaux pour une allure r\u00e9solument contemporaine.<\/p>\n<p>Adoptez une cr\u00e9ation \u00e0 la fois audacieuse et harmonieuse, o\u00f9 la force du design r\u00e9v\u00e8le l\u2019\u00e9clat des pierres.<\/p>","protected":false},"featured_media":20879,"template":"","meta":{"_acf_changed":false,"_angie_page":false,"_joinchat":[]},"product_brand":[],"product_cat":[23,348,181,601],"product_tag":[290,468,412,477],"class_list":{"0":"post-20798","1":"product","2":"type-product","3":"status-publish","4":"has-post-thumbnail","6":"product_cat-bagues","7":"product_cat-nouveaute","8":"product_cat-repossi","9":"product_cat-wise","10":"product_tag-bague-cocktail","11":"product_tag-catalogue","12":"product_tag-exclusivite","13":"product_tag-nouveaute","14":"pa_etat-categorie-a-renove-excellent-etat","15":"pa_marque-repossi","16":"pa_metal-or-blanc","17":"pa_pierre-diamant","18":"pa_pierre-tourmaline","19":"pa_taille-34","21":"first","22":"outofstock","23":"sold-individually","24":"purchasable","25":"product-type-simple"},"acf":[],"_links":{"self":[{"href":"https:\/\/weprecious.com\/en\/wp-json\/wp\/v2\/product\/20798","targetHints":{"allow":["GET"]}}],"collection":[{"href":"https:\/\/weprecious.com\/en\/wp-json\/wp\/v2\/product"}],"about":[{"href":"https:\/\/weprecious.com\/en\/wp-json\/wp\/v2\/types\/product"}],"version-history":[{"count":0,"href":"https:\/\/weprecious.com\/en\/wp-json\/wp\/v2\/product\/20798\/revisions"}],"wp:featuredmedia":[{"embeddable":true,"href":"https:\/\/weprecious.com\/en\/wp-json\/wp\/v2\/media\/20879"}],"wp:attachment":[{"href":"https:\/\/weprecious.com\/en\/wp-json\/wp\/v2\/media?parent=20798"}],"wp:term":[{"taxonomy":"product_brand","embeddable":true,"href":"https:\/\/weprecious.com\/en\/wp-json\/wp\/v2\/product_brand?post=20798"},{"taxonomy":"product_cat","embeddable":true,"href":"https:\/\/weprecious.com\/en\/wp-json\/wp\/v2\/product_cat?post=20798"},{"taxonomy":"product_tag","embeddable":true,"href":"https:\/\/weprecious.com\/en\/wp-json\/wp\/v2\/product_tag?post=20798"}],"curies":[{"name":"wp","href":"https:\/\/api.w.org\/{rel}","templated":true}]}}