{"id":20795,"date":"2025-09-25T16:34:37","date_gmt":"2025-09-25T14:34:37","guid":{"rendered":"https:\/\/weprecious.com\/?post_type=product&#038;p=20795"},"modified":"2026-03-28T12:34:18","modified_gmt":"2026-03-28T11:34:18","slug":"bague-couture-gourmette-mm-dior-t54","status":"publish","type":"product","link":"https:\/\/weprecious.com\/en\/boutique\/marques\/dior\/couture\/bague-couture-gourmette-mm-dior-t54\/","title":{"rendered":"Bague Couture Gourmette MM Dior, T54"},"content":{"rendered":"<h4>Description : Bague Couture Gourmette MM Dior d&rsquo;occasion, T54 <\/h4>\n<p>Bague Couture Gourmette Dior d&rsquo;occasion, en Or Jaune 750\/1000 (18K), de taille 54. Un bandeau de forme concave, grav\u00e9 \u00e0 l&rsquo;ext\u00e9rieur Dior 750, et retenu par une large chaine maille gourmette en or jaune.<\/p>\n<h4>Status<\/h4>\n<p><a href=\"https:\/\/weprecious.com\/en\/buying-guide\/\" target=\"_blank\" rel=\"noopener\">Category AB: Very Good Condition.<\/a>.<br \/>Second-hand jewellery in very good condition: with a patina, but no particular defects Each piece of jewellery is carefully checked, cleaned by our workshop and repackaged before dispatch. <\/p>\n<h4>Details<\/h4>\n<p>. 750\/1000 (18K) yellow gold<br \/>. Largeur : environ 9mm <br \/> . Finger size: 54<br \/>. Poids : 13,9 gr<\/p>\n<h4>Packaging and certificates<\/h4>\n<p>. Original jewellery box.<\/p>\n<p>. Certificate of origin from the jewellery brand.<\/p>\n<p>. All our jewellery is delivered to you with a weprecious Certificate of Expertise. This certificate bears a unique number corresponding to the unique certificate issued by our expert partner, Patrimoine Joaillerie. This certificate is digitised and made available to you after purchase.<\/p>\n<p>. Find out more about <a href=\"https:\/\/weprecious.com\/en\/buy-a-jewel\/\" target=\"_blank\" rel=\"noopener\">expertise <strong>weprecious<\/strong><\/a>.<\/p>\n<h4>Jewellery History<\/h4>\n<p>Dior's Couture collection, which includes Gourmette and Petit Tralala, embodies the very essence of haute couture transposed into jewellery. Petit Tralala, inspired by emblematic Dior elements such as bows and ribbons, celebrates femininity with refined elegance. Each piece, from rings to earrings, is crafted in 18-carat gold and features delicate details reminiscent of the finishing touches on Dior's couture creations.<br \/>Find out more about the Jewellery House <a href=\"https:\/\/weprecious.com\/en\/pre-owned-dior-jewellery\/\" target=\"_blank\" rel=\"noopener\">Dior<\/a>.<\/p>\n<h4>More information<\/h4>\n<p>More inspiration on our accounts\u00a0<a href=\"https:\/\/www.pinterest.fr\/weprecious_bijoux\/\" target=\"_blank\" rel=\"noopener nofollow\">Pinterest<\/a>\u00a0and\u00a0<a href=\"https:\/\/www.instagram.com\/weprecious_fr\/\" target=\"_blank\" rel=\"noopener nofollow\">Instagram<\/a><\/p>","protected":false},"excerpt":{"rendered":"<p>Bague Gourmette Couture Dior de seconde main en Or Jaune 18 carats (750\/1000). Moyen Mod\u00e8le. Bague pr\u00e9sentant un bandeau grav\u00e9 Dior 750 retenu par une large cha\u00eene maille gourmette en or jaune.<\/p>\n<p>A rock design, a bracelet revisited as a ring where the emphasis is on the markings and hallmarks affixed to the outside of the ring.<\/p>\n<p>Be Dior to your fingertips with this couture creation.<\/p>","protected":false},"featured_media":20819,"template":"","meta":{"_acf_changed":false,"_angie_page":false,"_joinchat":[]},"product_brand":[],"product_cat":[23,528,261,348],"product_tag":[468,412,477],"class_list":{"0":"post-20795","1":"product","2":"type-product","3":"status-publish","4":"has-post-thumbnail","6":"product_cat-bagues","7":"product_cat-couture","8":"product_cat-dior","9":"product_cat-nouveaute","10":"product_tag-catalogue","11":"product_tag-exclusivite","12":"product_tag-nouveaute","13":"pa_etat-categorie-ab-tres-bon-etat","14":"pa_marque-dior","15":"pa_metal-or-jaune","16":"pa_pierre-sans-pierre","17":"pa_taille-35","19":"first","20":"instock","21":"sold-individually","22":"purchasable","23":"product-type-simple"},"acf":[],"_links":{"self":[{"href":"https:\/\/weprecious.com\/en\/wp-json\/wp\/v2\/product\/20795","targetHints":{"allow":["GET"]}}],"collection":[{"href":"https:\/\/weprecious.com\/en\/wp-json\/wp\/v2\/product"}],"about":[{"href":"https:\/\/weprecious.com\/en\/wp-json\/wp\/v2\/types\/product"}],"version-history":[{"count":0,"href":"https:\/\/weprecious.com\/en\/wp-json\/wp\/v2\/product\/20795\/revisions"}],"wp:featuredmedia":[{"embeddable":true,"href":"https:\/\/weprecious.com\/en\/wp-json\/wp\/v2\/media\/20819"}],"wp:attachment":[{"href":"https:\/\/weprecious.com\/en\/wp-json\/wp\/v2\/media?parent=20795"}],"wp:term":[{"taxonomy":"product_brand","embeddable":true,"href":"https:\/\/weprecious.com\/en\/wp-json\/wp\/v2\/product_brand?post=20795"},{"taxonomy":"product_cat","embeddable":true,"href":"https:\/\/weprecious.com\/en\/wp-json\/wp\/v2\/product_cat?post=20795"},{"taxonomy":"product_tag","embeddable":true,"href":"https:\/\/weprecious.com\/en\/wp-json\/wp\/v2\/product_tag?post=20795"}],"curies":[{"name":"wp","href":"https:\/\/api.w.org\/{rel}","templated":true}]}}