{"id":20609,"date":"2025-09-19T11:26:44","date_gmt":"2025-09-19T09:26:44","guid":{"rendered":"https:\/\/weprecious.com\/?post_type=product&#038;p=20609"},"modified":"2025-12-12T11:53:07","modified_gmt":"2025-12-12T10:53:07","slug":"choker-move-uno-pampille-messika","status":"publish","type":"product","link":"https:\/\/weprecious.com\/en\/boutique\/marques\/messika\/move\/choker-move-uno-pampille-messika\/","title":{"rendered":"Choker Move Uno Pampille Messika"},"content":{"rendered":"<h4>Description : Choker Move Uno Pampille Messika d&rsquo;occasion<\/h4>\n<p>Choker Move Uno Messika d&rsquo;occasion en or blanc 18 carats (750\/1000). Le bijou pr\u00e9sente une s\u00e9rie de 5 pampilles, repr\u00e9sentant un motif ovale de 14 x 5 mm, serties de diamants et abritant un diamant en serti clos mobile. Les pampilles sont retenues par une cha\u00eene maille for\u00e7at lim\u00e9e. Le collier sign\u00e9 Messika. \u00a0Gr\u00e2ce \u00e0 son fermoir mousqueton avec un syst\u00e8me coulissant, ce Choker Move Uno Messika d&rsquo;occasion peut se porter en collier choker ou en collier ras du cou.<\/p>\n<h4>Status<\/h4>\n<p><a href=\"https:\/\/weprecious.com\/en\/buying-guide\/\" target=\"_blank\" rel=\"noopener\">Category A: Excellent condition.<\/a>.<br \/>\nSecond-hand jewellery in excellent condition with no particular defects Each piece of jewellery is carefully checked, cleaned by our workshop and repackaged before dispatch.<\/p>\n<h4>Details<\/h4>\n<p>. 750\/1000 (18K) white gold<br \/>\n. Pavage diamants sur chaque pampille<br \/>\n. 1 Diamant mobile sur chaque pampille<\/p>\n<p>. Taille motif : 9,7 x 4,5 mm<br \/>\n. Weight : nc<\/p>\n<h4>Packaging and certificates<\/h4>\n<p>. Original jewellery box.<\/p>\n<p>. Certificate of origin from the jewellery brand.<\/p>\n<p>. All our jewellery is delivered to you with a weprecious Certificate of Expertise. This certificate bears a unique number corresponding to the unique certificate issued by our expert partner, Patrimoine Joaillerie. This certificate is digitised and made available to you after purchase.<\/p>\n<p>. Find out more about <a href=\"https:\/\/weprecious.com\/en\/buy-a-jewel\/\" target=\"_blank\" rel=\"noopener\">expertise <strong>weprecious<\/strong><\/a>.<\/p>\n<h4>Jewellery History<\/h4>\n<p>Ligne iconique de la maison Messika, Move met \u00e0 l\u2019honneur un ou plusieurs diamant mobile coulissant, alliant chic et modernit\u00e9. Une collection iconique et innovante qui r\u00e9invente la joaillerie, qui se d\u00e9cline en de nombreuses variations attractives et qui s\u2019adressent \u00e0 toutes les g\u00e9n\u00e9rations.<br \/>\nFind out more about the Jewellery House <a href=\"https:\/\/weprecious.com\/en\/bijoux-messika-occasion\/\" target=\"_blank\" rel=\"noopener\">Messika<\/a>.<\/p>\n<h4>More information<\/h4>\n<p>More inspiration on our accounts\u00a0<a href=\"https:\/\/www.pinterest.fr\/weprecious_bijoux\/\" target=\"_blank\" rel=\"noopener nofollow\">Pinterest<\/a>\u00a0and\u00a0<a href=\"https:\/\/www.instagram.com\/weprecious_fr\/\" target=\"_blank\" rel=\"noopener nofollow\">Instagram<\/a><\/p>","protected":false},"excerpt":{"rendered":"<p>Choker Move Uno Pampille Messika de seconde main en or blanc 18 carats (750\/1000) : une cha\u00eene r\u00e9hauss\u00e9e de 5 pampilles en motif ovale, pav\u00e9es de diamants, pr\u00e9sentant en leur centre un diamant mobile qui cr\u00e9e un mouvement original.<\/p>\n<p>A hypnotic design created by Val\u00e9rie Messika, who is inventing the new jewellery: modern, inspiring, light and bold.<\/p>\n<p>Embrace this new jewellery classic by Messika.<\/p>","protected":false},"featured_media":20621,"template":"","meta":{"_acf_changed":false,"_angie_page":false,"_joinchat":[]},"product_brand":[],"product_cat":[24,119,120,348],"product_tag":[468,600,412,477],"class_list":{"0":"post-20609","1":"product","2":"type-product","3":"status-publish","4":"has-post-thumbnail","6":"product_cat-colliers-pendentifs","7":"product_cat-messika","8":"product_cat-move","9":"product_cat-nouveaute","10":"product_tag-catalogue","11":"product_tag-choker","12":"product_tag-exclusivite","13":"product_tag-nouveaute","14":"pa_etat-categorie-a-excellent-etat","15":"pa_marque-messika","16":"pa_metal-or-blanc","17":"pa_pierre-diamant","19":"first","20":"outofstock","21":"sold-individually","22":"purchasable","23":"product-type-simple"},"acf":[],"_links":{"self":[{"href":"https:\/\/weprecious.com\/en\/wp-json\/wp\/v2\/product\/20609","targetHints":{"allow":["GET"]}}],"collection":[{"href":"https:\/\/weprecious.com\/en\/wp-json\/wp\/v2\/product"}],"about":[{"href":"https:\/\/weprecious.com\/en\/wp-json\/wp\/v2\/types\/product"}],"version-history":[{"count":0,"href":"https:\/\/weprecious.com\/en\/wp-json\/wp\/v2\/product\/20609\/revisions"}],"wp:featuredmedia":[{"embeddable":true,"href":"https:\/\/weprecious.com\/en\/wp-json\/wp\/v2\/media\/20621"}],"wp:attachment":[{"href":"https:\/\/weprecious.com\/en\/wp-json\/wp\/v2\/media?parent=20609"}],"wp:term":[{"taxonomy":"product_brand","embeddable":true,"href":"https:\/\/weprecious.com\/en\/wp-json\/wp\/v2\/product_brand?post=20609"},{"taxonomy":"product_cat","embeddable":true,"href":"https:\/\/weprecious.com\/en\/wp-json\/wp\/v2\/product_cat?post=20609"},{"taxonomy":"product_tag","embeddable":true,"href":"https:\/\/weprecious.com\/en\/wp-json\/wp\/v2\/product_tag?post=20609"}],"curies":[{"name":"wp","href":"https:\/\/api.w.org\/{rel}","templated":true}]}}