{"id":20607,"date":"2025-09-19T11:26:43","date_gmt":"2025-09-19T09:26:43","guid":{"rendered":"https:\/\/weprecious.com\/?post_type=product&#038;p=20607"},"modified":"2026-03-28T12:34:53","modified_gmt":"2026-03-28T11:34:53","slug":"pendentif-frivole-petit-modele-van-cleef-arpels","status":"publish","type":"product","link":"https:\/\/weprecious.com\/en\/boutique\/marques\/van-cleef-arpels\/frivole-van-cleef-arpels\/pendentif-frivole-petit-modele-van-cleef-arpels\/","title":{"rendered":"Pendentif Frivole Petit Mod\u00e8le Van Cleef &#038; Arpels"},"content":{"rendered":"<h4>Description : Pendentif Frivole Petit Mod\u00e8le Van Cleef &amp; Arpels d&rsquo;occasion<\/h4>\n<p>Pendentif Frivole Petit Mod\u00e8le Van Cleef &amp; Arpels d&rsquo;occasion en or jaune 750\/1000 (18K). Ce pendentif se compose d&rsquo;une fleur \u00e0 trois p\u00e9tales en or jaune serties de diamants, orn\u00e9e en son centre d\u2019un diamant rond en serti clos. Une cha\u00eene fine en or jaune accompagne le motif floral suspendu. Taille du motif : 14 mm. Bijou Van Cleef &amp; Arpels sign\u00e9.<\/p>\n<h4>Status<\/h4>\n<p><a href=\"https:\/\/weprecious.com\/en\/buying-guide\/\" target=\"_blank\" rel=\"noopener\">Category A: Excellent condition.<\/a>.<br \/>\nSecond-hand jewellery in excellent condition with no particular defects Each piece of jewellery is carefully checked, cleaned by our workshop and repackaged before dispatch.<\/p>\n<h4>Details<\/h4>\n<p>. 750\/1000 (18K) yellow gold<br \/>\n. Diamond paving<br \/>\n. 43 diamants taille brillant<br \/>\n. Taille Motif : 14 mm<br \/>\n. Weight : nc<\/p>\n<h4>Packaging and certificates<\/h4>\n<p>. Original jeweller's pouch.<\/p>\n<p>. Discreetly signed weprecious box or pouch.<\/p>\n<p>. Certificate of origin from the jewellery brand.<\/p>\n<p>. All our jewellery is delivered to you with a weprecious Certificate of Expertise. This certificate bears a unique number corresponding to the unique certificate issued by our expert partner, Patrimoine Joaillerie. This certificate is digitised and made available to you after purchase.<\/p>\n<p>. Find out more about <a href=\"https:\/\/weprecious.com\/en\/buy-a-jewel\/\" target=\"_blank\" rel=\"noopener\">expertise <strong>weprecious<\/strong><\/a>.<\/p>\n<h4>Jewellery History<\/h4>\n<p>La collection Frivole de Van Cleef &amp; Arpels a vu le jour en 2003, imagin\u00e9e par les artisans joailliers de la Maison, dont le savoir-faire s\u2019inspire depuis toujours de la beaut\u00e9 de la nature. Cette ligne embl\u00e9matique se distingue par ses motifs floraux stylis\u00e9s, \u00e9voquant la l\u00e9g\u00e8ret\u00e9 et la fra\u00eecheur d\u2019un jardin printanier. Les bijoux Frivole, tels que le pendentif petit mod\u00e8le en or jaune et diamants, incarnent la d\u00e9licatesse et la vitalit\u00e9 des fleurs, symboles de renouveau et de joie.<\/p>\n<p>Chaque cr\u00e9ation Frivole Van Cleef &amp; Arpels se caract\u00e9rise par des p\u00e9tales en forme de c\u0153ur, soigneusement polis pour refl\u00e9ter la lumi\u00e8re et sublimer l\u2019\u00e9clat des diamants. Ce design raffin\u00e9 rend hommage \u00e0 la nature, source d\u2019inspiration majeure pour la Maison, et traduit la volont\u00e9 de capturer l\u2019instant fugace d\u2019une fleur caress\u00e9e par le vent. Selon les cr\u00e9ateurs, \u00ab la nature est un po\u00e8me vivant \u00bb, et chaque bijou Frivole en est une interpr\u00e9tation pr\u00e9cieuse.<br \/>\nFind out more about the Jewellery House <a href=\"https:\/\/weprecious.com\/en\/second-hand-van-cleef-arpels-jewellery\/\" target=\"_blank\" rel=\"noopener\">Van Cleef &amp; Arpels<\/a>.<\/p>\n<h4>More information<\/h4>\n<p>More inspiration on our accounts\u00a0<a href=\"https:\/\/www.pinterest.fr\/weprecious_bijoux\/\" target=\"_blank\" rel=\"noopener nofollow\">Pinterest<\/a>\u00a0and\u00a0<a href=\"https:\/\/www.instagram.com\/weprecious_fr\/\" target=\"_blank\" rel=\"noopener nofollow\">Instagram<\/a><\/p>","protected":false},"excerpt":{"rendered":"<p>Pendentif Frivole Petit Mod\u00e8le Van Cleef &amp; Arpels de seconde main en Or Jaune 18 carats (750\/1000), compos\u00e9 de 3 p\u00e9tales d\u00e9licatement fa\u00e7onn\u00e9s, et pav\u00e9s de diamants, incarnant l\u2019\u00e9l\u00e9gance florale embl\u00e9matique de la Maison.<\/p>\n<p>Frivole Petit Mod\u00e8le de Van Cleef &amp; Arpels d\u00e9voile un motif floral aux p\u00e9tales bomb\u00e9es, cr\u00e9ant un \u00e9clat subtil et a\u00e9rien.<\/p>\n<p>Frivole donnera \u00e0 votre look une allure po\u00e9tique, raffin\u00e9e et intemporelle.<\/p>","protected":false},"featured_media":20636,"template":"","meta":{"_acf_changed":false,"_angie_page":false,"_joinchat":[]},"product_brand":[],"product_cat":[24,93,348,80],"product_tag":[468,412,477,137],"class_list":{"0":"post-20607","1":"product","2":"type-product","3":"status-publish","4":"has-post-thumbnail","6":"product_cat-colliers-pendentifs","7":"product_cat-frivole-van-cleef-arpels","8":"product_cat-nouveaute","9":"product_cat-van-cleef-arpels","10":"product_tag-catalogue","11":"product_tag-exclusivite","12":"product_tag-nouveaute","13":"product_tag-pendentif","14":"pa_etat-categorie-a-excellent-etat","15":"pa_marque-van-cleef-arpels","16":"pa_metal-or-jaune","17":"pa_pierre-diamant","18":"pa_taille-42-cm","20":"first","21":"instock","22":"sold-individually","23":"purchasable","24":"product-type-simple"},"acf":[],"_links":{"self":[{"href":"https:\/\/weprecious.com\/en\/wp-json\/wp\/v2\/product\/20607","targetHints":{"allow":["GET"]}}],"collection":[{"href":"https:\/\/weprecious.com\/en\/wp-json\/wp\/v2\/product"}],"about":[{"href":"https:\/\/weprecious.com\/en\/wp-json\/wp\/v2\/types\/product"}],"version-history":[{"count":0,"href":"https:\/\/weprecious.com\/en\/wp-json\/wp\/v2\/product\/20607\/revisions"}],"wp:featuredmedia":[{"embeddable":true,"href":"https:\/\/weprecious.com\/en\/wp-json\/wp\/v2\/media\/20636"}],"wp:attachment":[{"href":"https:\/\/weprecious.com\/en\/wp-json\/wp\/v2\/media?parent=20607"}],"wp:term":[{"taxonomy":"product_brand","embeddable":true,"href":"https:\/\/weprecious.com\/en\/wp-json\/wp\/v2\/product_brand?post=20607"},{"taxonomy":"product_cat","embeddable":true,"href":"https:\/\/weprecious.com\/en\/wp-json\/wp\/v2\/product_cat?post=20607"},{"taxonomy":"product_tag","embeddable":true,"href":"https:\/\/weprecious.com\/en\/wp-json\/wp\/v2\/product_tag?post=20607"}],"curies":[{"name":"wp","href":"https:\/\/api.w.org\/{rel}","templated":true}]}}