{"id":20604,"date":"2025-09-19T11:26:42","date_gmt":"2025-09-19T09:26:42","guid":{"rendered":"https:\/\/weprecious.com\/?post_type=product&#038;p=20604"},"modified":"2025-11-27T15:09:36","modified_gmt":"2025-11-27T14:09:36","slug":"collier-baby-move-messika","status":"publish","type":"product","link":"https:\/\/weprecious.com\/en\/boutique\/marques\/messika\/move\/collier-baby-move-messika\/","title":{"rendered":"Collier Baby Move Messika"},"content":{"rendered":"<h4>Description : Collier Baby Move Messika d&rsquo;occasion<\/h4>\n<p>Collier Baby Move Messika d&rsquo;occasion en or rose 18 carats (750\/1000). Une fine cha\u00eene en or rose avec un motif rectangle arrondi au centre duquel trois diamants de taille brillant mobiles. Le motif mesurant 20 x 5 mm est mont\u00e9 sur une cha\u00eene \u00e0 maille for\u00e7at avec 4 diamants en serti clos de part et d&rsquo;autre du motif (2 de chaque c\u00f4t\u00e9). La chaine mesurant environ 40 cm et comportant 5 anneaux de r\u00e9glage se ferme \u00e0 l\u2019aide d\u2019un anneau ressort. Signature : Messika .<\/p>\n<h4>Status<\/h4>\n<p><a href=\"https:\/\/weprecious.com\/en\/buying-guide\/\" target=\"_blank\" rel=\"noopener\">Category AB: Very Good Condition.<\/a>.<br \/>\nSecond-hand jewellery in very good condition: with a patina, but no particular defects Each piece of jewellery is carefully checked, cleaned by our workshop and repackaged before dispatch.<\/p>\n<h4>Details<\/h4>\n<p>. 750\/1000 (18K) yellow gold<br \/>\n. 3 loose diamonds set inside the design<br \/>\n. 4 diamants sertis sur la cha\u00eene (2 de chaque c\u00f4t\u00e9 du motif central).<br \/>\n. Taille motif : 20 mm x 5 mm<br \/>\n. Longueur cha\u00eene : 44 cm (ajustable \u00e0 2 cm, 4 cm et 6 cm)<br \/>\n. Weight : nc<\/p>\n<h4>Packaging and certificates<\/h4>\n<p>. Discreetly signed weprecious box or pouch.<\/p>\n<p>. All our jewellery is delivered to you with a weprecious Certificate of Expertise. This certificate bears a unique number corresponding to the unique certificate issued by our expert partner, Patrimoine Joaillerie. This certificate is digitised and made available to you after purchase.<\/p>\n<p>. Find out more about <a href=\"https:\/\/weprecious.com\/en\/buy-a-jewel\/\" target=\"_blank\" rel=\"noopener\">expertise <strong>weprecious<\/strong><\/a>.<\/p>\n<h4>Jewellery History<\/h4>\n<p>Ligne iconique de la maison Messika, Move met \u00e0 l\u2019honneur un ou plusieurs diamant mobile coulissant, alliant chic et modernit\u00e9. Une collection iconique et innovante qui r\u00e9invente la joaillerie, qui se d\u00e9cline en de nombreuses variations attractives et qui s\u2019adressent \u00e0 toutes les g\u00e9n\u00e9rations.<br \/>\nFind out more about the Jewellery House <a href=\"https:\/\/weprecious.com\/en\/bijoux-messika-occasion\/\" target=\"_blank\" rel=\"noopener\">Messika<\/a>.<\/p>\n<h4>More information<\/h4>\n<p>More inspiration on our accounts\u00a0<a href=\"https:\/\/www.pinterest.fr\/weprecious_bijoux\/\" target=\"_blank\" rel=\"noopener nofollow\">Pinterest<\/a>\u00a0and\u00a0<a href=\"https:\/\/www.instagram.com\/weprecious_fr\/\" target=\"_blank\" rel=\"noopener nofollow\">Instagram<\/a><\/p>","protected":false},"excerpt":{"rendered":"<p>Collier Baby Move Messika de seconde main en or rose 18 carats (750\/1000). Un collier sur cha\u00eene avec au sein d\u2019un motif ovale, trois diamants mobiles qui ensemble, cr\u00e9ent un mouvement original.<\/p>\n<p>A hypnotic design created by Val\u00e9rie Messika, who is inventing the new jewellery: modern, inspiring, light and bold.<\/p>\n<p>Embrace this new jewellery classic by Messika.<\/p>","protected":false},"featured_media":20637,"template":"","meta":{"_acf_changed":false,"_angie_page":false,"_joinchat":[]},"product_brand":[],"product_cat":[24,119,120,348],"product_tag":[468,140,412,477],"class_list":{"0":"post-20604","1":"product","2":"type-product","3":"status-publish","4":"has-post-thumbnail","6":"product_cat-colliers-pendentifs","7":"product_cat-messika","8":"product_cat-move","9":"product_cat-nouveaute","10":"product_tag-catalogue","11":"product_tag-collier","12":"product_tag-exclusivite","13":"product_tag-nouveaute","14":"pa_etat-categorie-ab-tres-bon-etat","15":"pa_marque-messika","16":"pa_metal-or-jaune","17":"pa_pierre-diamant","18":"pa_taille-40-cm","20":"first","21":"outofstock","22":"sold-individually","23":"purchasable","24":"product-type-simple"},"acf":[],"_links":{"self":[{"href":"https:\/\/weprecious.com\/en\/wp-json\/wp\/v2\/product\/20604","targetHints":{"allow":["GET"]}}],"collection":[{"href":"https:\/\/weprecious.com\/en\/wp-json\/wp\/v2\/product"}],"about":[{"href":"https:\/\/weprecious.com\/en\/wp-json\/wp\/v2\/types\/product"}],"version-history":[{"count":0,"href":"https:\/\/weprecious.com\/en\/wp-json\/wp\/v2\/product\/20604\/revisions"}],"wp:featuredmedia":[{"embeddable":true,"href":"https:\/\/weprecious.com\/en\/wp-json\/wp\/v2\/media\/20637"}],"wp:attachment":[{"href":"https:\/\/weprecious.com\/en\/wp-json\/wp\/v2\/media?parent=20604"}],"wp:term":[{"taxonomy":"product_brand","embeddable":true,"href":"https:\/\/weprecious.com\/en\/wp-json\/wp\/v2\/product_brand?post=20604"},{"taxonomy":"product_cat","embeddable":true,"href":"https:\/\/weprecious.com\/en\/wp-json\/wp\/v2\/product_cat?post=20604"},{"taxonomy":"product_tag","embeddable":true,"href":"https:\/\/weprecious.com\/en\/wp-json\/wp\/v2\/product_tag?post=20604"}],"curies":[{"name":"wp","href":"https:\/\/api.w.org\/{rel}","templated":true}]}}