{"id":20504,"date":"2025-09-12T11:01:15","date_gmt":"2025-09-12T09:01:15","guid":{"rendered":"https:\/\/weprecious.com\/?post_type=product&#038;p=20504"},"modified":"2025-11-27T15:09:01","modified_gmt":"2025-11-27T14:09:01","slug":"bague-baby-move-pavee-messika-t52","status":"publish","type":"product","link":"https:\/\/weprecious.com\/en\/boutique\/marques\/messika\/move\/bague-baby-move-pavee-messika-t52\/","title":{"rendered":"Bague Baby Move Pav\u00e9e Messika, T52"},"content":{"rendered":"<h4>Description : Bague Baby Move Pav\u00e9e Messika d&rsquo;occasion, T52<\/h4>\n<p>Bague Baby Move Messika d&rsquo;occasion en or blanc 18 carats (750\/1000). La bague pr\u00e9sente un ovale serti de diamants qui abrite trois diamants en serti clos mobile, retenus par un anneau enti\u00e8rement serti de diamants.<\/p>\n<h4>Status<\/h4>\n<p><a target=\"\" rel=\"\">Category AB: Very Good Condition.<\/a>.<br \/>\nSecond-hand jewellery in very good condition: with a patina, but no particular defects Each piece of jewellery is carefully checked, cleaned by our workshop and repackaged before dispatch.<\/p>\n<h4>Details<\/h4>\n<p>. 750\/1000 (18K) white gold<br \/>\n. Diamond paving<br \/>\n. 3 mobile diamonds<br \/>\n. Taille motif : 22 x 4 mm<br \/>\n. Finger size: 52<br \/>\n. Poids : 4,33 gr<\/p>\n<h4>Packaging and certificates<\/h4>\n<p>. Discreetly signed weprecious box or pouch.<\/p>\n<p>. Certificate of origin from the jewellery brand.<\/p>\n<p>. All our jewellery is delivered to you with a weprecious Certificate of Expertise. This certificate bears a unique number corresponding to the unique certificate issued by our expert partner, Patrimoine Joaillerie. This certificate is digitised and made available to you after purchase.<\/p>\n<p>. Bague Baby Move Pav\u00e9e d&rsquo;occasion, bijou sign\u00e9 et expertis\u00e9 par nos experts.<br \/>\n. En savoir plus sur l&rsquo;expertise <strong>weprecious<\/strong>.<\/p>\n<h4>Jewellery History<\/h4>\n<p>Ligne iconique de la maison Messika, Move met \u00e0 l\u2019honneur un ou plusieurs diamant mobile coulissant, alliant chic et modernit\u00e9. Une collection iconique et innovante qui r\u00e9invente la joaillerie, qui se d\u00e9cline en de nombreuses variations attractives et qui s\u2019adressent \u00e0 toutes les g\u00e9n\u00e9rations.<br \/>\nFind out more about the Jewellery House <a target=\"\" rel=\"\">Messika<\/a>.<\/p>\n<h4>More information<\/h4>\n<p>Bijou de seconde main expertis\u00e9 et authentifi\u00e9 par notre expert partenaire membre de la CNE. Garantie Authenticit\u00e9 : choisissez un bijou d&rsquo;occasion 100% authentique, remis \u00e0 neuf, \u00e0 prix abordable.<br \/>\nBague Baby Move Pav\u00e9e d&rsquo;occasion, bijou sous Garantie Authenticit\u00e9 weprecious.<\/p>","protected":false},"excerpt":{"rendered":"<p>Bague Baby Move Messika de seconde main en or blanc 18 carats (750\/1000) : un anneau avec au sein d\u2019un motif ovale, trois diamants mobiles qui cr\u00e9ent un mouvement original.<\/p>\n<p>A hypnotic design created by Val\u00e9rie Messika, who is inventing the new jewellery: modern, inspiring, light and bold.<\/p>\n<p>Embrace this new jewellery classic by Messika.<\/p>","protected":false},"featured_media":20645,"template":"","meta":{"_acf_changed":false,"_angie_page":false,"_joinchat":[]},"product_brand":[],"product_cat":[23,119,120,348],"product_tag":[468,412,260,477],"class_list":{"0":"post-20504","1":"product","2":"type-product","3":"status-publish","4":"has-post-thumbnail","6":"product_cat-bagues","7":"product_cat-messika","8":"product_cat-move","9":"product_cat-nouveaute","10":"product_tag-catalogue","11":"product_tag-exclusivite","12":"product_tag-fiancailles","13":"product_tag-nouveaute","14":"pa_etat-categorie-ab-tres-bon-etat","15":"pa_marque-messika","16":"pa_metal-or-blanc","17":"pa_pierre-diamant","18":"pa_taille-33","20":"first","21":"outofstock","22":"sold-individually","23":"purchasable","24":"product-type-simple"},"acf":[],"_links":{"self":[{"href":"https:\/\/weprecious.com\/en\/wp-json\/wp\/v2\/product\/20504","targetHints":{"allow":["GET"]}}],"collection":[{"href":"https:\/\/weprecious.com\/en\/wp-json\/wp\/v2\/product"}],"about":[{"href":"https:\/\/weprecious.com\/en\/wp-json\/wp\/v2\/types\/product"}],"version-history":[{"count":0,"href":"https:\/\/weprecious.com\/en\/wp-json\/wp\/v2\/product\/20504\/revisions"}],"wp:featuredmedia":[{"embeddable":true,"href":"https:\/\/weprecious.com\/en\/wp-json\/wp\/v2\/media\/20645"}],"wp:attachment":[{"href":"https:\/\/weprecious.com\/en\/wp-json\/wp\/v2\/media?parent=20504"}],"wp:term":[{"taxonomy":"product_brand","embeddable":true,"href":"https:\/\/weprecious.com\/en\/wp-json\/wp\/v2\/product_brand?post=20504"},{"taxonomy":"product_cat","embeddable":true,"href":"https:\/\/weprecious.com\/en\/wp-json\/wp\/v2\/product_cat?post=20504"},{"taxonomy":"product_tag","embeddable":true,"href":"https:\/\/weprecious.com\/en\/wp-json\/wp\/v2\/product_tag?post=20504"}],"curies":[{"name":"wp","href":"https:\/\/api.w.org\/{rel}","templated":true}]}}