{"id":20503,"date":"2025-09-12T11:01:15","date_gmt":"2025-09-12T09:01:15","guid":{"rendered":"https:\/\/weprecious.com\/?post_type=product&#038;p=20503"},"modified":"2026-01-01T09:27:45","modified_gmt":"2026-01-01T08:27:45","slug":"puces-doreilles-premiers-liens-chaumet","status":"publish","type":"product","link":"https:\/\/weprecious.com\/en\/boutique\/marques\/chaumet\/liens\/puces-doreilles-premiers-liens-chaumet\/","title":{"rendered":"Puces d&rsquo;Oreilles Premiers Liens Chaumet"},"content":{"rendered":"<h4>Description : Puces d&rsquo;Oreilles Premiers Liens Chaumet d&rsquo;occasion<\/h4>\n<p>Puces d&rsquo;Oreilles Premiers Liens Chaumet d&rsquo;occasion en or blanc 750\/1000 (18K). Chaque puce d&rsquo;oreilles pr\u00e9sente un motif fait de deux liens entrecrois\u00e9s, sertis de 10 diamants taille brillant. Taille motif : 9 x 7 mm. Bijou Chaumet sign\u00e9.<\/p>\n<h4>Status<\/h4>\n<p><a target=\"\" rel=\"\">Category A Renovated: Excellent condition.<\/a>.<br \/>\nJewellery polished or renovated by our workshop for a perfect finish and sparkle. Each piece of jewellery is carefully checked, cleaned by our workshop and repackaged before shipping.<\/p>\n<h4>Details<\/h4>\n<p>. 750\/1000 (18K) white gold<br \/>\n. 10 diamants sur chaque puce<br \/>\n. Taille motif : 9 x 7 mm<br \/>\n. Weight : nc<\/p>\n<h4>Packaging and certificates<\/h4>\n<p>. Certificate of origin from the jewellery brand.<\/p>\n<p>. All our jewellery is delivered to you with a weprecious Certificate of Expertise. This certificate bears a unique number corresponding to the unique certificate issued by our expert partner, Patrimoine Joaillerie. This certificate is digitised and made available to you after purchase.<\/p>\n<p>. Puces d&rsquo;Oreilles Premiers Liens Chaumet d&rsquo;occasion, bijou sign\u00e9 et expertis\u00e9 par nos experts.<\/p>\n<p>. Find out more about <a target=\"\" rel=\"\">expertise <strong>weprecious<\/strong><\/a>.<\/p>\n<h4>Jewellery History<\/h4>\n<p>Pr\u00e9sent dans les cr\u00e9ations historiques de la Maison, ce motif graphique de Liens inspire \u00e0 Chaumet d\u00e8s 1977 une r\u00e9interpr\u00e9tation contemporaine du bijou de sentiment. Collection iconique, contemporaine et intemporelle, \u00ab\u00a0\u00a0\u00bbLiens\u00a0\u00bb\u00a0\u00bb symbolise un fil qui unit ceux qui s\u2019aiment et rapproche leur destin\u00e9e.<br \/>\nPassion, amour ou amiti\u00e9, \u00e0 chaque sentiment son bijou lien.<br \/>\nFind out more about the Jewellery House <a target=\"\" rel=\"\">Chaumet<\/a>.<\/p>\n<h4>More information<\/h4>\n<p>More inspiration on our accounts\u00a0<a target=\"\" rel=\"\">Pinterest<\/a>\u00a0and\u00a0<a target=\"\" rel=\"\">Instagram<\/a><br \/>\nPuces d&rsquo;Oreilles Premiers Liens Chaumet d&rsquo;occasion, bijou sous Garantie Authenticit\u00e9 weprecious.<\/p>","protected":false},"excerpt":{"rendered":"<p>Puces d&rsquo;Oreilles Premiers Liens Chaumet de seconde main en Or Blanc 18 carats (750\/1000), orn\u00e9es de diamants. Un design raffin\u00e9 o\u00f9 chaque puce d\u2019oreille incarne l\u2019\u00e9l\u00e9gance intemporelle de la collection Liens, sublim\u00e9e par l\u2019\u00e9clat des pierres pr\u00e9cieuses.<\/p>\n<p>A historic collection from Chaumet featuring contemporary pieces symbolising the feelings that unite two people.<\/p>\n<p>Un peu, beaucoup, passionn\u00e9ment : le lien qui vous unit m\u00e9rite bien son bijou.<\/p>","protected":false},"featured_media":20506,"template":"","meta":{"_acf_changed":false,"_angie_page":false,"_joinchat":[]},"product_brand":[],"product_cat":[26,204,559,348],"product_tag":[468,412,441,477,133],"class_list":{"0":"post-20503","1":"product","2":"type-product","3":"status-publish","4":"has-post-thumbnail","6":"product_cat-boucles-doreilles","7":"product_cat-chaumet","8":"product_cat-liens","9":"product_cat-nouveaute","10":"product_tag-catalogue","11":"product_tag-exclusivite","12":"product_tag-selection-2025","13":"product_tag-nouveaute","14":"product_tag-puces-doreilles","15":"pa_etat-categorie-a-renove-excellent-etat","16":"pa_marque-chaumet","17":"pa_metal-or-blanc","18":"pa_pierre-diamant","20":"first","21":"outofstock","22":"sold-individually","23":"purchasable","24":"product-type-simple"},"acf":[],"_links":{"self":[{"href":"https:\/\/weprecious.com\/en\/wp-json\/wp\/v2\/product\/20503","targetHints":{"allow":["GET"]}}],"collection":[{"href":"https:\/\/weprecious.com\/en\/wp-json\/wp\/v2\/product"}],"about":[{"href":"https:\/\/weprecious.com\/en\/wp-json\/wp\/v2\/types\/product"}],"version-history":[{"count":0,"href":"https:\/\/weprecious.com\/en\/wp-json\/wp\/v2\/product\/20503\/revisions"}],"wp:featuredmedia":[{"embeddable":true,"href":"https:\/\/weprecious.com\/en\/wp-json\/wp\/v2\/media\/20506"}],"wp:attachment":[{"href":"https:\/\/weprecious.com\/en\/wp-json\/wp\/v2\/media?parent=20503"}],"wp:term":[{"taxonomy":"product_brand","embeddable":true,"href":"https:\/\/weprecious.com\/en\/wp-json\/wp\/v2\/product_brand?post=20503"},{"taxonomy":"product_cat","embeddable":true,"href":"https:\/\/weprecious.com\/en\/wp-json\/wp\/v2\/product_cat?post=20503"},{"taxonomy":"product_tag","embeddable":true,"href":"https:\/\/weprecious.com\/en\/wp-json\/wp\/v2\/product_tag?post=20503"}],"curies":[{"name":"wp","href":"https:\/\/api.w.org\/{rel}","templated":true}]}}