{"id":20410,"date":"2025-08-14T13:18:39","date_gmt":"2025-08-14T11:18:39","guid":{"rendered":"https:\/\/weprecious.com\/?post_type=product&#038;p=20410"},"modified":"2026-03-28T12:34:18","modified_gmt":"2026-03-28T11:34:18","slug":"bague-la-strada-chopard-t54","status":"publish","type":"product","link":"https:\/\/weprecious.com\/en\/boutique\/marques\/chopard\/la-strada\/bague-la-strada-chopard-t54\/","title":{"rendered":"Bague La Strada Chopard, T54"},"content":{"rendered":"<h4>Description : Bague La Strada Chopard d&rsquo;occasion, T54<\/h4>\n<p>Bague La Strada Chopard d&rsquo;occasion en or jaune 750\/1000 (18K). La bague pr\u00e9sente un design compos\u00e9 de trois anneaux bomb\u00e9s juxtapos\u00e9s, cr\u00e9ant un effet de volume caract\u00e9ristique de la collection La Strada. Tour de doigt : 54. Bijou Chopard sign\u00e9 et num\u00e9rot\u00e9.<\/p>\n<h4>Status<\/h4>\n<p><a href=\"https:\/\/weprecious.com\/en\/buying-guide\/\" target=\"_blank\" rel=\"noopener\">Category A: Excellent condition.<\/a>.<br \/>\nSecond-hand jewellery in excellent condition with no particular defects Each piece of jewellery is carefully checked, cleaned by our workshop and repackaged before dispatch.<\/p>\n<h4>Details<\/h4>\n<p>. 750\/1000 (18K) yellow gold<br \/>\n. 98 diamants taille brillant<br \/>\n. 13 \u00c9meraudes<br \/>\n. Finger size: 54<br \/>\n. Weight : nc<\/p>\n<h4>Packaging and certificates<\/h4>\n<p>. Original jewellery box.<\/p>\n<p>. Certificate of origin from the jewellery brand.<\/p>\n<p>. All our jewellery is delivered to you with a weprecious Certificate of Expertise. This certificate bears a unique number corresponding to the unique certificate issued by our expert partner, Patrimoine Joaillerie. This certificate is digitised and made available to you after purchase.<\/p>\n<p>. Find out more about <a href=\"https:\/\/weprecious.com\/en\/buy-a-jewel\/\" target=\"_blank\" rel=\"noopener\">expertise <strong>weprecious<\/strong><\/a>.<\/p>\n<h4>Jewellery History<\/h4>\n<p>La collection La Strada de Chopard trouve son origine dans l\u2019univers du cin\u00e9ma italien des ann\u00e9es 1950, s\u2019inspirant du film embl\u00e9matique \u00ab La Strada \u00bb r\u00e9alis\u00e9 par Federico Fellini. Imagin\u00e9e par Caroline Scheufele, directrice artistique de la Maison Chopard, ces cr\u00e9ations \u00e9voquent l\u2019\u00e9l\u00e9gance et la f\u00e9minit\u00e9 des actrices du grand \u00e9cran. Les formes architecturales de la collection La Strada rappellent les pav\u00e9s des rues romaines, tandis que ses courbes harmonieuses traduisent la gr\u00e2ce et la force des h\u00e9ro\u00efnes du cin\u00e9ma.<br \/>\nFind out more about the Jewellery House <a href=\"https:\/\/weprecious.com\/en\/second-hand-chopard-jewellery\/\" target=\"_blank\" rel=\"noopener\">Chopard<\/a>.<\/p>\n<h4>More information<\/h4>\n<p>More inspiration on our accounts\u00a0<a href=\"https:\/\/www.pinterest.fr\/weprecious_bijoux\/\" target=\"_blank\" rel=\"noopener nofollow\">Pinterest<\/a>\u00a0and\u00a0<a href=\"https:\/\/www.instagram.com\/weprecious_fr\/\" target=\"_blank\" rel=\"noopener nofollow\">Instagram<\/a><\/p>","protected":false},"excerpt":{"rendered":"<p>Bague La Strada Chopard de seconde main en Or Jaune 18 carats (750\/1000) et diamants. Une bague aux lignes pures sertie de 4 rangs de diamant et d&rsquo;une ligne d&rsquo;\u00e9meraudes en taille brillant.<\/p>\n<p>Un hommage de Chopard au chef d\u2019\u0153uvre cin\u00e9matographique de Federico Fellini.<\/p>\n<p>Portez ce bijou \u00e0 votre doigt, devenez une authentique h\u00e9ro\u00efne du 7\u00e8me art.<\/p>","protected":false},"featured_media":20411,"template":"","meta":{"_acf_changed":false,"_angie_page":false,"_joinchat":[]},"product_brand":[],"product_cat":[23,316,598,348],"product_tag":[155,468,412,441,477],"class_list":{"0":"post-20410","1":"product","2":"type-product","3":"status-publish","4":"has-post-thumbnail","6":"product_cat-bagues","7":"product_cat-chopard","8":"product_cat-la-strada","9":"product_cat-nouveaute","10":"product_tag-bandeau","11":"product_tag-catalogue","12":"product_tag-exclusivite","13":"product_tag-selection-2025","14":"product_tag-nouveaute","15":"pa_etat-categorie-a-excellent-etat","16":"pa_marque-chopard","17":"pa_metal-or-jaune","18":"pa_pierre-diamant","19":"pa_taille-35","21":"first","22":"instock","23":"sold-individually","24":"purchasable","25":"product-type-simple"},"acf":[],"_links":{"self":[{"href":"https:\/\/weprecious.com\/en\/wp-json\/wp\/v2\/product\/20410","targetHints":{"allow":["GET"]}}],"collection":[{"href":"https:\/\/weprecious.com\/en\/wp-json\/wp\/v2\/product"}],"about":[{"href":"https:\/\/weprecious.com\/en\/wp-json\/wp\/v2\/types\/product"}],"version-history":[{"count":0,"href":"https:\/\/weprecious.com\/en\/wp-json\/wp\/v2\/product\/20410\/revisions"}],"wp:featuredmedia":[{"embeddable":true,"href":"https:\/\/weprecious.com\/en\/wp-json\/wp\/v2\/media\/20411"}],"wp:attachment":[{"href":"https:\/\/weprecious.com\/en\/wp-json\/wp\/v2\/media?parent=20410"}],"wp:term":[{"taxonomy":"product_brand","embeddable":true,"href":"https:\/\/weprecious.com\/en\/wp-json\/wp\/v2\/product_brand?post=20410"},{"taxonomy":"product_cat","embeddable":true,"href":"https:\/\/weprecious.com\/en\/wp-json\/wp\/v2\/product_cat?post=20410"},{"taxonomy":"product_tag","embeddable":true,"href":"https:\/\/weprecious.com\/en\/wp-json\/wp\/v2\/product_tag?post=20410"}],"curies":[{"name":"wp","href":"https:\/\/api.w.org\/{rel}","templated":true}]}}