{"id":20325,"date":"2025-07-25T06:56:53","date_gmt":"2025-07-25T04:56:53","guid":{"rendered":"https:\/\/weprecious.com\/?post_type=product&#038;p=20325"},"modified":"2026-03-28T12:34:46","modified_gmt":"2026-03-28T11:34:46","slug":"chevaliere-tiffany-co-t58","status":"publish","type":"product","link":"https:\/\/weprecious.com\/en\/boutique\/marques\/tiffany-co\/chevaliere\/chevaliere-tiffany-co-t58\/","title":{"rendered":"Chevali\u00e8re Tiffany &amp; Co Tiffany &amp; Co, T58"},"content":{"rendered":"<h4>Description : Chevali\u00e8re Tiffany &amp; Co d&rsquo;occasion, T58<\/h4>\n<p>Chevali\u00e8re Tiffany &amp; Co d&rsquo;occasion en or 750\/1000 et argent 925. La bague pr\u00e9sente un plateau rectangulaire lisse, aux lignes \u00e9pur\u00e9es, avec des bords l\u00e9g\u00e8rement arrondis. Le corps de la bague est massif et uniforme, sans ornements suppl\u00e9mentaires. Tour de doigt : 58. Bijou Tiffany &amp; Co sign\u00e9.<\/p>\n<h4>Status<\/h4>\n<p><a href=\"https:\/\/weprecious.com\/en\/buying-guide\/\" target=\"_blank\" rel=\"noopener\">Category A Renovated: Excellent condition.<\/a>.<br \/>\nJewellery polished or renovated by our workshop for a perfect finish and sparkle. Each piece of jewellery is carefully checked, cleaned by our workshop and repackaged before shipping.<\/p>\n<h4>Details<\/h4>\n<p>. Or Jaune 750\/1000. Argent 925.<br \/>\n. Finger size: 58<br \/>\n. Poids : 11,35 gr<\/p>\n<h4>Packaging and certificates<\/h4>\n<p>. Original jewellery case.<\/p>\n<p>. Original jewellery box.<\/p>\n<p>. All our jewellery is delivered to you with a weprecious Certificate of Expertise. This certificate bears a unique number corresponding to the unique certificate issued by our expert partner, Patrimoine Joaillerie. This certificate is digitised and made available to you after purchase.<\/p>\n<p>. Find out more about <a href=\"https:\/\/weprecious.com\/en\/buy-a-jewel\/\" target=\"_blank\" rel=\"noopener\">expertise <strong>weprecious<\/strong><\/a>.<\/p>\n<h4>Jewellery History<\/h4>\n<p>Cr\u00e9\u00e9e par la c\u00e9l\u00e8bre maison new-yorkaise fond\u00e9e en 1837 par Charles Lewis Tiffany, la collection de chevali\u00e8res Tiffany &amp; Co incarne l\u2019\u00e9l\u00e9gance intemporelle et l\u2019innovation du design joaillier au fil des d\u00e9cennies. Tant\u00f4t grav\u00e9e du fameux Return to Tiffany, d&rsquo;un blason ultra classique, tant\u00f4t lisse et pr\u00eate \u00e0 \u00eatre grav\u00e9e, cette bague embl\u00e9matique de la maison est un v\u00e9ritable hommage \u00e0 l\u2019h\u00e9ritage de Tiffany &amp; Co et s&rsquo;adresse \u00e0 ceux qui souhaitent affirmer leur style avec distinction.<br \/>\nFind out more about the Jewellery House <a href=\"https:\/\/weprecious.com\/en\/bijoux-tiffany-co-occasion\/\" target=\"_blank\" rel=\"noopener\">Tiffany &amp; Co<\/a>.<\/p>\n<h4>More information<\/h4>\n<p>More inspiration on our accounts\u00a0<a href=\"https:\/\/www.pinterest.fr\/weprecious_bijoux\/\" target=\"_blank\" rel=\"noopener nofollow\">Pinterest<\/a>\u00a0and\u00a0<a href=\"https:\/\/www.instagram.com\/weprecious_fr\/\" target=\"_blank\" rel=\"noopener nofollow\">Instagram<\/a><\/p>","protected":false},"excerpt":{"rendered":"<p>Chevali\u00e8re Tiffany de Tiffany &amp; Co de seconde main en or jaune 18 carats (750\/1000) et en argent.<\/p>\n<p>Le duo or argent et la forme rectangulaire de cette chevali\u00e8re la rend r\u00e9solument moderne et unisex.<\/p>\n<p>Tellement classique qu&rsquo;elle en deviendra votre fashion must-have.<\/p>","protected":false},"featured_media":20313,"template":"","meta":{"_acf_changed":false,"_angie_page":false,"_joinchat":[]},"product_brand":[],"product_cat":[23,590,348,126],"product_tag":[468,591,412,639,477,531],"class_list":{"0":"post-20325","1":"product","2":"type-product","3":"status-publish","4":"has-post-thumbnail","6":"product_cat-bagues","7":"product_cat-chevaliere","8":"product_cat-nouveaute","9":"product_cat-tiffany-co","10":"product_tag-catalogue","11":"product_tag-chevaliere","12":"product_tag-exclusivite","13":"product_tag-expedition-48h","14":"product_tag-nouveaute","15":"product_tag-unisex","16":"pa_etat-categorie-a-renove-excellent-etat","17":"pa_marque-tiffanyco","18":"pa_metal-argent","19":"pa_metal-or-jaune","20":"pa_pierre-aucune","21":"pa_taille-39","23":"first","24":"instock","25":"sold-individually","26":"purchasable","27":"product-type-simple"},"acf":[],"_links":{"self":[{"href":"https:\/\/weprecious.com\/en\/wp-json\/wp\/v2\/product\/20325","targetHints":{"allow":["GET"]}}],"collection":[{"href":"https:\/\/weprecious.com\/en\/wp-json\/wp\/v2\/product"}],"about":[{"href":"https:\/\/weprecious.com\/en\/wp-json\/wp\/v2\/types\/product"}],"version-history":[{"count":0,"href":"https:\/\/weprecious.com\/en\/wp-json\/wp\/v2\/product\/20325\/revisions"}],"wp:featuredmedia":[{"embeddable":true,"href":"https:\/\/weprecious.com\/en\/wp-json\/wp\/v2\/media\/20313"}],"wp:attachment":[{"href":"https:\/\/weprecious.com\/en\/wp-json\/wp\/v2\/media?parent=20325"}],"wp:term":[{"taxonomy":"product_brand","embeddable":true,"href":"https:\/\/weprecious.com\/en\/wp-json\/wp\/v2\/product_brand?post=20325"},{"taxonomy":"product_cat","embeddable":true,"href":"https:\/\/weprecious.com\/en\/wp-json\/wp\/v2\/product_cat?post=20325"},{"taxonomy":"product_tag","embeddable":true,"href":"https:\/\/weprecious.com\/en\/wp-json\/wp\/v2\/product_tag?post=20325"}],"curies":[{"name":"wp","href":"https:\/\/api.w.org\/{rel}","templated":true}]}}