{"id":20323,"date":"2025-07-25T08:51:51","date_gmt":"2025-07-25T06:51:51","guid":{"rendered":"https:\/\/weprecious.com\/?post_type=product&#038;p=20323"},"modified":"2026-03-28T12:34:36","modified_gmt":"2026-03-28T11:34:36","slug":"puces-doreilles-chance-of-love-mauboussin-2","status":"publish","type":"product","link":"https:\/\/weprecious.com\/en\/boutique\/marques\/mauboussin\/chance-of-love\/puces-doreilles-chance-of-love-mauboussin-2\/","title":{"rendered":"Puces d&rsquo;oreilles Chance of Love Mauboussin"},"content":{"rendered":"<h4>Description : Puces d&rsquo;oreilles Chance of Love Mauboussin d&rsquo;occasion<\/h4>\n<p>Boucles d&rsquo;oreilles Chance of Love Mauboussin d&rsquo;occasion en or blanc 750\/1000 (18K). Les boucles d&rsquo;oreilles pr\u00e9sentent un motif en forme de tr\u00e8fle pav\u00e9 diamant et ajour\u00e9, orn\u00e9 en son centre d\u2019un diamant taille brillant serti clos. Le design met en valeur la sym\u00e9trie du tr\u00e8fle et la brillance de la pierre centrale. Taille motif : 8 x 8 mm. Bijou Mauboussin sign\u00e9.<\/p>\n<h4>Status<\/h4>\n<p><a href=\"https:\/\/weprecious.com\/en\/buying-guide\/\" target=\"_blank\" rel=\"noopener\">Category AB: Very Good Condition.<\/a>.<br \/>\nSecond-hand jewellery in very good condition: with a patina, but no particular defects Each piece of jewellery is carefully checked, cleaned by our workshop and repackaged before dispatch.<\/p>\n<h4>Details<\/h4>\n<p>. 750\/1000 (18K) white gold<br \/>\n. Motif en forme de tr\u00e8fle form\u00e9e d&rsquo;une pierre centrale entour\u00e9e de diamants pour chaque puce.<br \/>\n. Taille motif : 8 x 8 mm<br \/>\n. Poids : 2,00 gr<\/p>\n<h4>Packaging and certificates<\/h4>\n<p>. Original jewellery box.<\/p>\n<p>. Certificate of origin from the jewellery brand.<\/p>\n<p>. All our jewellery is delivered to you with a weprecious Certificate of Expertise. This certificate bears a unique number corresponding to the unique certificate issued by our expert partner, Patrimoine Joaillerie. This certificate is digitised and made available to you after purchase.<\/p>\n<p>. Find out more about <a href=\"https:\/\/weprecious.com\/en\/buy-a-jewel\/\" target=\"_blank\" rel=\"noopener\">expertise <strong>weprecious<\/strong><\/a>.<\/p>\n<h4>Jewellery History<\/h4>\n<p>Mauboussin is a prestigious French jewellery house founded in Paris in 1827. Mauboussin's reputation extends beyond France, and today the company is renowned for its exceptional craftsmanship and timelessly elegant creations. Mauboussin creations often carry profound meanings, intended to celebrate love and commitment between two people, luck or other important values. Chance of Love is an iconic collection recognisable by its clover symbol of good fortune.<br \/>\nFind out more about the Jewellery House <a href=\"https:\/\/weprecious.com\/en\/second-hand-mauboussin-jewellery\/\" target=\"_blank\" rel=\"noopener\">Mauboussin<\/a>.<\/p>\n<h4>More information<\/h4>\n<p>More inspiration on our accounts\u00a0<a href=\"https:\/\/www.pinterest.fr\/weprecious_bijoux\/\" target=\"_blank\" rel=\"noopener nofollow\">Pinterest<\/a>\u00a0and\u00a0<a href=\"https:\/\/www.instagram.com\/weprecious_fr\/\" target=\"_blank\" rel=\"noopener nofollow\">Instagram<\/a><\/p>","protected":false},"excerpt":{"rendered":"<p>Boucles d&rsquo;oreilles Chance of Love Mauboussin de seconde main en or blanc 18 carats (750\/1000). Chaque puce est faite d&rsquo;un diamant central entour\u00e9 de petits diamants pour former un tr\u00e8fle.<\/p>\n<p>Motif iconique de la maison, Chance of Love est une ode \u00e0 l&rsquo;amour \u00e9ternel avec son design po\u00e9tique et symbolique.<\/p>\n<p>C\u00e9l\u00e9brez votre amour avec ces puces d&rsquo;oreilles iconiques et leurs adorables tr\u00e8fles. A assortir \u00e0 la bague Chance of Love.<\/p>","protected":false},"featured_media":20336,"template":"","meta":{"_acf_changed":false,"_angie_page":false,"_joinchat":[]},"product_brand":[],"product_cat":[26,404,113,348],"product_tag":[468,412,639,477,592],"class_list":{"0":"post-20323","1":"product","2":"type-product","3":"status-publish","4":"has-post-thumbnail","6":"product_cat-boucles-doreilles","7":"product_cat-chance-of-love","8":"product_cat-mauboussin","9":"product_cat-nouveaute","10":"product_tag-catalogue","11":"product_tag-exclusivite","12":"product_tag-expedition-48h","13":"product_tag-nouveaute","14":"product_tag-puces-doreilles-2","15":"pa_etat-categorie-ab-tres-bon-etat","16":"pa_marque-mauboussin","17":"pa_metal-or-blanc","18":"pa_pierre-diamant","20":"first","21":"instock","22":"sold-individually","23":"purchasable","24":"product-type-simple"},"acf":[],"_links":{"self":[{"href":"https:\/\/weprecious.com\/en\/wp-json\/wp\/v2\/product\/20323","targetHints":{"allow":["GET"]}}],"collection":[{"href":"https:\/\/weprecious.com\/en\/wp-json\/wp\/v2\/product"}],"about":[{"href":"https:\/\/weprecious.com\/en\/wp-json\/wp\/v2\/types\/product"}],"version-history":[{"count":0,"href":"https:\/\/weprecious.com\/en\/wp-json\/wp\/v2\/product\/20323\/revisions"}],"wp:featuredmedia":[{"embeddable":true,"href":"https:\/\/weprecious.com\/en\/wp-json\/wp\/v2\/media\/20336"}],"wp:attachment":[{"href":"https:\/\/weprecious.com\/en\/wp-json\/wp\/v2\/media?parent=20323"}],"wp:term":[{"taxonomy":"product_brand","embeddable":true,"href":"https:\/\/weprecious.com\/en\/wp-json\/wp\/v2\/product_brand?post=20323"},{"taxonomy":"product_cat","embeddable":true,"href":"https:\/\/weprecious.com\/en\/wp-json\/wp\/v2\/product_cat?post=20323"},{"taxonomy":"product_tag","embeddable":true,"href":"https:\/\/weprecious.com\/en\/wp-json\/wp\/v2\/product_tag?post=20323"}],"curies":[{"name":"wp","href":"https:\/\/api.w.org\/{rel}","templated":true}]}}