{"id":19494,"date":"2025-06-20T09:45:20","date_gmt":"2025-06-20T07:45:20","guid":{"rendered":"https:\/\/weprecious.com\/?post_type=product&#038;p=19494"},"modified":"2026-03-28T12:34:18","modified_gmt":"2026-03-28T11:34:18","slug":"bracelet-impression-gm-dinh-van","status":"publish","type":"product","link":"https:\/\/weprecious.com\/en\/boutique\/marques\/dinh-van\/impression\/bracelet-impression-gm-dinh-van\/","title":{"rendered":"Impression GM Dinh Van bracelet"},"content":{"rendered":"<h4>Description : Second hand Impression GM Dinh Van bracelet <\/h4>\n<p>Bracelet Impression GM Dinh Van d&rsquo;occasion en or jaune 750\/1000 (18K). Ce bracelet pr\u00e9sente un motif carr\u00e9 distinctif mont\u00e9 sur un cordon, caract\u00e9ristique de la collection Impression. Taille motif : 15 x 15 mm. Bijou Dinh Van sign\u00e9.<\/p>\n<h4>Status<\/h4>\n<p><a href=\"https:\/\/weprecious.com\/en\/buying-guide\/\" target=\"_blank\" rel=\"noopener\">Never worn: as new.<\/a>.<br \/>Flawless jewellery. Each piece of jewellery is carefully checked, cleaned by our workshop and repackaged before dispatch. <\/p>\n<h4>Details<\/h4>\n<p>. 750\/1000 (18K) yellow gold<br \/>. Design size: 15 x 15 mm<br \/>\n. Cordon r\u00e9glable bleu marine en nylon<br \/>. Poids : 2,24 gr<\/p>\n<h4>Packaging and certificates<\/h4>\n<p>. Original jewellery box.<\/p>\n<p>. Certificate of origin from the jewellery brand.<\/p>\n<p>. All our jewellery is delivered to you with a weprecious Certificate of Expertise. This certificate bears a unique number corresponding to the unique certificate issued by our expert partner, Patrimoine Joaillerie. This certificate is digitised and made available to you after purchase.<\/p>\n<p>. Find out more about <a href=\"https:\/\/weprecious.com\/en\/buy-a-jewel\/\" target=\"_blank\" rel=\"noopener\">expertise <strong>weprecious<\/strong><\/a>.<\/p>\n<h4>Jewellery History<\/h4>\n<p>Paris, 1965. Jean Dinh Van opened her workshop with a single ambition: to invent essential jewellery that was less solemn and more personal. Her jewellery plays with solids and voids, circles and squares. These are universal symbols that create an intimate bond with the wearer. The collections that have made the brand so successful are faithful to this philosophy: Cible, Pi Chinois, Maillon, Seventies and Menottes Dinh Van.<br \/>Find out more about the Jewellery House <a href=\"https:\/\/weprecious.com\/en\/used-dinh-van-jewellery\/\" target=\"_blank\" rel=\"noopener\">Dinh Van<\/a>.<\/p>\n<h4>More information<\/h4>\n<p>More inspiration on our accounts\u00a0<a href=\"https:\/\/www.pinterest.fr\/weprecious_bijoux\/\" target=\"_blank\" rel=\"noopener nofollow\">Pinterest<\/a>\u00a0and\u00a0<a href=\"https:\/\/www.instagram.com\/weprecious_fr\/\" target=\"_blank\" rel=\"noopener nofollow\">Instagram<\/a><\/p>","protected":false},"excerpt":{"rendered":"<p>Bracelet Impression GM Dinh Van de seconde main en Or Jaune 18 carats (750\/1000). Un motif de carr\u00e9 dont l&rsquo;ouverture est arrondie, mont\u00e9 sur un cordon en nylon.<\/p>\n<p>A Dinh Van classic, the stylised square, for a resolutely unisex look.<\/p>\n<p>Simplicity is the ultimate sophistication, Leonardo da Vinci.<\/p>","protected":false},"featured_media":19639,"template":"","meta":{"_acf_changed":false,"_angie_page":false,"_joinchat":[]},"product_brand":[],"product_cat":[25,123,543,348],"product_tag":[544,468,412,639,441,477,531],"class_list":{"0":"post-19494","1":"product","2":"type-product","3":"status-publish","4":"has-post-thumbnail","6":"product_cat-bracelets","7":"product_cat-dinh-van","8":"product_cat-impression","9":"product_cat-nouveaute","10":"product_tag-bracelet-cordon","11":"product_tag-catalogue","12":"product_tag-exclusivite","13":"product_tag-expedition-48h","14":"product_tag-selection-2025","15":"product_tag-nouveaute","16":"product_tag-unisex","17":"pa_etat-jamais-porte-etat-neuf","18":"pa_marque-dinh-van","19":"pa_metal-or-jaune","20":"pa_pierre-aucune","21":"pa_taille-gm","23":"first","24":"instock","25":"sold-individually","26":"purchasable","27":"product-type-simple"},"acf":[],"_links":{"self":[{"href":"https:\/\/weprecious.com\/en\/wp-json\/wp\/v2\/product\/19494","targetHints":{"allow":["GET"]}}],"collection":[{"href":"https:\/\/weprecious.com\/en\/wp-json\/wp\/v2\/product"}],"about":[{"href":"https:\/\/weprecious.com\/en\/wp-json\/wp\/v2\/types\/product"}],"version-history":[{"count":0,"href":"https:\/\/weprecious.com\/en\/wp-json\/wp\/v2\/product\/19494\/revisions"}],"wp:featuredmedia":[{"embeddable":true,"href":"https:\/\/weprecious.com\/en\/wp-json\/wp\/v2\/media\/19639"}],"wp:attachment":[{"href":"https:\/\/weprecious.com\/en\/wp-json\/wp\/v2\/media?parent=19494"}],"wp:term":[{"taxonomy":"product_brand","embeddable":true,"href":"https:\/\/weprecious.com\/en\/wp-json\/wp\/v2\/product_brand?post=19494"},{"taxonomy":"product_cat","embeddable":true,"href":"https:\/\/weprecious.com\/en\/wp-json\/wp\/v2\/product_cat?post=19494"},{"taxonomy":"product_tag","embeddable":true,"href":"https:\/\/weprecious.com\/en\/wp-json\/wp\/v2\/product_tag?post=19494"}],"curies":[{"name":"wp","href":"https:\/\/api.w.org\/{rel}","templated":true}]}}