{"id":17604,"date":"2025-05-15T18:54:20","date_gmt":"2025-05-15T16:54:20","guid":{"rendered":"https:\/\/weprecious.com\/?post_type=product&#038;p=17604"},"modified":"2026-01-05T17:27:53","modified_gmt":"2026-01-05T16:27:53","slug":"trinity-mm-cartier-bracelet-3","status":"publish","type":"product","link":"https:\/\/weprecious.com\/en\/boutique\/marques\/cartier\/trinity\/bracelet-trinity-mm-cartier-3\/","title":{"rendered":"Trinity MM Cartier bracelet"},"content":{"rendered":"<h4>Description : Used Trinity MM Cartier bracelet<\/h4>\n<p>Bracelet Trinity MM Cartier d&rsquo;occasion en Or Jaune, Or Rose et Or Blanc 750\/1000 (18K). 3 anneaux entrelac\u00e9s, chacun en largeur 4,5 mm. Mod\u00e8le Classic.<\/p>\n<p>Diam\u00e8tre int\u00e9rieur 61 mm, convenant \u00e0 une taille 16.<br \/>\nPlease note that this Trinity Cartier bracelet is available in several widths.<\/p>\n<h4>Status<\/h4>\n<p><a href=\"https:\/\/weprecious.com\/en\/buying-guide\/\" target=\"_blank\" rel=\"noopener\">Category A Renovated: Excellent condition.<\/a>.<br \/>\nJewellery polished or renovated by our workshop for a perfect finish and sparkle. Each piece of jewellery is carefully checked, cleaned by our workshop and repackaged before shipping.<\/p>\n<h4>Details<\/h4>\n<p>. 750\/1000 (18K) white gold<br \/>\n. 750\/1000 (18K) pink gold<br \/>\n. 750\/1000 (18K) yellow gold<br \/>\n. Largeur anneau : environ 4,5 mm<br \/>\n. Tour de poignet : convient \u00e0 un 16 cm (diam\u00e8tre : environ 61 mm)<br \/>\n. Poids : 57,54 gr<\/p>\n<h4>Packaging and certificates<\/h4>\n<p>. Original jewellery box.<\/p>\n<p>. All our jewellery is delivered to you with a weprecious Certificate of Expertise. This certificate bears a unique number corresponding to the unique certificate issued by our expert partner, Patrimoine Joaillerie. This certificate is digitised and made available to you after purchase.<\/p>\n<p>. Find out more about <a href=\"https:\/\/weprecious.com\/en\/buy-a-jewel\/\" target=\"_blank\" rel=\"noopener\">expertise <strong>weprecious<\/strong><\/a>.<\/p>\n<h4>Jewellery History<\/h4>\n<p>Created by Louis Cartier in 1924, the Trinity quickly became an icon. Its three rings each symbolise a sentiment: love for pink gold, loyalty for yellow gold, and friendship for white gold. An unprecedented combination in jewellery, it was soon available as a bracelet. Jean Cocteau has adopted it, wearing two rings superimposed on the left little finger, as have Lady Diana, Grace Kelly and Gary Cooper.<br \/>\nFind out more about the Jewellery House <a href=\"https:\/\/weprecious.com\/en\/used-cartier-jewellery\/\" target=\"_blank\" rel=\"noopener\">Cartier<\/a>.<\/p>\n<h4>More information<\/h4>\n<p>More inspiration on our accounts\u00a0<a href=\"https:\/\/www.pinterest.fr\/weprecious_bijoux\/\" target=\"_blank\" rel=\"noopener nofollow\">Pinterest<\/a>\u00a0and\u00a0<a href=\"https:\/\/www.instagram.com\/weprecious_fr\/\" target=\"_blank\" rel=\"noopener nofollow\">Instagram<\/a><\/p>","protected":false},"excerpt":{"rendered":"<p>Trinity de Cartier Medium model bracelet, with 3 intertwined rings in 18-carat (750\/1000) Yellow Gold, Rose Gold and White Gold.<\/p>\n<p>3 anneaux simples qui, ensemble, cr\u00e9ent une forme singuli\u00e8re imm\u00e9diatement reconnaissable, embl\u00e9matique de la Maison, et qui symbolisent la fid\u00e9lit\u00e9, l\u2019amour et l\u2019amiti\u00e9.<\/p>\n<p>Passez cette signature Cartier et affirmez votre style.<\/p>","protected":false},"featured_media":21840,"template":"","meta":{"_acf_changed":false,"_angie_page":false,"_joinchat":[]},"product_brand":[],"product_cat":[25,76,348,89],"product_tag":[554,468,412,639,441,477],"class_list":{"0":"post-17604","1":"product","2":"type-product","3":"status-publish","4":"has-post-thumbnail","6":"product_cat-bracelets","7":"product_cat-cartier","8":"product_cat-nouveaute","9":"product_cat-trinity","10":"product_tag-bracelet-jonc","11":"product_tag-catalogue","12":"product_tag-exclusivite","13":"product_tag-expedition-48h","14":"product_tag-selection-2025","15":"product_tag-nouveaute","16":"pa_boite-boite-dorigine","17":"pa_certificat-certificat-dauthenticite-weprecious","18":"pa_etat-categorie-a-renove-excellent-etat","19":"pa_marque-cartier","20":"pa_metal-3-ors","21":"pa_pierre-aucune","22":"pa_taille-177","24":"first","25":"outofstock","26":"sold-individually","27":"purchasable","28":"product-type-simple"},"acf":[],"_links":{"self":[{"href":"https:\/\/weprecious.com\/en\/wp-json\/wp\/v2\/product\/17604","targetHints":{"allow":["GET"]}}],"collection":[{"href":"https:\/\/weprecious.com\/en\/wp-json\/wp\/v2\/product"}],"about":[{"href":"https:\/\/weprecious.com\/en\/wp-json\/wp\/v2\/types\/product"}],"version-history":[{"count":0,"href":"https:\/\/weprecious.com\/en\/wp-json\/wp\/v2\/product\/17604\/revisions"}],"wp:featuredmedia":[{"embeddable":true,"href":"https:\/\/weprecious.com\/en\/wp-json\/wp\/v2\/media\/21840"}],"wp:attachment":[{"href":"https:\/\/weprecious.com\/en\/wp-json\/wp\/v2\/media?parent=17604"}],"wp:term":[{"taxonomy":"product_brand","embeddable":true,"href":"https:\/\/weprecious.com\/en\/wp-json\/wp\/v2\/product_brand?post=17604"},{"taxonomy":"product_cat","embeddable":true,"href":"https:\/\/weprecious.com\/en\/wp-json\/wp\/v2\/product_cat?post=17604"},{"taxonomy":"product_tag","embeddable":true,"href":"https:\/\/weprecious.com\/en\/wp-json\/wp\/v2\/product_tag?post=17604"}],"curies":[{"name":"wp","href":"https:\/\/api.w.org\/{rel}","templated":true}]}}