{"id":16944,"date":"2025-04-30T11:53:31","date_gmt":"2025-04-30T09:53:31","guid":{"rendered":"https:\/\/weprecious.com\/?post_type=product&#038;p=16944"},"modified":"2025-12-16T18:11:31","modified_gmt":"2025-12-16T17:11:31","slug":"vintage-alhambra-20-motif-crystal-necklace-van-cleef-arpels","status":"publish","type":"product","link":"https:\/\/weprecious.com\/en\/boutique\/marques\/van-cleef-arpels\/alhambra-van-cleef-arpels\/sautoir-vintage-alhambra-cristal-20-motifs-van-cleef-arpels\/","title":{"rendered":"Sautoir Vintage Alhambra Cristal 20 Motifs Van Cleef &amp; Arpels"},"content":{"rendered":"<h4>Description : Sautoir Vintage Alhambra Cristal 20 Motifs Van Cleef &amp; Arpels d&rsquo;occasion <\/h4>\n<p>Long necklace Van Cleef and Arpels Vintage Alhambra : <strong>limited edition<\/strong> rare en seconde main, en or jaune 750\/1000 et cristal de roche sur cha\u00eene maille for\u00e7at de 85 cm, avec \u00e0 \u00e9gale distance 20 motifs en forme de fleur ou tr\u00e8fle \u00e0 quatre feuilles orn\u00e9s de cristal de roche dans un serti perl\u00e9. Fermoir mousqueton grav\u00e9. Marquages Van Cleef &amp; Arpels et num\u00e9ro de s\u00e9rie sur la fleur.<br \/>\nA very rare model, for jewellery collectors and lovers of Vintage jewellery.<\/p>\n<h4>Status<\/h4>\n<p><a href=\"https:\/\/weprecious.com\/en\/buying-guide\/\" target=\"_blank\" rel=\"noopener\">Never worn: as new with no signs of use<\/a>.<br \/>New condition: never worn. Each piece of jewellery is carefully checked, cleaned by our workshop and repackaged before dispatch. <\/p>\n<h4>Details<\/h4>\n<p>. 750\/1000 (18K) yellow gold<br \/>. 20 rock crystal flowers<br \/>. Chain length: 85 cm<br \/>. Pattern size: 15 mm<br \/>. Weight : nc<\/p>\n<h4>Packaging and certificates<\/h4>\n<p>. Original jewellery box.<br \/>. Certificate of origin from the jewellery brand.<br \/>\n. All our jewellery is delivered to you with a weprecious Certificate of Expertise. This certificate bears a unique number corresponding to the unique certificate issued by our expert partner, Patrimoine Joaillerie. This certificate is digitised and made available to you after purchase.<\/p>\n<p>. Find out more about <a href=\"https:\/\/weprecious.com\/en\/buy-a-jewel\/\" target=\"_blank\" rel=\"noopener\">expertise <strong>weprecious<\/strong><\/a>.<\/p>\n<h4>Jewellery History<\/h4>\n<p>La premi\u00e8re cr\u00e9ation Alhambra n\u00e9e en 1968 inspire la collection Vintage Alhambra de Van Cleef &amp; Arpels : \u00e9l\u00e9gante, ind\u00e9modable, avec le tr\u00e8fle \u00e0 quatre feuilles symbole de chance. Elle est aujourd&rsquo;hui d\u00e9clin\u00e9e dans diff\u00e9rentes tailles et couleurs. Le sautoir Vintage Alhambra avec 20 motif reste la piece la plus recherch\u00e9e de Van Cleef &amp; Arpels, qui plus est cette s\u00e9rie limit\u00e9e en cristal de roche translucide qui lui conf\u00e8re un aspect unique.<br \/>Find out more about the Jewellery House <a href=\"https:\/\/weprecious.com\/en\/second-hand-van-cleef-arpels-jewellery\/\" target=\"_blank\" rel=\"noopener\">Van Cleef &amp; Arpels<\/a>.<\/p>\n<h4>More information<\/h4>\n<p>More inspiration on our accounts\u00a0<a href=\"https:\/\/www.pinterest.fr\/weprecious_bijoux\/\" target=\"_blank\" rel=\"noopener nofollow\">Pinterest<\/a>\u00a0and\u00a0<a href=\"https:\/\/www.instagram.com\/weprecious_fr\/\" target=\"_blank\" rel=\"noopener nofollow\">Instagram<\/a><\/p>","protected":false},"excerpt":{"rendered":"<p>Sautoir Vintage Alhambra Van Cleef &amp; Arpels de seconde main en or jaune 18 carats (750\/1000) et cristal de roche transparent. Issu d&rsquo;une s\u00e9rie limit\u00e9e rare en seconde main ce collier long pr\u00e9sente 20 motifs fleurs en forme de tr\u00e8fle, en cristal de roche translucide, orn\u00e9s d\u2019un d\u00e9licat contour de perles d\u2019or.<\/p>\n<p>Can be worn double or single-breasted. The pattern size (15mm) is the classic Alhambra Vintage size.<\/p>\n<p>A unique and magnificent piece, in an ultra-rare limited series. An exclusive version of the icon of icons.<\/p>","protected":false},"featured_media":16963,"template":"","meta":{"_acf_changed":false,"_angie_page":false,"_joinchat":[]},"product_brand":[],"product_cat":[400,24,348,80],"product_tag":[468,412,477,499],"class_list":{"0":"post-16944","1":"product","2":"type-product","3":"status-publish","4":"has-post-thumbnail","6":"product_cat-alhambra-van-cleef-arpels","7":"product_cat-colliers-pendentifs","8":"product_cat-nouveaute","9":"product_cat-van-cleef-arpels","10":"product_tag-catalogue","11":"product_tag-exclusivite","12":"product_tag-nouveaute","13":"product_tag-pepite","14":"pa_etat-jamais-porte-etat-neuf","15":"pa_marque-van-cleef-arpels","16":"pa_metal-or-jaune","17":"pa_pierre-cristal-de-roche","18":"pa_taille-86-cm","20":"first","21":"outofstock","22":"sold-individually","23":"purchasable","24":"product-type-simple"},"acf":[],"_links":{"self":[{"href":"https:\/\/weprecious.com\/en\/wp-json\/wp\/v2\/product\/16944","targetHints":{"allow":["GET"]}}],"collection":[{"href":"https:\/\/weprecious.com\/en\/wp-json\/wp\/v2\/product"}],"about":[{"href":"https:\/\/weprecious.com\/en\/wp-json\/wp\/v2\/types\/product"}],"version-history":[{"count":0,"href":"https:\/\/weprecious.com\/en\/wp-json\/wp\/v2\/product\/16944\/revisions"}],"wp:featuredmedia":[{"embeddable":true,"href":"https:\/\/weprecious.com\/en\/wp-json\/wp\/v2\/media\/16963"}],"wp:attachment":[{"href":"https:\/\/weprecious.com\/en\/wp-json\/wp\/v2\/media?parent=16944"}],"wp:term":[{"taxonomy":"product_brand","embeddable":true,"href":"https:\/\/weprecious.com\/en\/wp-json\/wp\/v2\/product_brand?post=16944"},{"taxonomy":"product_cat","embeddable":true,"href":"https:\/\/weprecious.com\/en\/wp-json\/wp\/v2\/product_cat?post=16944"},{"taxonomy":"product_tag","embeddable":true,"href":"https:\/\/weprecious.com\/en\/wp-json\/wp\/v2\/product_tag?post=16944"}],"curies":[{"name":"wp","href":"https:\/\/api.w.org\/{rel}","templated":true}]}}