{"id":16046,"date":"2025-06-05T11:15:58","date_gmt":"2025-06-05T09:15:58","guid":{"rendered":"https:\/\/weprecious.com\/?post_type=product&#038;p=16046"},"modified":"2026-01-05T09:31:43","modified_gmt":"2026-01-05T08:31:43","slug":"bracelet-love-pm-cartier","status":"publish","type":"product","link":"https:\/\/weprecious.com\/en\/boutique\/marques\/cartier\/love\/bracelet-love-pm-cartier\/","title":{"rendered":"Love PM Cartier bracelet"},"content":{"rendered":"<h4>Description : Used Love PM Cartier bracelet <\/h4>\n<p>Bracelet Love Cartier Petit Mod\u00e8le d&rsquo;occasion en or blanc 750\/1000 (18K). Un jonc ovale, compos\u00e9 de deux arcs rigides attach\u00e9s par une vis avec motif de pas de vis espac\u00e9s. Le syst\u00e8me de fermeture est constitu\u00e9 d&rsquo;une vis fonctionnelle situ\u00e9e d&rsquo;une part du bracelet, tandis qu&rsquo;une charni\u00e8re situ\u00e9e de l&rsquo;autre part permet d&rsquo;ouvrir et fermer le bracelet avec le tournevis. Largeur du jonc : 3,65 mm.<br \/>\nSign\u00e9, num\u00e9rot\u00e9. Accompagn\u00e9 de son tournevis, de son certificat d\u2019authenticit\u00e9 de la Maison Cartier, de son \u00e9crin, de sa contrebo\u00eete et du sac de la Maison Cartier.<br \/>\nSizing advice: Choose a size 1 cm larger than the circumference of your wrist for a snug fit or 2 cm for a wider fit.<\/p>\n<h4>Status<\/h4>\n<p><a href=\"https:\/\/weprecious.com\/en\/buying-guide\/\" target=\"_blank\" rel=\"noopener\">Category A: Excellent condition.<\/a>.<br \/>Second-hand jewellery in excellent condition with no particular defects Each piece of jewellery is carefully checked, cleaned by our workshop and repackaged before dispatch. <\/p>\n<h4>Details<\/h4>\n<p>. 750\/1000 (18K) white gold<br \/>. Wrist size: 16 (corresponds to a diameter of approximately 16 mm)<br \/>\n. Snap ring width: 3.65 mm<br \/>. Poids : 19,20 gr<\/p>\n<h4>Packaging and certificates<\/h4>\n<p>. Original jewellery box.<\/p>\n<p>. Certificate of origin from the jewellery brand.<\/p>\n<p>. All our jewellery is delivered to you with a weprecious Certificate of Expertise. This certificate bears a unique number corresponding to the unique certificate issued by our expert partner, Patrimoine Joaillerie. This certificate is digitised and made available to you after purchase.<\/p>\n<p>. Find out more about <a href=\"https:\/\/weprecious.com\/en\/buy-a-jewel\/\" target=\"_blank\" rel=\"noopener\">expertise <strong>weprecious<\/strong><\/a>.<\/p>\n<h4>Jewellery History<\/h4>\n<p><strong>Le Bracelet Love de Cartier <strong> est une pi\u00e8ce embl\u00e9matique de la maison de joaillerie fran\u00e7aise, cr\u00e9\u00e9e en 1969 par le designer Aldo Cipullo. Inspir\u00e9 par l&rsquo;id\u00e9e de l&rsquo;amour \u00e9ternel, ce bracelet se distingue par son design \u00e9pur\u00e9 et ses motifs en forme de vis, symbolisant l&rsquo;engagement et la fid\u00e9lit\u00e9. Con\u00e7u pour \u00eatre port\u00e9 en permanence, il n\u00e9cessite un tournevis sp\u00e9cial pour \u00eatre ouvert et ferm\u00e9, renfor\u00e7ant ainsi son concept de lien ind\u00e9fectible. La version Love petit mod\u00e8le est plus fine et poss\u00e8de une charni\u00e8re sur l&rsquo;un des 2 c\u00f4t\u00e9s permettant d&rsquo;enlever le bijou seul, en utilisant le tournevis de l&rsquo;autre c\u00f4t\u00e9.<br \/>\nToday, the pre-owned Love Cartier bracelet is rare and sought-after, because it is a sure bet for elegant jewellery.<br \/>\nSizing advice: Choose a size 1 cm larger than the circumference of your wrist for a snug fit or 2 cm for a wider fit.<br \/>Find out more about the Jewellery House <a href=\"https:\/\/weprecious.com\/en\/used-cartier-jewellery\/\" target=\"_blank\" rel=\"noopener\">Cartier<\/a>.<\/p>\n<h4>More information<\/h4>\n<p>More inspiration on our accounts\u00a0<a href=\"https:\/\/www.pinterest.fr\/weprecious_bijoux\/\" target=\"_blank\" rel=\"noopener nofollow\">Pinterest<\/a>\u00a0and\u00a0<a href=\"https:\/\/www.instagram.com\/weprecious_fr\/\" target=\"_blank\" rel=\"noopener nofollow\">Instagram<\/a><\/p>","protected":false},"excerpt":{"rendered":"<p>Bracelet Love PM Cartier de seconde main en or blanc 18 carats (750\/1000). Le bracelet scellant l&rsquo;amour, o\u00f9 le tournevis est gard\u00e9 par le partenaire afin de l\u2019ouvrir ou le fermer. Vendu avec son tournevis. <\/p>\n<p>Created in New York in 1969, the Love bracelet is an icon of jewellery design: a rigid oval bracelet with a distinctive screw-thread pattern, worn close to the wrist and removed with a screwdriver. This PM version, which is thinner than the original, has a hinge on one side, making it easier to remove with one hand. <\/p>\n<p>A bracelet that only someone you love can put on your wrist.<\/p>","protected":false},"featured_media":19053,"template":"","meta":{"_acf_changed":false,"_angie_page":false,"_joinchat":[]},"product_brand":[],"product_cat":[25,76,87,348],"product_tag":[468,551,639,206,477,499,531],"class_list":{"0":"post-16046","1":"product","2":"type-product","3":"status-publish","4":"has-post-thumbnail","6":"product_cat-bracelets","7":"product_cat-cartier","8":"product_cat-love","9":"product_cat-nouveaute","10":"product_tag-catalogue","11":"product_tag-engagement","12":"product_tag-expedition-48h","13":"product_tag-jonc","14":"product_tag-nouveaute","15":"product_tag-pepite","16":"product_tag-unisex","17":"pa_etat-categorie-a-excellent-etat","18":"pa_marque-cartier","19":"pa_metal-or-blanc","20":"pa_pierre-aucune","21":"pa_taille-177","23":"first","24":"outofstock","25":"sold-individually","26":"purchasable","27":"product-type-simple"},"acf":[],"_links":{"self":[{"href":"https:\/\/weprecious.com\/en\/wp-json\/wp\/v2\/product\/16046","targetHints":{"allow":["GET"]}}],"collection":[{"href":"https:\/\/weprecious.com\/en\/wp-json\/wp\/v2\/product"}],"about":[{"href":"https:\/\/weprecious.com\/en\/wp-json\/wp\/v2\/types\/product"}],"version-history":[{"count":0,"href":"https:\/\/weprecious.com\/en\/wp-json\/wp\/v2\/product\/16046\/revisions"}],"wp:featuredmedia":[{"embeddable":true,"href":"https:\/\/weprecious.com\/en\/wp-json\/wp\/v2\/media\/19053"}],"wp:attachment":[{"href":"https:\/\/weprecious.com\/en\/wp-json\/wp\/v2\/media?parent=16046"}],"wp:term":[{"taxonomy":"product_brand","embeddable":true,"href":"https:\/\/weprecious.com\/en\/wp-json\/wp\/v2\/product_brand?post=16046"},{"taxonomy":"product_cat","embeddable":true,"href":"https:\/\/weprecious.com\/en\/wp-json\/wp\/v2\/product_cat?post=16046"},{"taxonomy":"product_tag","embeddable":true,"href":"https:\/\/weprecious.com\/en\/wp-json\/wp\/v2\/product_tag?post=16046"}],"curies":[{"name":"wp","href":"https:\/\/api.w.org\/{rel}","templated":true}]}}