{"id":15888,"date":"2025-03-27T17:55:43","date_gmt":"2025-03-27T16:55:43","guid":{"rendered":"https:\/\/weprecious.com\/boutique\/non%20class\u00e9\/croix-en-platine-et-diamant-tiffany-co\/"},"modified":"2026-03-28T12:34:53","modified_gmt":"2026-03-28T11:34:53","slug":"platinum-and-diamond-cross-tiffany-co","status":"publish","type":"product","link":"https:\/\/weprecious.com\/en\/boutique\/marques\/tiffany-co\/croix\/croix-en-platine-et-diamant-tiffany-co\/","title":{"rendered":"Croix en Platine et Diamant Tiffany &amp; Co"},"content":{"rendered":"<h4>Description : Croix en Platine et Diamant Tiffany &amp; Co d&rsquo;occasion <\/h4>\n<p>Croix en Platine et Diamant Tiffany &amp; Co d&rsquo;occasion en Platine 950\/1000. La croix pr\u00e9sente un design classique avec des diamants sertis sur toute sa surface, formant un motif lumineux et raffin\u00e9. Les diamants sont dispos\u00e9s de mani\u00e8re sym\u00e9trique, accentuant la forme \u00e9l\u00e9gante de la croix. Bijou Tiffany &amp; Co sign\u00e9 et authentifi\u00e9.<\/p>\n<h4>Status<\/h4>\n<p><a href=\"https:\/\/weprecious.com\/en\/buying-guide\/\" target=\"_blank\" rel=\"noopener\">Second Hand Renovated: Excellent condition with little or no visible signs of use<\/a>.<br \/>Excellent condition: this jewel has been polished and renovated by our workshop for a perfect finish and incredible sparkle. <\/p>\n<h4>Details<\/h4>\n<p>. Platinum 950\/1000<br \/>. 11 brilliant-cut diamonds set in a cross<br \/>. Design size: approx. 23 mm x 16 mm<br \/>. Weight : <\/p>\n<h4>Packaging and certificates<\/h4>\n<p>. Discreetly signed weprecious box or pouch.<br \/>. Certificate drawn up by our expert partner.<br \/>\n. All our jewellery is delivered to you with a weprecious Certificate of Expertise. This certificate bears a unique number corresponding to the unique certificate issued by our expert partner, Patrimoine Joaillerie. This certificate is digitised and made available to you after purchase.<\/p>\n<p>. Find out more about <a href=\"https:\/\/weprecious.com\/en\/buy-a-jewel\/\" target=\"_blank\" rel=\"noopener\">expertise <strong>weprecious<\/strong><\/a>.<\/p>\n<h4>Jewellery History<\/h4>\n<p>Founded in New York in 1837 by Charles Lewis Tiffany and John B. Young, Tiffany &amp; Co. quickly established itself as a benchmark in jewellery. Initially specialising in stationery and luxury items, the company set itself apart by introducing standards of excellence, notably with its famous Tiffany diamond and its famous blue box. A pioneer in the use of platinum and modern gem-setting, Tiffany has been the embodiment of elegance and innovation in jewellery for almost two centuries.<br \/>Find out more about the Jewellery House <a href=\"https:\/\/weprecious.com\/en\/bijoux-tiffany-co-occasion\/\" target=\"_blank\" rel=\"noopener\">Tiffany &amp; Co<\/a>.<\/p>\n<h4>More information<\/h4>\n<p>More inspiration on our accounts\u00a0<a href=\"https:\/\/www.pinterest.fr\/weprecious_bijoux\/\" target=\"_blank\" rel=\"noopener nofollow\">Pinterest<\/a>\u00a0and\u00a0<a href=\"https:\/\/www.instagram.com\/weprecious_fr\/\" target=\"_blank\" rel=\"noopener nofollow\">Instagram<\/a><\/p>","protected":false},"excerpt":{"rendered":"<p>Cross in platinum and second-hand Tiffany &amp; Co diamond in 950\/1000 platinum. The simplicity of sparkling diamonds set in the shape of a cross.<\/p>\n<p>The simplicity of a design highlighting pure diamonds. Embrace the timeless chic of Tiffany.<\/p>\n<p>Embrace the timeless chic of Tiffany.<\/p>","protected":false},"featured_media":15876,"template":"","meta":{"_acf_changed":false,"_angie_page":false,"_joinchat":[]},"product_brand":[],"product_cat":[24,503,348,126],"product_tag":[468,412,477,531],"class_list":{"0":"post-15888","1":"product","2":"type-product","3":"status-publish","4":"has-post-thumbnail","6":"product_cat-colliers-pendentifs","7":"product_cat-croix","8":"product_cat-nouveaute","9":"product_cat-tiffany-co","10":"product_tag-catalogue","11":"product_tag-exclusivite","12":"product_tag-nouveaute","13":"product_tag-unisex","14":"pa_etat-categorie-a-renove-excellent-etat","15":"pa_marque-tiffanyco","16":"pa_metal-platine","17":"pa_pierre-diamant","19":"first","20":"instock","21":"sold-individually","22":"purchasable","23":"product-type-simple"},"acf":[],"_links":{"self":[{"href":"https:\/\/weprecious.com\/en\/wp-json\/wp\/v2\/product\/15888","targetHints":{"allow":["GET"]}}],"collection":[{"href":"https:\/\/weprecious.com\/en\/wp-json\/wp\/v2\/product"}],"about":[{"href":"https:\/\/weprecious.com\/en\/wp-json\/wp\/v2\/types\/product"}],"version-history":[{"count":0,"href":"https:\/\/weprecious.com\/en\/wp-json\/wp\/v2\/product\/15888\/revisions"}],"wp:featuredmedia":[{"embeddable":true,"href":"https:\/\/weprecious.com\/en\/wp-json\/wp\/v2\/media\/15876"}],"wp:attachment":[{"href":"https:\/\/weprecious.com\/en\/wp-json\/wp\/v2\/media?parent=15888"}],"wp:term":[{"taxonomy":"product_brand","embeddable":true,"href":"https:\/\/weprecious.com\/en\/wp-json\/wp\/v2\/product_brand?post=15888"},{"taxonomy":"product_cat","embeddable":true,"href":"https:\/\/weprecious.com\/en\/wp-json\/wp\/v2\/product_cat?post=15888"},{"taxonomy":"product_tag","embeddable":true,"href":"https:\/\/weprecious.com\/en\/wp-json\/wp\/v2\/product_tag?post=15888"}],"curies":[{"name":"wp","href":"https:\/\/api.w.org\/{rel}","templated":true}]}}